{"id":92,"date":"2016-11-28T17:42:43","date_gmt":"2016-11-28T17:42:43","guid":{"rendered":"http:\/\/iesbenjamin.educacion.navarra.es\/blogs\/orientacion\/?page_id=92"},"modified":"2022-11-29T12:58:11","modified_gmt":"2022-11-29T12:58:11","slug":"parametros-de-ponderacion","status":"publish","type":"page","link":"https:\/\/iesbenjamin.educacion.navarra.es\/blogs\/orientacion\/universidad\/parametros-de-ponderacion\/","title":{"rendered":"Par\u00e1metros de ponderaci\u00f3n ( actualizados noviembre de 22)"},"content":{"rendered":"<p>En el siguiente enlace pod\u00e9is encontrar los par\u00e1metros de ponderaci\u00f3n actualizados de todas las Universidades<\/p>\n<p><a href=\"https:\/\/www.elorienta.com\/materiales\/Ponderacion\/Andalucia.pdf\" target=\"_blank\" rel=\"noopener\"><span style=\"color: #000044;\"><span style=\"font-family: Verdana, Geneva, sans-serif;\"><span style=\"font-size: small;\">Andalucia.pdf<\/span><\/span><\/span><\/a><\/p>\n<p><a href=\"https:\/\/www.elorienta.com\/materiales\/Ponderacion\/Andalucia1.pdf\" target=\"_blank\" rel=\"noopener\"><span style=\"color: #000044;\"><span style=\"font-family: Verdana, Geneva, sans-serif;\"><span style=\"font-size: small;\">Andalucia1.pdf<\/span><\/span><\/span><\/a><\/p>\n<p><a href=\"https:\/\/www.elorienta.com\/materiales\/Ponderacion\/Burgos.pdf\" target=\"_blank\" rel=\"noopener\"><span style=\"color: #000044;\"><span style=\"font-family: Verdana, Geneva, sans-serif;\"><span style=\"font-size: small;\">Burgos.pdf<\/span><\/span><\/span><\/a><\/p>\n<p><a href=\"https:\/\/www.elorienta.com\/materiales\/Ponderacion\/Cantabria.pdf\" target=\"_blank\" rel=\"noopener\"><span style=\"color: #000044;\"><span style=\"font-family: Verdana, Geneva, sans-serif;\"><span style=\"font-size: small;\">Cantabria.pdf<\/span><\/span><\/span><\/a><\/p>\n<p><a href=\"https:\/\/www.elorienta.com\/materiales\/Ponderacion\/Cartagena.pdf\" target=\"_blank\" rel=\"noopener\"><span style=\"color: #000044;\"><span style=\"font-family: Verdana, Geneva, sans-serif;\"><span style=\"font-size: small;\">Cartagena.pdf<\/span><\/span><\/span><\/a><\/p>\n<p><a href=\"https:\/\/www.elorienta.com\/materiales\/Ponderacion\/CastillaLeon.pdf\" target=\"_blank\" rel=\"noopener\"><span style=\"color: #000044;\"><span style=\"font-family: Verdana, Geneva, sans-serif;\"><span style=\"font-size: small;\">CastillaLeon.pdf<\/span><\/span><\/span><\/a><\/p>\n<p><a href=\"https:\/\/www.elorienta.com\/materiales\/Ponderacion\/CastillaMancha.pdf\" target=\"_blank\" rel=\"noopener\"><span style=\"color: #000044;\"><span style=\"font-family: Verdana, Geneva, sans-serif;\"><span style=\"font-size: small;\">CastillaMancha.pdf<\/span><\/span><\/span><\/a><\/p>\n<p><a href=\"https:\/\/www.elorienta.com\/materiales\/Ponderacion\/Catalunya.pdf\" target=\"_blank\" rel=\"noopener\"><span style=\"color: #000044;\"><span style=\"font-family: Verdana, Geneva, sans-serif;\"><span style=\"font-size: small;\">Catalunya.pdf<\/span><\/span><\/span><\/a><\/p>\n<p><a href=\"https:\/\/www.elorienta.com\/materiales\/Ponderacion\/Extremadura.pdf\" target=\"_blank\" rel=\"noopener\"><span style=\"color: #000044;\"><span style=\"font-family: Verdana, Geneva, sans-serif;\"><span style=\"font-size: small;\">Extremadura.pdf<\/span><\/span><\/span><\/a><\/p>\n<p><a href=\"https:\/\/www.elorienta.com\/materiales\/Ponderacion\/Galicia.pdf\" target=\"_blank\" rel=\"noopener\"><span style=\"color: #000044;\"><span style=\"font-family: Verdana, Geneva, sans-serif;\"><span style=\"font-size: small;\">Galicia.pdf<\/span><\/span><\/span><\/a><\/p>\n<p><a href=\"https:\/\/www.elorienta.com\/materiales\/Ponderacion\/LaLaguna.pdf\" target=\"_blank\" rel=\"noopener\"><span style=\"color: #000044;\"><span style=\"font-family: Verdana, Geneva, sans-serif;\"><span style=\"font-size: small;\">LaLaguna.pdf<\/span><\/span><\/span><\/a><\/p>\n<p><a href=\"https:\/\/www.elorienta.com\/materiales\/Ponderacion\/LaRioja.pdf\" target=\"_blank\" rel=\"noopener\"><span style=\"color: #000044;\"><span style=\"font-family: Verdana, Geneva, sans-serif;\"><span style=\"font-size: small;\">LaRioja.pdf<\/span><\/span><\/span><\/a><\/p>\n<p><a href=\"https:\/\/www.elorienta.com\/materiales\/Ponderacion\/LasPalmas.pdf\" target=\"_blank\" rel=\"noopener\"><span style=\"color: #000044;\"><span style=\"font-family: Verdana, Geneva, sans-serif;\"><span style=\"font-size: small;\">LasPalmas.pdf<\/span><\/span><\/span><\/a><\/p>\n<p><a href=\"https:\/\/www.elorienta.com\/materiales\/Ponderacion\/Leon.pdf\" target=\"_blank\" rel=\"noopener\"><span style=\"color: #000044;\"><span style=\"font-family: Verdana, Geneva, sans-serif;\"><span style=\"font-size: small;\">Leon.pdf<\/span><\/span><\/span><\/a><\/p>\n<p><a href=\"https:\/\/www.elorienta.com\/materiales\/Ponderacion\/Madrid.pdf\" target=\"_blank\" rel=\"noopener\"><span style=\"color: #000044;\"><span style=\"font-family: Verdana, Geneva, sans-serif;\"><span style=\"font-size: small;\">Madrid.pdf<\/span><\/span><\/span><\/a><\/p>\n<p><a href=\"https:\/\/www.elorienta.com\/materiales\/Ponderacion\/Murcia.pdf\" target=\"_blank\" rel=\"noopener\"><span style=\"color: #000044;\"><span style=\"font-family: Verdana, Geneva, sans-serif;\"><span style=\"font-size: small;\">Murcia.pdf<\/span><\/span><\/span><\/a><\/p>\n<p><a href=\"https:\/\/www.elorienta.com\/materiales\/Ponderacion\/Navarra.pdf\" target=\"_blank\" rel=\"noopener\"><span style=\"color: #000044;\"><span style=\"font-family: Verdana, Geneva, sans-serif;\"><span style=\"font-size: small;\">Navarra.pdf<\/span><\/span><\/span><\/a><\/p>\n<p><a href=\"https:\/\/www.elorienta.com\/materiales\/Ponderacion\/Oviedo.pdf\" target=\"_blank\" rel=\"noopener\"><span style=\"color: #000044;\"><span style=\"font-family: Verdana, Geneva, sans-serif;\"><span style=\"font-size: small;\">Oviedo.pdf<\/span><\/span><\/span><\/a><\/p>\n<p><a href=\"https:\/\/www.elorienta.com\/materiales\/Ponderacion\/PaisVasco.pdf\" target=\"_blank\" rel=\"noopener\"><span style=\"color: #000044;\"><span style=\"font-family: Verdana, Geneva, sans-serif;\"><span style=\"font-size: small;\">PaisVasco.pdf<\/span><\/span><\/span><\/a><\/p>\n<p><a href=\"https:\/\/www.elorienta.com\/materiales\/Ponderacion\/Salamanca.pdf\" target=\"_blank\" rel=\"noopener\"><span style=\"color: #000044;\"><span style=\"font-family: Verdana, Geneva, sans-serif;\"><span style=\"font-size: small;\">Salamanca.pdf<\/span><\/span><\/span><\/a><\/p>\n<p><a href=\"https:\/\/www.elorienta.com\/materiales\/Ponderacion\/Valencia.pdf\" target=\"_blank\" rel=\"noopener\"><span style=\"color: #000044;\"><span style=\"font-family: Verdana, Geneva, sans-serif;\"><span style=\"font-size: small;\">Valencia.pdf<\/span><\/span><\/span><\/a><\/p>\n<p><a href=\"https:\/\/www.elorienta.com\/materiales\/Ponderacion\/Valladolid.pdf\" target=\"_blank\" rel=\"noopener\"><span style=\"color: #000044;\"><span style=\"font-family: Verdana, Geneva, sans-serif;\"><span style=\"font-size: small;\">Valladolid.pdf<\/span><\/span><\/span><\/a><\/p>\n<p><a href=\"https:\/\/www.elorienta.com\/materiales\/Ponderacion\/Zaragoza.pdf\" target=\"_blank\" rel=\"noopener\"><span style=\"color: #000044;\"><span style=\"font-family: Verdana, Geneva, sans-serif;\"><span style=\"font-size: small;\">Zaragoza.pdf<\/span><\/span><\/span><\/a><\/p>\n<p><a href=\"https:\/\/www.elorienta.com\/materiales\/Ponderacion\/illesBalears.pdf\" target=\"_blank\" rel=\"noopener\"><span style=\"color: #000044;\"><span style=\"font-family: Verdana, Geneva, sans-serif;\"><span style=\"font-size: small;\">illesBalears.pdf<\/span><\/span><\/span><\/a><\/p>\n","protected":false},"excerpt":{"rendered":"<p>En el siguiente enlace pod\u00e9is encontrar los par\u00e1metros de ponderaci\u00f3n actualizados de todas las Universidades Andalucia.pdf Andalucia1.pdf Burgos.pdf Cantabria.pdf Cartagena.pdf CastillaLeon.pdf CastillaMancha.pdf Catalunya.pdf Extremadura.pdf Galicia.pdf LaLaguna.pdf LaRioja.pdf LasPalmas.pdf Leon.pdf Madrid.pdf Murcia.pdf Navarra.pdf Oviedo.pdf PaisVasco.pdf Salamanca.pdf Valencia.pdf Valladolid.pdf Zaragoza.pdf illesBalears.pdf<\/p>\n","protected":false},"author":84,"featured_media":0,"parent":62,"menu_order":0,"comment_status":"closed","ping_status":"closed","template":"","meta":[],"_links":{"self":[{"href":"https:\/\/iesbenjamin.educacion.navarra.es\/blogs\/orientacion\/wp-json\/wp\/v2\/pages\/92"}],"collection":[{"href":"https:\/\/iesbenjamin.educacion.navarra.es\/blogs\/orientacion\/wp-json\/wp\/v2\/pages"}],"about":[{"href":"https:\/\/iesbenjamin.educacion.navarra.es\/blogs\/orientacion\/wp-json\/wp\/v2\/types\/page"}],"author":[{"embeddable":true,"href":"https:\/\/iesbenjamin.educacion.navarra.es\/blogs\/orientacion\/wp-json\/wp\/v2\/users\/84"}],"replies":[{"embeddable":true,"href":"https:\/\/iesbenjamin.educacion.navarra.es\/blogs\/orientacion\/wp-json\/wp\/v2\/comments?post=92"}],"version-history":[{"count":8,"href":"https:\/\/iesbenjamin.educacion.navarra.es\/blogs\/orientacion\/wp-json\/wp\/v2\/pages\/92\/revisions"}],"predecessor-version":[{"id":1100,"href":"https:\/\/iesbenjamin.educacion.navarra.es\/blogs\/orientacion\/wp-json\/wp\/v2\/pages\/92\/revisions\/1100"}],"up":[{"embeddable":true,"href":"https:\/\/iesbenjamin.educacion.navarra.es\/blogs\/orientacion\/wp-json\/wp\/v2\/pages\/62"}],"wp:attachment":[{"href":"https:\/\/iesbenjamin.educacion.navarra.es\/blogs\/orientacion\/wp-json\/wp\/v2\/media?parent=92"}],"curies":[{"name":"wp","href":"https:\/\/api.w.org\/{rel}","templated":true}]}}