{"id":78,"date":"2016-11-28T17:16:38","date_gmt":"2016-11-28T17:16:38","guid":{"rendered":"http:\/\/iesbenjamin.educacion.navarra.es\/blogs\/orientacion\/?page_id=78"},"modified":"2019-01-29T10:45:04","modified_gmt":"2019-01-29T10:45:04","slug":"cuestionarios-de-orientacion-2","status":"publish","type":"page","link":"https:\/\/iesbenjamin.educacion.navarra.es\/blogs\/orientacion\/orientacion-de-estudios\/cuestionarios-de-orientacion-2\/","title":{"rendered":"Cuestionarios de Orientaci\u00f3n"},"content":{"rendered":"<p>Aqu\u00ed encontrar\u00e1s un conjunto de v\u00ednculos a p\u00e1ginas web, que te permitir\u00e1n valorar tus capacidades y aptitudes, permitiendo con ello conocerte mejor y estar en mejores condiciones a la hora de elegir tu futuro acad\u00e9mico-profesional. Ten en cuenta que los resultados son orientativos\u2026 \u00a1\u00c1nimo! y disfruta con las pruebas.<\/p>\n<p><a href=\"http:\/\/www.orientaline.es\/?yafxb=41860\" target=\"_blank\" rel=\"noopener\">ORIENTALINE<\/a><\/p>\n<p>Un programa muy \u00fatil, de consulta sobre los estudios universitarios, Ciclos Formativos y Cuestionarios de Orientaci\u00f3n. Es una herramienta \u00a0adquirida por el Departamento de Orientaci\u00f3n.<\/p>\n<p>\u00a0<\/p>\n<p><a href=\"http:\/\/testorientate.blogspot.com\/p\/elexion-30.html\" target=\"_blank\" rel=\"noopener\">TEST ELEXION<\/a><\/p>\n<p>Un test de Orientaci\u00f3n acad\u00e9mica muy completo y que trabajaremos en tutor\u00eda<\/p>\n<p>\u00a0<\/p>\n<p><a href=\"http:\/\/www.eligeprofesion.org\/pro_002.asp?ipag=12\">ELIGE SIN RESTRICCI\u00d3N DE G\u00c9NERO<\/a><\/p>\n<p>Una p\u00e1gina de la Comunidad de Murcia para elegir profesiones sin restricci\u00f3n de g\u00e9nero. No hay estudios de chicos ni de chicas, hay estudios para las personas, no te limites<\/p>\n<p><a href=\"http:\/\/www.educaweb.com\/orientacion\/intereses-profesionales\/\">GRAN RECORRIDO<\/a><\/p>\n<p>Un cuestionario muy interesante<\/p>\n\n\n<p><\/p>\n","protected":false},"excerpt":{"rendered":"<p>Aqu\u00ed encontrar\u00e1s un conjunto de v\u00ednculos a p\u00e1ginas web, que te permitir\u00e1n valorar tus capacidades y aptitudes, permitiendo con ello conocerte mejor y estar en mejores condiciones a la hora de elegir tu futuro acad\u00e9mico-profesional. Ten en cuenta que los &hellip; <a href=\"https:\/\/iesbenjamin.educacion.navarra.es\/blogs\/orientacion\/orientacion-de-estudios\/cuestionarios-de-orientacion-2\/\">Sigue leyendo <span class=\"meta-nav\">&rarr;<\/span><\/a><\/p>\n","protected":false},"author":84,"featured_media":0,"parent":54,"menu_order":0,"comment_status":"closed","ping_status":"closed","template":"","meta":[],"_links":{"self":[{"href":"https:\/\/iesbenjamin.educacion.navarra.es\/blogs\/orientacion\/wp-json\/wp\/v2\/pages\/78"}],"collection":[{"href":"https:\/\/iesbenjamin.educacion.navarra.es\/blogs\/orientacion\/wp-json\/wp\/v2\/pages"}],"about":[{"href":"https:\/\/iesbenjamin.educacion.navarra.es\/blogs\/orientacion\/wp-json\/wp\/v2\/types\/page"}],"author":[{"embeddable":true,"href":"https:\/\/iesbenjamin.educacion.navarra.es\/blogs\/orientacion\/wp-json\/wp\/v2\/users\/84"}],"replies":[{"embeddable":true,"href":"https:\/\/iesbenjamin.educacion.navarra.es\/blogs\/orientacion\/wp-json\/wp\/v2\/comments?post=78"}],"version-history":[{"count":11,"href":"https:\/\/iesbenjamin.educacion.navarra.es\/blogs\/orientacion\/wp-json\/wp\/v2\/pages\/78\/revisions"}],"predecessor-version":[{"id":786,"href":"https:\/\/iesbenjamin.educacion.navarra.es\/blogs\/orientacion\/wp-json\/wp\/v2\/pages\/78\/revisions\/786"}],"up":[{"embeddable":true,"href":"https:\/\/iesbenjamin.educacion.navarra.es\/blogs\/orientacion\/wp-json\/wp\/v2\/pages\/54"}],"wp:attachment":[{"href":"https:\/\/iesbenjamin.educacion.navarra.es\/blogs\/orientacion\/wp-json\/wp\/v2\/media?parent=78"}],"curies":[{"name":"wp","href":"https:\/\/api.w.org\/{rel}","templated":true}]}}