{"id":62,"date":"2016-11-28T13:50:08","date_gmt":"2016-11-28T13:50:08","guid":{"rendered":"http:\/\/iesbenjamin.educacion.navarra.es\/blogs\/orientacion\/?page_id=62"},"modified":"2016-12-05T18:09:52","modified_gmt":"2016-12-05T18:09:52","slug":"universidad","status":"publish","type":"page","link":"https:\/\/iesbenjamin.educacion.navarra.es\/blogs\/orientacion\/universidad\/","title":{"rendered":"Universidad"},"content":{"rendered":"<p>&nbsp;<\/p>\n<p>RECURSOS<\/p>\n<p><a href=\"https:\/\/www.educacion.gob.es\/notasdecorte\/compBdDo\" target=\"_blank\">\u00bfQu\u00e9 estudiar y d\u00f3nde en la Universidad?<\/a><\/p>\n<p>Una herramienta para conocer la inserci\u00f3n laboral de los Estudios Universitarios \u00a0seg\u00fan Universidades. Esta herramienta est\u00e1 basada en las informaciones oficiales de las Universidades y la ofrece el MEC<\/p>\n","protected":false},"excerpt":{"rendered":"<p>&nbsp; RECURSOS \u00bfQu\u00e9 estudiar y d\u00f3nde en la Universidad? Una herramienta para conocer la inserci\u00f3n laboral de los Estudios Universitarios \u00a0seg\u00fan Universidades. Esta herramienta est\u00e1 basada en las informaciones oficiales de las Universidades y la ofrece el MEC<\/p>\n","protected":false},"author":84,"featured_media":0,"parent":0,"menu_order":0,"comment_status":"closed","ping_status":"closed","template":"","meta":[],"_links":{"self":[{"href":"https:\/\/iesbenjamin.educacion.navarra.es\/blogs\/orientacion\/wp-json\/wp\/v2\/pages\/62"}],"collection":[{"href":"https:\/\/iesbenjamin.educacion.navarra.es\/blogs\/orientacion\/wp-json\/wp\/v2\/pages"}],"about":[{"href":"https:\/\/iesbenjamin.educacion.navarra.es\/blogs\/orientacion\/wp-json\/wp\/v2\/types\/page"}],"author":[{"embeddable":true,"href":"https:\/\/iesbenjamin.educacion.navarra.es\/blogs\/orientacion\/wp-json\/wp\/v2\/users\/84"}],"replies":[{"embeddable":true,"href":"https:\/\/iesbenjamin.educacion.navarra.es\/blogs\/orientacion\/wp-json\/wp\/v2\/comments?post=62"}],"version-history":[{"count":3,"href":"https:\/\/iesbenjamin.educacion.navarra.es\/blogs\/orientacion\/wp-json\/wp\/v2\/pages\/62\/revisions"}],"predecessor-version":[{"id":195,"href":"https:\/\/iesbenjamin.educacion.navarra.es\/blogs\/orientacion\/wp-json\/wp\/v2\/pages\/62\/revisions\/195"}],"wp:attachment":[{"href":"https:\/\/iesbenjamin.educacion.navarra.es\/blogs\/orientacion\/wp-json\/wp\/v2\/media?parent=62"}],"curies":[{"name":"wp","href":"https:\/\/api.w.org\/{rel}","templated":true}]}}