{"id":60,"date":"2016-11-28T13:49:21","date_gmt":"2016-11-28T13:49:21","guid":{"rendered":"http:\/\/iesbenjamin.educacion.navarra.es\/blogs\/orientacion\/?page_id=60"},"modified":"2021-01-04T17:08:55","modified_gmt":"2021-01-04T17:08:55","slug":"formacion-profesional","status":"publish","type":"page","link":"https:\/\/iesbenjamin.educacion.navarra.es\/blogs\/orientacion\/orientacion-de-estudios\/formacion-profesional\/","title":{"rendered":"Formaci\u00f3n Profesional"},"content":{"rendered":"<p>En la actualidad la FP son los estudios profesionales m\u00e1s cercanos a la realidad del mercado de trabajo y dan respuesta a la necesidad de personal cualificado especializado en los distintos sectores profesionales para responder a la actual demanda de empleo.<\/p>\n<p>Si analizamos su alta inserci\u00f3n laboral podemos afirmar que la FP ya se ha transformado en una formaci\u00f3n que responde a la demanda real de empleo, ahora es el <img loading=\"lazy\" class=\" wp-image-216 aligncenter\" src=\"http:\/\/iesbenjamin.educacion.navarra.es\/blogs\/orientacion\/wp-content\/uploads\/sites\/8\/2016\/12\/Laboratory_worker-212x300.jpg\" alt=\"laboratory_worker\" width=\"117\" height=\"166\" srcset=\"https:\/\/iesbenjamin.educacion.navarra.es\/blogs\/orientacion\/wp-content\/uploads\/sites\/8\/2016\/12\/Laboratory_worker-212x300.jpg 212w, https:\/\/iesbenjamin.educacion.navarra.es\/blogs\/orientacion\/wp-content\/uploads\/sites\/8\/2016\/12\/Laboratory_worker.jpg 416w\" sizes=\"(max-width: 117px) 100vw, 117px\" \/>momento del cambio en la sociedad espa\u00f1ola.<\/p>\n<p>La Formaci\u00f3n Profesional oferta m\u00e1s de 150 ciclos formativos dentro de 26 familias profesionales, con contenidos te\u00f3ricos y pr\u00e1cticos adecuados a los diversos campos profesionales.<\/p>\n<p>Est\u00e1 dividida en Familias Profesionales, que capacitan para el desempe\u00f1o profesional en diferentes campos laborales. Puedes ver en este enlace los diferentes perfiles profesionales de cada <a href=\"http:\/\/todofp.es\/todofp\/orientacion-profesional\/como-elegir-tu-futuro\/Perfiles-profesionales.html\" target=\"_blank\" rel=\"noopener\">Familia Profesional<\/a><\/p>\n<p>\u00bfC\u00f3mo acecder a los distintos ciclos?<\/p>\n<p><strong>PARA CURSAR UN CICLO DE FP B\u00c1SICA SE NECESITA:<\/strong><\/p>\n<p>El acceso a los ciclos de Formaci\u00f3n Profesional B\u00e1sica requerir\u00e1 el <strong>cumplimiento simult\u00e1neo<\/strong> de las siguientes condiciones:<\/p>\n<ul>\n<li>Tener cumplidos quince a\u00f1os, o cumplirlos durante el a\u00f1o natural en curso, y no superar los diecisiete a\u00f1os de edad en el momento del acceso o durante el a\u00f1o natural en curso<\/li>\n<li>Haber cursado el primer ciclo \u00a0( 3\u00ba de ESO) de Educaci\u00f3n Secundaria Obligatoria o, excepcionalmente, haber cursado el segundo curso de la Educaci\u00f3n Secundaria Obligatoria.<\/li>\n<li>Haber propuesto el equipo docente a los padres, madres o tutores legales la incorporaci\u00f3n del alumno o alumna a un ciclo de Formaci\u00f3n Profesional B\u00e1sica y un Consejo Orientador favorable a dicha incorporaci\u00f3n.<\/li>\n<\/ul>\n<p>Puedes consultar en este enlace, las <a href=\"http:\/\/www.navarra.es\/home_es\/Servicios\/ficha\/5334\/Inscripcion-Formacion-Profesional-Basica\" target=\"_blank\" rel=\"noopener\">condiciones de acceso en Navarra<\/a>\u00a0para el curso 20-21<\/p>\n<p><strong>PARA CURSAR UN CICLO FORMATIVO DE GRADO MEDIO SE NECESITA:<\/strong><\/p>\n<ul>\n<li>Estar en posesi\u00f3n del t\u00edtulo de <strong>Graduado en Educaci\u00f3n Secundaria Obligatoria <\/strong>o de un nivel acad\u00e9mico superior.<\/li>\n<li>Estar en posesi\u00f3n de un T\u00edtulo Profesional B\u00e1sico (Formaci\u00f3n Profesional B\u00e1sica), pero con ciertas restricciones<\/li>\n<li>Estar en posesi\u00f3n de un t\u00edtulo de T\u00e9cnico o de T\u00e9cnico Auxiliar o equivalente a efectos acad\u00e9micos.<\/li>\n<li>Haber superado el segundo curso del Bachillerato Unificado y Polivalente (BUP).<\/li>\n<li>Haber superado la prueba de acceso a la Universidad para mayores de 25 a\u00f1os<\/li>\n<\/ul>\n<p>En este enlace, las <a href=\"http:\/\/www.navarra.es\/home_es\/servicios\/ficha\/3134\/oferta-e-inscripcion-en-ciclos-de-formacion-profesional-y-de-artes-plasticas-y-diseno\" target=\"_blank\" rel=\"noopener\">condiciones de acceso en Navarra en el curso 20-21<\/a><\/p>\n<p><strong>PARA CURSAR UN CICLO FORMATIVO DE GRADO SUPERIOR SE NECESITA:<\/strong><\/p>\n<ul>\n<li>Estar en posesi\u00f3n del T\u00edtulo de Bachiller, o de un certificado acreditativo de haber superado todas las materias del Bachillerato<\/li>\n<li>Haber superado el segundo curso de cualquier modalidad de Bachillerato experimental.<\/li>\n<li>Estar en posesi\u00f3n de un T\u00edtulo de T\u00e9cnico (Formaci\u00f3n Profesional de Grado Medio)*.<\/li>\n<\/ul>\n<p>*Siempre que la demanda de plazas en ciclos formativos de grado superior supere la oferta, las Administraciones educativas podr\u00e1n establecer procedimientos de admisi\u00f3n al centro docente, de acuerdo con las condiciones que el Gobierno determine reglamentariamente.<\/p>\n<ul>\n<li>Estar en posesi\u00f3n de un T\u00edtulo de T\u00e9cnico Superior, T\u00e9cnico Especialista o equivalente a efectos acad\u00e9micos.<\/li>\n<li>Haber superado el Curso de Orientaci\u00f3n Universitaria (COU).<\/li>\n<li>Estar en posesi\u00f3n de cualquier Titulaci\u00f3n Universitaria o equivalente.<\/li>\n<li>Haber superado la prueba de acceso a ciclos formativos de grado superior<\/li>\n<li>Haber superado la prueba de acceso a la Universidad para mayores de 25 a\u00f1os<\/li>\n<\/ul>\n<p>En el enlace siguiente, la<a href=\"http:\/\/www.navarra.es\/home_es\/servicios\/ficha\/3134\/oferta-e-inscripcion-en-ciclos-de-formacion-profesional-y-de-artes-plasticas-y-diseno\" target=\"_blank\" rel=\"noopener\"> normativa de acceso a los CFGS en Navarra para el curso 20-21<\/a><\/p>\n<p><strong>PRUEBA DE ACCESO A LA UNIVERSIDAD PARA MAYORES DE 25 A\u00d1OS<\/strong><\/p>\n<p>Aquellas personas que hayan superado la <a href=\"http:\/\/todofp.es\/todofp\/pruebas-convalidaciones\/pruebas\/acceso-mayores-25.html\"><strong>prueba de acceso a la universidad para mayores 25 a\u00f1os<\/strong><\/a> tambi\u00e9n pueden acceder a las ense\u00f1anzas de FP de grado medio y grado superior, ya que su superaci\u00f3n implicar\u00e1 que no tendr\u00e1 que presentarse a ninguna de las partes de las prueba de acceso a ciclos formativos de grado medio y superior. Para ello, debe consultar a su administraci\u00f3n auton\u00f3mica el procedimiento previo a seguir, al realizar la solicitud de inscripci\u00f3n en un ciclo formativo.<\/p>\n<p><strong>PRUEBAS \u00a0LIBRES DE ACCESO \u00a0A LA \u00a0FP PARA PERSONAS CON EXPERIENCIA PROFESIONAL<\/strong><\/p>\n<p>Personas que ya tienen una importante formaci\u00f3n en un determinado campo profesional pero no disponen del t\u00edtulo, y que son capaces de planificar su estudio de manera individual sin necesidad de apoyo y\u00a0que, adem\u00e1s, cumplan los siguientes requisitos:<\/p>\n<ul>\n<li>Para t\u00edtulo de T\u00e9cnico: tener 18 a\u00f1os y estar en posesi\u00f3n de alguna de estas <a href=\"https:\/\/logs177.xiti.com\/go.click?xts=446456&amp;s2=1&amp;p=Fichas%3A%3Ahttp%3A%2F%2Fwww.navarra.es%2Fhome_es%2Fservicios%2Fdescargar-fichero%2FvJgG9M2mP6TczpSbwgXRT3Kv2TjMmq%2F2016RequisitosInscripcionGM.pdf&amp;click=T&amp;type=click&amp;url=http%3A%2F%2Fwww.navarra.es%2Fhome_es%2Fservicios%2Fdescargar-fichero%2FvJgG9M2mP6TczpSbwgXRT3Kv2TjMmq%2F2016RequisitosInscripcionGM.pdf\">titulaciones o formaciones<\/a>.<\/li>\n<li>Para t\u00edtulo de T\u00e9cnico Superior: 20 a\u00f1os\u00a0y estar en posesi\u00f3n de algunas de estas <a href=\"https:\/\/logs177.xiti.com\/go.click?xts=446456&amp;s2=1&amp;p=Fichas%3A%3Ahttp%3A%2F%2Fwww.navarra.es%2Fhome_es%2Fservicios%2Fdescargar-fichero%2FPxYjpG3T6g2Tq9D4CZT5TNBrr34CZF%2F2016RequisitosInscripcionGS.pdf&amp;click=T&amp;type=click&amp;url=http%3A%2F%2Fwww.navarra.es%2Fhome_es%2Fservicios%2Fdescargar-fichero%2FPxYjpG3T6g2Tq9D4CZT5TNBrr34CZF%2F2016RequisitosInscripcionGS.pdf\">titulaciones o formaciones.<\/a><\/li>\n<\/ul>\n<p>M\u00e1s informaci\u00f3n sobre el acceso en el curso 20-21, <a href=\"http:\/\/www.navarra.es\/home_es\/Servicios\/ficha\/5349\/Pruebas-libres-para-la-obtencion-de-titulos-de-Formacion-Profesional\" target=\"_blank\" rel=\"noopener\">en este enlace\u00a0<\/a><\/p>\n","protected":false},"excerpt":{"rendered":"<p>En la actualidad la FP son los estudios profesionales m\u00e1s cercanos a la realidad del mercado de trabajo y dan respuesta a la necesidad de personal cualificado especializado en los distintos sectores profesionales para responder a la actual demanda de &hellip; <a href=\"https:\/\/iesbenjamin.educacion.navarra.es\/blogs\/orientacion\/orientacion-de-estudios\/formacion-profesional\/\">Sigue leyendo <span class=\"meta-nav\">&rarr;<\/span><\/a><\/p>\n","protected":false},"author":84,"featured_media":0,"parent":54,"menu_order":0,"comment_status":"closed","ping_status":"closed","template":"","meta":[],"_links":{"self":[{"href":"https:\/\/iesbenjamin.educacion.navarra.es\/blogs\/orientacion\/wp-json\/wp\/v2\/pages\/60"}],"collection":[{"href":"https:\/\/iesbenjamin.educacion.navarra.es\/blogs\/orientacion\/wp-json\/wp\/v2\/pages"}],"about":[{"href":"https:\/\/iesbenjamin.educacion.navarra.es\/blogs\/orientacion\/wp-json\/wp\/v2\/types\/page"}],"author":[{"embeddable":true,"href":"https:\/\/iesbenjamin.educacion.navarra.es\/blogs\/orientacion\/wp-json\/wp\/v2\/users\/84"}],"replies":[{"embeddable":true,"href":"https:\/\/iesbenjamin.educacion.navarra.es\/blogs\/orientacion\/wp-json\/wp\/v2\/comments?post=60"}],"version-history":[{"count":10,"href":"https:\/\/iesbenjamin.educacion.navarra.es\/blogs\/orientacion\/wp-json\/wp\/v2\/pages\/60\/revisions"}],"predecessor-version":[{"id":1022,"href":"https:\/\/iesbenjamin.educacion.navarra.es\/blogs\/orientacion\/wp-json\/wp\/v2\/pages\/60\/revisions\/1022"}],"up":[{"embeddable":true,"href":"https:\/\/iesbenjamin.educacion.navarra.es\/blogs\/orientacion\/wp-json\/wp\/v2\/pages\/54"}],"wp:attachment":[{"href":"https:\/\/iesbenjamin.educacion.navarra.es\/blogs\/orientacion\/wp-json\/wp\/v2\/media?parent=60"}],"curies":[{"name":"wp","href":"https:\/\/api.w.org\/{rel}","templated":true}]}}