{"id":58,"date":"2016-11-28T13:48:49","date_gmt":"2016-11-28T13:48:49","guid":{"rendered":"http:\/\/iesbenjamin.educacion.navarra.es\/blogs\/orientacion\/?page_id=58"},"modified":"2023-11-27T11:44:28","modified_gmt":"2023-11-27T11:44:28","slug":"bachillerato","status":"publish","type":"page","link":"https:\/\/iesbenjamin.educacion.navarra.es\/blogs\/orientacion\/orientacion-de-estudios\/bachillerato\/","title":{"rendered":"Bachillerato"},"content":{"rendered":"<p><span style=\"color: #000000;\">El Bachillerato es una etapa post-obligatoria, a la que se accede una vez aprobada la ESO por el itinerario acad\u00e9mico. Consta de dos cursos y tiene como objetivos aumentar los conocimientos y competencias de manera que se posibilite la entrada a la Universidad o a los Ciclos Formativos de Grado Superior. Se divide en cuatro modalidades, que a su vez se dividen en itinerarios , y son:\u00a0<\/span><\/p>\n<ul>\n<li>\u00a0Artes ( no se imparte en el centro)<\/li>\n<li>\u00a0Ciencias y Tecnolog\u00eda<\/li>\n<li>\u00a0Humanidades y Ciencias Sociales.<\/li>\n<li>\u00a0General<\/li>\n<\/ul>\n<p>Es especialmente importante escoger bien la modalidad, ya que \u00e9sta condiciona la progresi\u00f3n en los estudios posteriores.<\/p>\n<p>El bachillerato est\u00e1 organizado en tres tipos de asignaturas:<br \/>\n&#8211; materias comunes,<br \/>\n&#8211; materias de modalidad y<br \/>\n&#8211; materias optativas.<\/p>\n<p><strong> <img loading=\"lazy\" class=\"aligncenter wp-image-1150 size-full\" src=\"https:\/\/iesbenjamin.educacion.navarra.es\/blogs\/orientacion\/wp-content\/uploads\/sites\/8\/2023\/11\/screenshot-docs.google.com-2023.11.27-12_39_18.png\" alt=\"\" width=\"774\" height=\"2788\" srcset=\"https:\/\/iesbenjamin.educacion.navarra.es\/blogs\/orientacion\/wp-content\/uploads\/sites\/8\/2023\/11\/screenshot-docs.google.com-2023.11.27-12_39_18.png 774w, https:\/\/iesbenjamin.educacion.navarra.es\/blogs\/orientacion\/wp-content\/uploads\/sites\/8\/2023\/11\/screenshot-docs.google.com-2023.11.27-12_39_18-83x300.png 83w, https:\/\/iesbenjamin.educacion.navarra.es\/blogs\/orientacion\/wp-content\/uploads\/sites\/8\/2023\/11\/screenshot-docs.google.com-2023.11.27-12_39_18-284x1024.png 284w, https:\/\/iesbenjamin.educacion.navarra.es\/blogs\/orientacion\/wp-content\/uploads\/sites\/8\/2023\/11\/screenshot-docs.google.com-2023.11.27-12_39_18-768x2766.png 768w\" sizes=\"(max-width: 774px) 100vw, 774px\" \/><\/strong><\/p>\n<p><img loading=\"lazy\" class=\"alignnone wp-image-1151 size-full\" src=\"https:\/\/iesbenjamin.educacion.navarra.es\/blogs\/orientacion\/wp-content\/uploads\/sites\/8\/2023\/11\/screenshot-docs.google.com-2023.11.27-12_41_48.png\" alt=\"\" width=\"760\" height=\"2706\" srcset=\"https:\/\/iesbenjamin.educacion.navarra.es\/blogs\/orientacion\/wp-content\/uploads\/sites\/8\/2023\/11\/screenshot-docs.google.com-2023.11.27-12_41_48.png 760w, https:\/\/iesbenjamin.educacion.navarra.es\/blogs\/orientacion\/wp-content\/uploads\/sites\/8\/2023\/11\/screenshot-docs.google.com-2023.11.27-12_41_48-84x300.png 84w, https:\/\/iesbenjamin.educacion.navarra.es\/blogs\/orientacion\/wp-content\/uploads\/sites\/8\/2023\/11\/screenshot-docs.google.com-2023.11.27-12_41_48-288x1024.png 288w, https:\/\/iesbenjamin.educacion.navarra.es\/blogs\/orientacion\/wp-content\/uploads\/sites\/8\/2023\/11\/screenshot-docs.google.com-2023.11.27-12_41_48-431x1536.png 431w, https:\/\/iesbenjamin.educacion.navarra.es\/blogs\/orientacion\/wp-content\/uploads\/sites\/8\/2023\/11\/screenshot-docs.google.com-2023.11.27-12_41_48-575x2048.png 575w\" sizes=\"(max-width: 760px) 100vw, 760px\" \/><\/p>\n<p><strong>Promoci\u00f3n<\/strong><br \/>\nPromocionar\u00e1n al segundo curso cuando hayan superado todas las materias cursadas o tengan evaluaci\u00f3n negativa en dos materias como m\u00e1ximo.<\/p>\n<p>Y los que al t\u00e9rmino del segundo curso tuvieran evaluaci\u00f3n negativa en algunas materias, podr\u00e1n matricularse de ellas sin necesidad de cursar de nuevo las materias superadas.<\/p>\n","protected":false},"excerpt":{"rendered":"<p>El Bachillerato es una etapa post-obligatoria, a la que se accede una vez aprobada la ESO por el itinerario acad\u00e9mico. Consta de dos cursos y tiene como objetivos aumentar los conocimientos y competencias de manera que se posibilite la entrada &hellip; <a href=\"https:\/\/iesbenjamin.educacion.navarra.es\/blogs\/orientacion\/orientacion-de-estudios\/bachillerato\/\">Sigue leyendo <span class=\"meta-nav\">&rarr;<\/span><\/a><\/p>\n","protected":false},"author":84,"featured_media":0,"parent":54,"menu_order":0,"comment_status":"closed","ping_status":"closed","template":"","meta":[],"_links":{"self":[{"href":"https:\/\/iesbenjamin.educacion.navarra.es\/blogs\/orientacion\/wp-json\/wp\/v2\/pages\/58"}],"collection":[{"href":"https:\/\/iesbenjamin.educacion.navarra.es\/blogs\/orientacion\/wp-json\/wp\/v2\/pages"}],"about":[{"href":"https:\/\/iesbenjamin.educacion.navarra.es\/blogs\/orientacion\/wp-json\/wp\/v2\/types\/page"}],"author":[{"embeddable":true,"href":"https:\/\/iesbenjamin.educacion.navarra.es\/blogs\/orientacion\/wp-json\/wp\/v2\/users\/84"}],"replies":[{"embeddable":true,"href":"https:\/\/iesbenjamin.educacion.navarra.es\/blogs\/orientacion\/wp-json\/wp\/v2\/comments?post=58"}],"version-history":[{"count":6,"href":"https:\/\/iesbenjamin.educacion.navarra.es\/blogs\/orientacion\/wp-json\/wp\/v2\/pages\/58\/revisions"}],"predecessor-version":[{"id":1152,"href":"https:\/\/iesbenjamin.educacion.navarra.es\/blogs\/orientacion\/wp-json\/wp\/v2\/pages\/58\/revisions\/1152"}],"up":[{"embeddable":true,"href":"https:\/\/iesbenjamin.educacion.navarra.es\/blogs\/orientacion\/wp-json\/wp\/v2\/pages\/54"}],"wp:attachment":[{"href":"https:\/\/iesbenjamin.educacion.navarra.es\/blogs\/orientacion\/wp-json\/wp\/v2\/media?parent=58"}],"curies":[{"name":"wp","href":"https:\/\/api.w.org\/{rel}","templated":true}]}}