{"id":48,"date":"2016-11-28T13:47:12","date_gmt":"2016-11-28T13:47:12","guid":{"rendered":"http:\/\/iesbenjamin.educacion.navarra.es\/blogs\/orientacion\/?page_id=48"},"modified":"2016-11-28T18:25:37","modified_gmt":"2016-11-28T18:25:37","slug":"becas-y-residencias","status":"publish","type":"page","link":"https:\/\/iesbenjamin.educacion.navarra.es\/blogs\/orientacion\/universidad\/becas-y-residencias\/","title":{"rendered":"Residencias y alojamientos"},"content":{"rendered":"<p>Aqu\u00ed tienes unos cuantos enlaces en los que podr\u00e1s encontrar informaci\u00f3n sobre alojamientos, residencias, colegios mayores y pisos para universitarios.<\/p>\n<p style=\"text-align: left\"><span style=\"font-size: small\"><strong><span style=\"color: #993300\">\u00a0\u00a0\u00a0\u00a0\u00a0\u00a0\u00a0\u00a0\u00a0\u00a0\u00a0\u00a0 En Pamplona<\/span><\/strong><\/span>:<\/p>\n<p style=\"text-align: left\"><a href=\"https:\/\/www.unavarra.es\/alojamiento\" target=\"_blank\">P\u00e1gina de la UPNA sobre residencias<\/a><\/p>\n<p style=\"margin-left: 60px\"><span style=\"color: #800000;font-size: small\"><strong>Toda Espa\u00f1a<\/strong><\/span>:<\/p>\n<p>Todos los colegios mayores y residencias por provincias.<\/p>\n<p><a href=\"http:\/\/www.dondememeto.com\/\">http:\/\/www.dondememeto.com\/<\/a><\/p>\n<p><a href=\"http:\/\/www.mastermas.com\/Residencias\/Index.asp\">http:\/\/www.mastermas.com\/Residencias\/Index.asp<\/a><\/p>\n<p><a href=\"http:\/\/mommybye.com\/residencias\">http:\/\/mommybye.com\/residencias<\/a><\/p>\n<p><a href=\"http:\/\/www.resa.es\/esl\/Residencias\">http:\/\/www.resa.es\/esl\/Residencias<\/a><\/p>\n<p style=\"margin-left: 60px\"><strong><span style=\"color: #800000;font-size: small\">\u00a0Madrid<\/span><\/strong><\/p>\n<p>\u00a0Buscador de Infojoven<\/p>\n<p><a href=\"http:\/\/www.madrid.org\/inforjoven\/colegios\/colegios.htm\">http:\/\/www.madrid.org\/inforjoven\/colegios\/colegios.htm<\/a><\/p>\n<p>Buscador de Emes.es<\/p>\n<p><a href=\"http:\/\/www.emes.es\/VivirenMadrid\/Alojamientoestudiantes\/ResidenciasUniversitarias\/tabid\/227\/Default.aspx\">http:\/\/www.emes.es\/VivirenMadrid\/Alojamientoestudiantes\/ResidenciasUniversitarias\/tabid\/227\/Default.aspx<\/a><\/p>\n<p>Base de Topmadrid<\/p>\n<p><a href=\"http:\/\/www.topmadrid.com\/es\/Empresas_Negocios\/Educacion_Formacion\/Residencias-universitarias\/\">http:\/\/www.topmadrid.com\/es\/Empresas_Negocios\/Educacion_Formacion\/Residencias-universitarias\/<\/a><\/p>\n","protected":false},"excerpt":{"rendered":"<p>Aqu\u00ed tienes unos cuantos enlaces en los que podr\u00e1s encontrar informaci\u00f3n sobre alojamientos, residencias, colegios mayores y pisos para universitarios. \u00a0\u00a0\u00a0\u00a0\u00a0\u00a0\u00a0\u00a0\u00a0\u00a0\u00a0\u00a0 En Pamplona: P\u00e1gina de la UPNA sobre residencias Toda Espa\u00f1a: Todos los colegios mayores y residencias por provincias. http:\/\/www.dondememeto.com\/ &hellip; <a href=\"https:\/\/iesbenjamin.educacion.navarra.es\/blogs\/orientacion\/universidad\/becas-y-residencias\/\">Sigue leyendo <span class=\"meta-nav\">&rarr;<\/span><\/a><\/p>\n","protected":false},"author":84,"featured_media":0,"parent":62,"menu_order":0,"comment_status":"closed","ping_status":"closed","template":"","meta":[],"_links":{"self":[{"href":"https:\/\/iesbenjamin.educacion.navarra.es\/blogs\/orientacion\/wp-json\/wp\/v2\/pages\/48"}],"collection":[{"href":"https:\/\/iesbenjamin.educacion.navarra.es\/blogs\/orientacion\/wp-json\/wp\/v2\/pages"}],"about":[{"href":"https:\/\/iesbenjamin.educacion.navarra.es\/blogs\/orientacion\/wp-json\/wp\/v2\/types\/page"}],"author":[{"embeddable":true,"href":"https:\/\/iesbenjamin.educacion.navarra.es\/blogs\/orientacion\/wp-json\/wp\/v2\/users\/84"}],"replies":[{"embeddable":true,"href":"https:\/\/iesbenjamin.educacion.navarra.es\/blogs\/orientacion\/wp-json\/wp\/v2\/comments?post=48"}],"version-history":[{"count":4,"href":"https:\/\/iesbenjamin.educacion.navarra.es\/blogs\/orientacion\/wp-json\/wp\/v2\/pages\/48\/revisions"}],"predecessor-version":[{"id":117,"href":"https:\/\/iesbenjamin.educacion.navarra.es\/blogs\/orientacion\/wp-json\/wp\/v2\/pages\/48\/revisions\/117"}],"up":[{"embeddable":true,"href":"https:\/\/iesbenjamin.educacion.navarra.es\/blogs\/orientacion\/wp-json\/wp\/v2\/pages\/62"}],"wp:attachment":[{"href":"https:\/\/iesbenjamin.educacion.navarra.es\/blogs\/orientacion\/wp-json\/wp\/v2\/media?parent=48"}],"curies":[{"name":"wp","href":"https:\/\/api.w.org\/{rel}","templated":true}]}}