{"id":316,"date":"2017-02-08T12:38:11","date_gmt":"2017-02-08T12:38:11","guid":{"rendered":"http:\/\/iesbenjamin.educacion.navarra.es\/blogs\/orientacion\/?page_id=316"},"modified":"2017-02-08T12:38:11","modified_gmt":"2017-02-08T12:38:11","slug":"acceso-a-la-universidad-upna-reformado-en-febrero-2017","status":"publish","type":"page","link":"https:\/\/iesbenjamin.educacion.navarra.es\/blogs\/orientacion\/universidad\/acceso-a-la-universidad-upna-reformado-en-febrero-2017\/","title":{"rendered":"Acceso a la Universidad (UPNA) reformado en febrero 2017"},"content":{"rendered":"<div>Ha habido alg\u00fan cambio desde lo \u00faltimo que anunciamos en diciembre y \u00a0la estructura de la Prueba de Acceso que a partir de ahora, pasa a llamarse EvAU ( Evaluaci\u00f3n para el Acceso a la Universidad) y\u00a0quedar\u00e4 como sigue<\/div>\n<div><\/div>\n<div>\n<p><strong>ESTRUCTURA DE LA EvAU \u00a0 (EVALUACI\u00d3N PARA EL ACCESO A LA UNIVERSIDAD) EN LA UPNA (*)<\/strong><\/p>\n<p>La prueba de acceso tiene por finalidad valorar la madurez acad\u00e9mica y la capacidad para seguir con \u00e9xito las ense\u00f1anzas universitarias oficiales de grado, as\u00ed como, en el caso de los estudiantes procedentes de bachillerato, los conocimientos adquiridos en estas ense\u00f1anzas. La valoraci\u00f3n se expresar\u00e1 con una calificaci\u00f3n num\u00e9rica que permita la ordenaci\u00f3n de las solicitudes de admisi\u00f3n para la adjudicaci\u00f3n de las plazas ofertadas.<\/p>\n<p><a href=\"https:\/\/www.boe.es\/diario_boe\/txt.php?id=BOE-A-2016-12219\"><strong>MATERIAS DE 2\u00ba DE BACHILLERATO<\/strong><\/a><strong>:<\/strong><\/p>\n<table>\n<tbody>\n<tr>\n<td rowspan=\"11\" width=\"67\"><strong>Bachiller<\/strong><\/p>\n<p><strong>\u00a0<\/strong><\/p>\n<p>&nbsp;<\/td>\n<td rowspan=\"6\" width=\"101\"><strong>FASE OBLIGATORIA<\/strong><\/td>\n<td width=\"104\"><strong>\u00a0\u00a0\u00a0\u00a0 3ASIGNATURAS TRONCALES GENERALES<\/strong><\/td>\n<td colspan=\"2\" width=\"100\"><strong>Com\u00fan a todo bachiller<\/strong><\/td>\n<td width=\"56\"><\/td>\n<td width=\"113\">-Lengua Castellana y Literatura II<\/p>\n<p>-Historia de Espa\u00f1a<\/p>\n<p>-Lengua Extranjera: Franc\u00e9s, Ingl\u00e9s o Alem\u00e1n<\/td>\n<td rowspan=\"10\" width=\"53\"><strong>CICLO FORMATIVO<\/strong><\/td>\n<\/tr>\n<tr>\n<td width=\"104\">Modelos A y D<\/td>\n<td colspan=\"2\" width=\"100\"><\/td>\n<td width=\"56\"><\/td>\n<td width=\"113\">-Lengua Vasca y Literatura II<\/td>\n<\/tr>\n<tr>\n<td rowspan=\"4\" width=\"104\"><strong>1 ASIGNATURA TRONCAL GENERAL DE MODALIDAD<\/strong> cursada por el alumno\/a<\/td>\n<td colspan=\"2\" width=\"100\"><strong>Ciencias<\/strong><\/td>\n<td width=\"56\"><\/td>\n<td width=\"113\">Matem\u00e1ticas II<\/td>\n<\/tr>\n<tr>\n<td colspan=\"2\" rowspan=\"2\" width=\"100\"><strong>Humanidades y<\/strong><\/p>\n<p><strong>C. Sociales<\/strong><\/td>\n<td width=\"56\"><\/td>\n<td width=\"113\">Lat\u00edn II<\/td>\n<\/tr>\n<tr>\n<td width=\"56\"><\/td>\n<td width=\"113\">Matem\u00e1ticas Aplicadas a las\u00a0Ciencias Sociales II<\/td>\n<\/tr>\n<tr>\n<td colspan=\"2\" width=\"100\"><strong>Artes<\/strong><\/td>\n<td width=\"56\"><\/td>\n<td width=\"113\">Fundamentos del Arte II<\/td>\n<\/tr>\n<tr>\n<td rowspan=\"5\" width=\"101\"><strong>FASE VOLUNTARIA<\/strong><\/p>\n<p><strong>Para subir nota (M\u00e1ximo 3 asignaturas)<\/strong><\/td>\n<td rowspan=\"4\" width=\"104\">Asignaturas <strong>TRONCALES DE OPCI\u00d3N<\/strong> de <strong>CUALQUIER MODALIDAD<\/strong><\/p>\n<p><strong>(Cursadas o no)<\/strong><\/td>\n<td colspan=\"2\" width=\"100\"><strong>Ciencias<\/strong><\/td>\n<td width=\"56\"><\/td>\n<td width=\"113\">Biolog\u00eda<\/p>\n<p>Dibujo T\u00e9cnico II<\/p>\n<p>F\u00edsica<\/p>\n<p>Geolog\u00eda<\/p>\n<p>Qu\u00edmica<\/td>\n<\/tr>\n<tr>\n<td colspan=\"2\" width=\"100\"><strong>Humanidades y<\/strong><\/p>\n<p><strong>C. Sociales<\/strong><\/td>\n<td width=\"56\"><\/td>\n<td width=\"113\">Econom\u00eda de la Empresa<\/p>\n<p>Geograf\u00eda<\/p>\n<p>Griego II<\/p>\n<p>Historia del Arte<\/p>\n<p>Historia de la Filosof\u00eda<\/p>\n<p>&nbsp;<\/td>\n<\/tr>\n<tr>\n<td colspan=\"2\" rowspan=\"2\" width=\"100\"><strong>Artes<\/strong><\/td>\n<td width=\"56\"><\/td>\n<td width=\"113\">Artes Esc\u00e9nicas<\/p>\n<p>&nbsp;<\/td>\n<\/tr>\n<tr>\n<td width=\"56\"><\/td>\n<td width=\"113\">Cultura Audiovisual II<\/p>\n<p>Dise\u00f1o<\/td>\n<\/tr>\n<tr>\n<td colspan=\"2\" width=\"148\"><\/td>\n<td colspan=\"4\" width=\"278\">Asignaturas <strong>TRONCALES GENERALES de MODALIDAD<\/strong> de <strong>OTRAS MODALIDADES<\/strong> DE BACHILLERATO<\/td>\n<\/tr>\n<tr>\n<td width=\"67\"><\/td>\n<td width=\"101\"><\/td>\n<td width=\"110\"><\/td>\n<td width=\"44\"><\/td>\n<td width=\"56\"><\/td>\n<td width=\"43\"><\/td>\n<td width=\"107\"><\/td>\n<td width=\"53\"><\/td>\n<\/tr>\n<\/tbody>\n<\/table>\n<p><strong>\u00a0<\/strong><strong>\u00a1\u00a1\u00a1Las \u00a0asignaturas troncales general de modalidad y troncales de opci\u00f3n son las asignaturas ponderables<\/strong>\u00a0!!!<\/p>\n<p><strong>FASE OBLIGATORIA:<\/strong><\/p>\n<p>El alumno que se presenta por primera vez, adem\u00e1s de las 3 asignaturas comunes a todos los bachilleratos, deber\u00e1 examinarse de <strong>la asignatura troncal<\/strong> que haya cursado seg\u00fan su modalidad o itinerario.<\/p>\n<ul>\n<li>En <strong>lengua extranjera<\/strong>, podr\u00e1n examinarse de la primera o la segunda lengua cursada:\u00a0<strong>ingl\u00e9s, franc\u00e9s o alem\u00e1n.<\/strong><\/li>\n<\/ul>\n<ul>\n<li>En los modelos A y D, se examinar\u00e1n adem\u00e1s de Lengua Vasca y Literatura II.<\/li>\n<li>En <strong>cada ejercicio se presentar\u00e1n dos opciones<\/strong> y el estudiante <strong>elegir\u00e1 una.<\/strong><\/li>\n<li>Cada ejercicio tendr\u00e1 una <strong>duraci\u00f3n de 90 minutos<\/strong>. Entre el final de un ejercicio y el comienzo del siguiente tiene que haber un m\u00ednimo de 30 minutos.<\/li>\n<\/ul>\n<p><em>CALIFICACI\u00d3N:<\/em><\/p>\n<p>La <strong>nota de la fase obligatoria ser\u00e1 la\u00a0media aritm\u00e9tica<\/strong>\u00a0de las materias examinadas en esta fase y tendr\u00e1 que <strong>ser superior o igual a 4 puntos<\/strong>. <strong>Cada uno<\/strong> de los ejercicios se calificar\u00e1n <strong>entre 0 y 10 puntos<\/strong>, con <strong>dos cifras decimales y redondeada<\/strong> a la cent\u00e9sima.<\/p>\n<p>La superaci\u00f3n de la fase obligatoria tiene una\u00a0<strong>duraci\u00f3n indefinida<\/strong>.<\/p>\n<p><strong>FASE VOLUNTARIA:<\/strong><\/p>\n<p>La podr\u00e1n realizar estudiantes de Bachillerato y de Formaci\u00f3n Profesional<\/p>\n<ul>\n<li>Se pueden presentar a un\u00a0<strong>M\u00c1XIMO 3 ASIGNATURAS<\/strong>. Mejora la calificaci\u00f3n de admisi\u00f3n a la universidad y permite aumentar la calificaci\u00f3n hasta un m\u00e1ximo de 4 puntos.<\/li>\n<\/ul>\n<ul>\n<li><strong>Cada ejercicio<\/strong> presentar\u00e1 <strong>dos opciones<\/strong> de las que el estudiante deber\u00e1 elegir una. Duraci\u00f3n de cada ejercicio: 90 minutos. Entre final de un ejercicio y comienzo del siguiente como m\u00ednimo 30 minutos.<\/li>\n<li><strong>En<\/strong> la <strong>solicitud de inscripci\u00f3n<\/strong> se <strong>indicar\u00e1 las materias<\/strong> de las que se va a <strong>examinar.<\/strong><\/li>\n<\/ul>\n<p><strong>\u00a0<\/strong><em>CALIFICACI\u00d3N:<\/em><\/p>\n<p><strong>Cada materia se califica de 0 a 10 puntos, con dos decimales<\/strong>. Se considerar\u00e1 <strong>superada <\/strong>una materia cuando se obtenga una <strong>calificaci\u00f3n igual o superior a 5.<\/strong><\/p>\n<ul>\n<li>Las notas de estas asignaturas superadas se ponderan por 0,1 o 0,2, dependiendo del grado al que se accede.<\/li>\n<\/ul>\n<ul>\n<li>A la hora de valorar la admisi\u00f3n a grado se <strong>tendr\u00e1n en cuenta las calificaciones de dos materias superadas<\/strong><\/li>\n<\/ul>\n<p><strong>\u00a0<\/strong><\/p>\n<p><strong>ASIGNATURAS<\/strong><strong>\u00a0DE LAS QUE SE PUEDEN EXAMINAR:<\/strong><\/p>\n<p>1.- Si son alumnos de\u00a0<strong>Bachiller\u00a0<\/strong>LOMCE que se examinan por primera vez de la EvAU, pueden escoger:<\/p>\n<p>&#8211; <strong>TRONCALES GENERALES DE MODALIDAD de otras modalidades <\/strong>de bachillerato, <strong>distintas<\/strong> de la troncal general de modalidad de la que se examinan en la fase obligatoria<\/p>\n<p>&#8211; y <strong>TRONCALES DE OPCI\u00d3N DE CUALQUIER MODALIDAD<\/strong>, cursadas o no cursadas<\/p>\n<p>2 -Estudiantes con\u00a0<strong>Ciclo formativo<\/strong>\u00a0superior que desean mejorar su nota de admisi\u00f3n en la Universidad, se pueden examinar de hasta 3 asignaturas de la lista, pero s\u00f3lo se tendr\u00e1n en cuenta para cada grado m\u00e1ximo dos:<\/p>\n<table width=\"600\">\n<tbody>\n<tr>\n<td width=\"250\">\u00a0&#8211; Artes esc\u00e9nicas<br \/>\n&#8211; Biolog\u00eda<br \/>\n&#8211; Cultura audiovisual II<br \/>\n&#8211; Dibujo t\u00e9cnico II<br \/>\n&#8211; Dise\u00f1o<br \/>\n&#8211; Econom\u00eda de la empresa<br \/>\n&#8211; F\u00edsica<br \/>\n&#8211; Fundamentos del Arte II<br \/>\n&#8211; Geograf\u00eda<\/td>\n<td width=\"350\">\u00a0&#8211; Geolog\u00eda<br \/>\n&#8211; Griego II<br \/>\n&#8211; Historia de la filosof\u00eda<br \/>\n&#8211; Historia del Arte<br \/>\n&#8211; Lat\u00edn II<br \/>\n&#8211; Matem\u00e1ticas aplicadas a las ciencias sociales II<br \/>\n&#8211; Matem\u00e1ticas II<br \/>\n&#8211; Qu\u00edmica<\/td>\n<\/tr>\n<\/tbody>\n<\/table>\n<p>La fase voluntaria tendr\u00e1\u00a0<strong>validez para el acceso a la Universidad durante los 2 cursos acad\u00e9micos<\/strong>\u00a0siguientes a su superaci\u00f3n. Es decir, la superada en 2017 es v\u00e1lida para el acceso al curso 17\/18 y 18\/19.<\/p>\n<p>Para el acceso al curso 2017\/18, la fase espec\u00edfica de la antigua PAU es v\u00e1lida, si la super\u00f3 en el a\u00f1o 2016 (las anteriores ya no son v\u00e1lidas).<\/p>\n<p><strong>CALIFICACI\u00d3N PARA EL ACCESO A LA UNIVERSIDAD<\/strong><\/p>\n<p>M\u00e1ximo 10 puntos.<\/p>\n<p><strong>Se tiene en cuenta \u00fanicamente la fase obligatoria<\/strong>.<\/p>\n<ul>\n<li>Ser\u00e1 la media ponderada del 60% de la nota media de bachillerato y el 40% de la calificaci\u00f3n de la fase obligatoria de la EvAU, siempre y cuando se hubiera obtenido una nota m\u00ednima de 4 en la fase obligatoria.<\/li>\n<\/ul>\n<p><strong>\u00a0\u00a0\u00a0\u00a0\u00a0\u00a0\u00a0\u00a0\u00a0\u00a0\u00a0\u00a0\u00a0\u00a0\u00a0\u00a0\u00a0\u00a0\u00a0\u00a0\u00a0\u00a0\u00a0\u00a0\u00a0\u00a0\u00a0\u00a0\u00a0\u00a0\u00a0\u00a0\u00a0\u00a0\u00a0\u00a0 Nota bachiller x 0,6 + nota fase obligatoria x 0,4<\/strong><\/p>\n<p>Se entiende que se puede acceder a la universidad cuando el resultado de esta f\u00f3rmula es una nota igual o superior a 5.<\/p>\n<p>Una vez <strong>superada la prueba<\/strong>, el estudiante podr\u00e1 <strong>presentarse en sucesivas convocatorias<\/strong> para <strong>mejorar<\/strong> la calificaci\u00f3n: a la fase obligatoria en su totalidad (pudiendo seleccionar otra modalidad de bachillerato diferente), a la fase voluntaria o a las dos. Pueden ser asignaturas cursadas por el alumno o no cursadas.<\/p>\n<p><strong>NOTA DE ADMISI\u00d3N A ENSE\u00d1ANZAS UNIVERSITARIAS DE GRADO<\/strong><\/p>\n<p><strong>M\u00e1ximo 14 puntos.<\/strong><\/p>\n<p>A la calificaci\u00f3n para el acceso a la Universidad o a la nota media del ciclo formativo, se podr\u00e1n a\u00f1adir 4 puntos, hasta llegar a un m\u00e1ximo de 14 puntos.<\/p>\n<p><strong>Para obtener la nota de admisi\u00f3n para cada Grado<\/strong>, se ponderan las asignaturas superadas y <strong>se elige las dos que mejor calificaci\u00f3n le den al estudiante tras aplicar la ponderaci\u00f3n<\/strong>. Para que la calificaci\u00f3n de una asignatura pondere y sirva para aumentar la calificaci\u00f3n de admisi\u00f3n, tendr\u00e1 que ser igual o superior a 5.<\/p>\n<p>La <strong><u>NOTA DE ADMISI\u00d3N<\/u><\/strong>se calcular\u00e1 con la siguiente f\u00f3rmula y se expresar\u00e1 con tres cifras decimales, redondeada a la mil\u00e9sima m\u00e1s pr\u00f3xima.<\/p>\n<p><strong><u>NOTA MEDIA DEL CICLO FORMATIVO + a*M1 + b*M2<\/u><\/strong><\/p>\n<p>&#8211;\u00a0<strong>M1 y M2<\/strong>\u00a0son las calificaciones de un m\u00e1ximo de dos ejercicios superados que proporcionen mejor nota de admisi\u00f3n.<br \/>\n&#8211;\u00a0<strong>a y b<\/strong>\u00a0son par\u00e1metros de ponderaci\u00f3n, que tendr\u00e1n un valor de 0,1 o 0,2.<\/p>\n<p><strong>MEJORAR LA CALIFICACI\u00d3N<\/strong><\/p>\n<p>Una vez superada la prueba, el estudiante podr\u00e1 presentarse en sucesivas convocatorias para mejorar la calificaci\u00f3n: a la fase obligatoria en su totalidad (pudiendo seleccionar otra modalidad de bachillerato diferente y una lengua extranjera diferente de las cursadas), a la voluntaria o a las dos fases.<\/p>\n<ul>\n<li><strong>Si se presentan solo a la fase voluntaria<\/strong>, pueden examinarse de un m\u00e1ximo de tres asignaturas de entre las 17 asignaturas sobre fondo gris del cuadro, las hayan cursado o no: las troncales generales de modalidad de la fase obligatoria (de cualquier bachiller) y las troncales de opci\u00f3n de la fase voluntaria, (de cualquier bachiller).<\/li>\n<\/ul>\n<ul>\n<li>Tambi\u00e9n se puede elegir en la fase voluntaria la asignatura troncal general de modalidad de la que se examinaron en su d\u00eda en la fase obligatoria; se permite porque son convocatorias diferentes.<\/li>\n<\/ul>\n<p>Solo se tomar\u00e1 en consideraci\u00f3n la calificaci\u00f3n obtenida en la \u00faltima convocatoria, si \u00e9sta es superior a la anterior.<\/p>\n<p>(*) Extra\u00eddo \u00edntegramente de la web de la UPNA .M\u00e1s Informaci\u00f3n (http:\/\/www.unavarra.es\/estudios\/acceso-y-matricula\/grados\/pruebas-de-acceso-a-la-universidad\/selectividad?submenu=yes&amp;opcion=2<\/p>\n<\/div>\n","protected":false},"excerpt":{"rendered":"<p>Ha habido alg\u00fan cambio desde lo \u00faltimo que anunciamos en diciembre y \u00a0la estructura de la Prueba de Acceso que a partir de ahora, pasa a llamarse EvAU ( Evaluaci\u00f3n para el Acceso a la Universidad) y\u00a0quedar\u00e4 como sigue ESTRUCTURA &hellip; <a href=\"https:\/\/iesbenjamin.educacion.navarra.es\/blogs\/orientacion\/universidad\/acceso-a-la-universidad-upna-reformado-en-febrero-2017\/\">Sigue leyendo <span class=\"meta-nav\">&rarr;<\/span><\/a><\/p>\n","protected":false},"author":84,"featured_media":0,"parent":62,"menu_order":0,"comment_status":"closed","ping_status":"closed","template":"","meta":[],"_links":{"self":[{"href":"https:\/\/iesbenjamin.educacion.navarra.es\/blogs\/orientacion\/wp-json\/wp\/v2\/pages\/316"}],"collection":[{"href":"https:\/\/iesbenjamin.educacion.navarra.es\/blogs\/orientacion\/wp-json\/wp\/v2\/pages"}],"about":[{"href":"https:\/\/iesbenjamin.educacion.navarra.es\/blogs\/orientacion\/wp-json\/wp\/v2\/types\/page"}],"author":[{"embeddable":true,"href":"https:\/\/iesbenjamin.educacion.navarra.es\/blogs\/orientacion\/wp-json\/wp\/v2\/users\/84"}],"replies":[{"embeddable":true,"href":"https:\/\/iesbenjamin.educacion.navarra.es\/blogs\/orientacion\/wp-json\/wp\/v2\/comments?post=316"}],"version-history":[{"count":1,"href":"https:\/\/iesbenjamin.educacion.navarra.es\/blogs\/orientacion\/wp-json\/wp\/v2\/pages\/316\/revisions"}],"predecessor-version":[{"id":317,"href":"https:\/\/iesbenjamin.educacion.navarra.es\/blogs\/orientacion\/wp-json\/wp\/v2\/pages\/316\/revisions\/317"}],"up":[{"embeddable":true,"href":"https:\/\/iesbenjamin.educacion.navarra.es\/blogs\/orientacion\/wp-json\/wp\/v2\/pages\/62"}],"wp:attachment":[{"href":"https:\/\/iesbenjamin.educacion.navarra.es\/blogs\/orientacion\/wp-json\/wp\/v2\/media?parent=316"}],"curies":[{"name":"wp","href":"https:\/\/api.w.org\/{rel}","templated":true}]}}