{"id":265,"date":"2016-12-14T14:03:44","date_gmt":"2016-12-14T14:03:44","guid":{"rendered":"http:\/\/iesbenjamin.educacion.navarra.es\/blogs\/orientacion\/?page_id=265"},"modified":"2018-12-14T13:08:46","modified_gmt":"2018-12-14T13:08:46","slug":"acceso-a-la-universidad-2","status":"publish","type":"page","link":"https:\/\/iesbenjamin.educacion.navarra.es\/blogs\/orientacion\/universidad\/acceso-a-la-universidad-2\/","title":{"rendered":"Acceso a la Universidad &#8211; general"},"content":{"rendered":"<p><strong>ESTRUCTURA \u00a0DE LA EV. a U.<\/strong><\/p>\n<p>La prueba de acceso a la Universidad tiene por finalidad valorar la madurez acad\u00e9mica y la capacidad para seguir con \u00e9xito las ense\u00f1anzas universitarias oficiales de grado, as\u00ed como, en el caso de los estudiantes procedentes de bachillerato, los conocimientos adquiridos en estas ense\u00f1anzas.<\/p>\n<p>La valoraci\u00f3n se expresar\u00e1 con una calificaci\u00f3n num\u00e9rica que permita la ordenaci\u00f3n de las solicitudes de admisi\u00f3n para la adjudicaci\u00f3n de las plazas ofertadas.<\/p>\n<p>En el enlace \u00a0siguiente <a href=\"http:\/\/www.unavarra.es\/estudios\/acceso-y-matricula\/grados\/pruebas-de-acceso-a-la-universidad\/selectividad?submenu=yes&amp;opcion=2\" target=\"_blank\" rel=\"noopener\">\u00a0EVAU_UPNA_diciembre2019<\/a> , podr\u00e9is encontrar toda la informaci\u00f3n necesaria. Se trata de la informaci\u00f3n oficial de la UPNA<\/p>\n<p>&nbsp;<\/p>\n<p>&nbsp;<\/p>\n<p>&nbsp;<\/p>\n<p>&nbsp;<\/p>\n<p>&nbsp;<\/p>\n","protected":false},"excerpt":{"rendered":"<p>ESTRUCTURA \u00a0DE LA EV. a U. La prueba de acceso a la Universidad tiene por finalidad valorar la madurez acad\u00e9mica y la capacidad para seguir con \u00e9xito las ense\u00f1anzas universitarias oficiales de grado, as\u00ed como, en el caso de los &hellip; <a href=\"https:\/\/iesbenjamin.educacion.navarra.es\/blogs\/orientacion\/universidad\/acceso-a-la-universidad-2\/\">Sigue leyendo <span class=\"meta-nav\">&rarr;<\/span><\/a><\/p>\n","protected":false},"author":84,"featured_media":0,"parent":62,"menu_order":0,"comment_status":"closed","ping_status":"closed","template":"","meta":[],"_links":{"self":[{"href":"https:\/\/iesbenjamin.educacion.navarra.es\/blogs\/orientacion\/wp-json\/wp\/v2\/pages\/265"}],"collection":[{"href":"https:\/\/iesbenjamin.educacion.navarra.es\/blogs\/orientacion\/wp-json\/wp\/v2\/pages"}],"about":[{"href":"https:\/\/iesbenjamin.educacion.navarra.es\/blogs\/orientacion\/wp-json\/wp\/v2\/types\/page"}],"author":[{"embeddable":true,"href":"https:\/\/iesbenjamin.educacion.navarra.es\/blogs\/orientacion\/wp-json\/wp\/v2\/users\/84"}],"replies":[{"embeddable":true,"href":"https:\/\/iesbenjamin.educacion.navarra.es\/blogs\/orientacion\/wp-json\/wp\/v2\/comments?post=265"}],"version-history":[{"count":12,"href":"https:\/\/iesbenjamin.educacion.navarra.es\/blogs\/orientacion\/wp-json\/wp\/v2\/pages\/265\/revisions"}],"predecessor-version":[{"id":763,"href":"https:\/\/iesbenjamin.educacion.navarra.es\/blogs\/orientacion\/wp-json\/wp\/v2\/pages\/265\/revisions\/763"}],"up":[{"embeddable":true,"href":"https:\/\/iesbenjamin.educacion.navarra.es\/blogs\/orientacion\/wp-json\/wp\/v2\/pages\/62"}],"wp:attachment":[{"href":"https:\/\/iesbenjamin.educacion.navarra.es\/blogs\/orientacion\/wp-json\/wp\/v2\/media?parent=265"}],"curies":[{"name":"wp","href":"https:\/\/api.w.org\/{rel}","templated":true}]}}