{"id":243,"date":"2016-12-13T12:29:27","date_gmt":"2016-12-13T12:29:27","guid":{"rendered":"http:\/\/iesbenjamin.educacion.navarra.es\/blogs\/orientacion\/?page_id=243"},"modified":"2020-04-06T15:14:39","modified_gmt":"2020-04-06T15:14:39","slug":"orientacion-vocacional","status":"publish","type":"page","link":"https:\/\/iesbenjamin.educacion.navarra.es\/blogs\/orientacion\/orientacion-vocacional\/","title":{"rendered":"Orientaci\u00f3n vocacional y profesional"},"content":{"rendered":"<p>Esta es una p\u00e1gina para conocer los diferentes sectores profesionales, sectores ocupaciones y lo relativo a informaci\u00f3n sobre estos campos.<\/p>\n<p>Tablero PADLET con videos sobre Estudios Universitarios\u00a0<a href=\"https:\/\/padlet.com\/mnanclar\/q9cyb8zwr7fn\" target=\"_blank\" rel=\"noopener noreferrer\">https:\/\/padlet.com\/mnanclar\/q9cyb8zwr7fn<\/a><\/p>\n<p>Tablero PADLET con v\u00eddeos sobre Formaci\u00f3n Profesional y otros estudios\u00a0<a href=\"https:\/\/padlet.com\/mnanclar\/7wofu6ngtj7q\">https:\/\/padlet.com\/mnanclar\/7wofu6ngtj7q<\/a><\/p>\n<p><a href=\"http:\/\/web.educastur.princast.es\/proyectos\/itepasas\/grupos-ocupacionales.php\" target=\"_blank\" rel=\"noopener noreferrer\">SECTORES PROFESIONALES\u00a0 -EDUCASASTUR<\/a><\/p>\n<div id=\"attachment_278\" style=\"width: 310px\" class=\"wp-caption alignnone\"><a href=\"https:\/\/es.pinterest.com\/miguelnanclares\/orientaci%C3%B3n-escolar-las-profesiones\/?etslf=3966&amp;eq=las\" target=\"_blank\" rel=\"noopener noreferrer\"><img aria-describedby=\"caption-attachment-278\" loading=\"lazy\" class=\"wp-image-278 size-medium\" src=\"http:\/\/iesbenjamin.educacion.navarra.es\/blogs\/orientacion\/wp-content\/uploads\/sites\/8\/2016\/12\/Captura-1-300x145.jpg\" width=\"300\" height=\"145\" srcset=\"https:\/\/iesbenjamin.educacion.navarra.es\/blogs\/orientacion\/wp-content\/uploads\/sites\/8\/2016\/12\/Captura-1-300x145.jpg 300w, https:\/\/iesbenjamin.educacion.navarra.es\/blogs\/orientacion\/wp-content\/uploads\/sites\/8\/2016\/12\/Captura-1-768x371.jpg 768w, https:\/\/iesbenjamin.educacion.navarra.es\/blogs\/orientacion\/wp-content\/uploads\/sites\/8\/2016\/12\/Captura-1-1024x495.jpg 1024w, https:\/\/iesbenjamin.educacion.navarra.es\/blogs\/orientacion\/wp-content\/uploads\/sites\/8\/2016\/12\/Captura-1.jpg 1334w\" sizes=\"(max-width: 300px) 100vw, 300px\" \/><\/a><p id=\"caption-attachment-278\" class=\"wp-caption-text\">Tablero de Pinterest con material multimedia sobre profesiones<\/p><\/div>\n<p>Pinchando en la imagen podr\u00e9is aceder a un tablero Pinterest con informaci\u00f3n ( videos, art\u00edculos&#8230;) sobre profesiones<\/p>\n<p>Os\u00a0 dejamos un enlace a una web muy interesante que se llama Mujeres con Ciencia y que ofrece la iniciativa\u00a0 <em>De mayor quiero ser\u2026 cient\u00edfica, que\u00a0<\/em> es una serie de diez cortos audiovisuales en los que una joven cient\u00edfica y su hija conversan, dando a conocer a trav\u00e9s de situaciones cotidianas el perfil de diferentes profesionales de la biomedicina.<\/p>\n<p>En definitiva, no hay ninguna raz\u00f3n para que las mujeres no puedan ser cient\u00edficas.<\/p>\n<p>El enlace\u00a0 <a href=\"http:\/\/mujeresconciencia.com\/2016\/12\/17\/de-mayor-quiero-ser-ingeniera-biomedica\/?platform=hootsuite\" target=\"_blank\" rel=\"noopener noreferrer\">DE MAYOR QUIERO SER CIENT\u00cdFICA<\/a><\/p>\n","protected":false},"excerpt":{"rendered":"<p>Esta es una p\u00e1gina para conocer los diferentes sectores profesionales, sectores ocupaciones y lo relativo a informaci\u00f3n sobre estos campos. Tablero PADLET con videos sobre Estudios Universitarios\u00a0https:\/\/padlet.com\/mnanclar\/q9cyb8zwr7fn Tablero PADLET con v\u00eddeos sobre Formaci\u00f3n Profesional y otros estudios\u00a0https:\/\/padlet.com\/mnanclar\/7wofu6ngtj7q SECTORES PROFESIONALES\u00a0 -EDUCASASTUR &hellip; <a href=\"https:\/\/iesbenjamin.educacion.navarra.es\/blogs\/orientacion\/orientacion-vocacional\/\">Sigue leyendo <span class=\"meta-nav\">&rarr;<\/span><\/a><\/p>\n","protected":false},"author":84,"featured_media":0,"parent":0,"menu_order":0,"comment_status":"closed","ping_status":"closed","template":"","meta":[],"_links":{"self":[{"href":"https:\/\/iesbenjamin.educacion.navarra.es\/blogs\/orientacion\/wp-json\/wp\/v2\/pages\/243"}],"collection":[{"href":"https:\/\/iesbenjamin.educacion.navarra.es\/blogs\/orientacion\/wp-json\/wp\/v2\/pages"}],"about":[{"href":"https:\/\/iesbenjamin.educacion.navarra.es\/blogs\/orientacion\/wp-json\/wp\/v2\/types\/page"}],"author":[{"embeddable":true,"href":"https:\/\/iesbenjamin.educacion.navarra.es\/blogs\/orientacion\/wp-json\/wp\/v2\/users\/84"}],"replies":[{"embeddable":true,"href":"https:\/\/iesbenjamin.educacion.navarra.es\/blogs\/orientacion\/wp-json\/wp\/v2\/comments?post=243"}],"version-history":[{"count":20,"href":"https:\/\/iesbenjamin.educacion.navarra.es\/blogs\/orientacion\/wp-json\/wp\/v2\/pages\/243\/revisions"}],"predecessor-version":[{"id":971,"href":"https:\/\/iesbenjamin.educacion.navarra.es\/blogs\/orientacion\/wp-json\/wp\/v2\/pages\/243\/revisions\/971"}],"wp:attachment":[{"href":"https:\/\/iesbenjamin.educacion.navarra.es\/blogs\/orientacion\/wp-json\/wp\/v2\/media?parent=243"}],"curies":[{"name":"wp","href":"https:\/\/api.w.org\/{rel}","templated":true}]}}