{"id":94,"date":"2016-11-02T22:52:29","date_gmt":"2016-11-02T21:52:29","guid":{"rendered":"http:\/\/iesbenjamin.educacion.navarra.es\/blogs\/igualdad\/?page_id=94"},"modified":"2017-05-22T20:06:45","modified_gmt":"2017-05-22T18:06:45","slug":"lynn-margulis","status":"publish","type":"page","link":"https:\/\/iesbenjamin.educacion.navarra.es\/blogs\/igualdad\/ciencia-y-mujer\/lynn-margulis\/","title":{"rendered":"LYNN MARGULIS"},"content":{"rendered":"<p style=\"text-align: center\">Lynn Margulis ha sido una figura important\u00edsima en ciencia, entre otras cosas por intentar dar una explicaci\u00f3n sobre la evoluci\u00f3n\u00a0de las c\u00e9lulas eucariotas actuales y sus org\u00e1nulos.<\/p>\n<p style=\"text-align: center\">Su teor\u00eda de c\u00f3mo las c\u00e9lulas eucariotas se originaron a partir de la simbiosis con bacterias revolucion\u00f3 la biolog\u00eda en general y las teor\u00edas evolucionistas en particular.<\/p>\n<p style=\"text-align: center\">En 4\u00ba de ESO el alumnado ha investigado acerca de la figura de esta importante cient\u00edfica y han profundizado en la teor\u00eda de la endosimbiosis que desarroll\u00f3.<\/p>\n<p style=\"text-align: center\">A continuaci\u00f3n pod\u00e9is ver la entrevista de Eduard Punset le realiz\u00f3 en su programa Redes de televisi\u00f3n espa\u00f1ola.<\/p>\n<p><iframe loading=\"lazy\" width=\"640\" height=\"480\" src=\"https:\/\/www.youtube.com\/embed\/PUTp2wQhd70?feature=oembed\" frameborder=\"0\" allowfullscreen><\/iframe><\/p>\n","protected":false},"excerpt":{"rendered":"<p>Lynn Margulis ha sido una figura important\u00edsima en ciencia, entre otras cosas por intentar dar una explicaci\u00f3n sobre la evoluci\u00f3n\u00a0de las c\u00e9lulas eucariotas actuales y sus org\u00e1nulos. Su teor\u00eda de c\u00f3mo las c\u00e9lulas eucariotas se originaron a partir de la &hellip; <a href=\"https:\/\/iesbenjamin.educacion.navarra.es\/blogs\/igualdad\/ciencia-y-mujer\/lynn-margulis\/\">Sigue leyendo <span class=\"meta-nav\">&rarr;<\/span><\/a><\/p>\n","protected":false},"author":7,"featured_media":0,"parent":13,"menu_order":0,"comment_status":"closed","ping_status":"closed","template":"","meta":[],"_links":{"self":[{"href":"https:\/\/iesbenjamin.educacion.navarra.es\/blogs\/igualdad\/wp-json\/wp\/v2\/pages\/94"}],"collection":[{"href":"https:\/\/iesbenjamin.educacion.navarra.es\/blogs\/igualdad\/wp-json\/wp\/v2\/pages"}],"about":[{"href":"https:\/\/iesbenjamin.educacion.navarra.es\/blogs\/igualdad\/wp-json\/wp\/v2\/types\/page"}],"author":[{"embeddable":true,"href":"https:\/\/iesbenjamin.educacion.navarra.es\/blogs\/igualdad\/wp-json\/wp\/v2\/users\/7"}],"replies":[{"embeddable":true,"href":"https:\/\/iesbenjamin.educacion.navarra.es\/blogs\/igualdad\/wp-json\/wp\/v2\/comments?post=94"}],"version-history":[{"count":3,"href":"https:\/\/iesbenjamin.educacion.navarra.es\/blogs\/igualdad\/wp-json\/wp\/v2\/pages\/94\/revisions"}],"predecessor-version":[{"id":590,"href":"https:\/\/iesbenjamin.educacion.navarra.es\/blogs\/igualdad\/wp-json\/wp\/v2\/pages\/94\/revisions\/590"}],"up":[{"embeddable":true,"href":"https:\/\/iesbenjamin.educacion.navarra.es\/blogs\/igualdad\/wp-json\/wp\/v2\/pages\/13"}],"wp:attachment":[{"href":"https:\/\/iesbenjamin.educacion.navarra.es\/blogs\/igualdad\/wp-json\/wp\/v2\/media?parent=94"}],"curies":[{"name":"wp","href":"https:\/\/api.w.org\/{rel}","templated":true}]}}