{"id":78,"date":"2016-11-02T20:36:15","date_gmt":"2016-11-02T19:36:15","guid":{"rendered":"http:\/\/iesbenjamin.educacion.navarra.es\/blogs\/igualdad\/?page_id=78"},"modified":"2016-11-02T20:44:56","modified_gmt":"2016-11-02T19:44:56","slug":"rosalin-franklin","status":"publish","type":"page","link":"https:\/\/iesbenjamin.educacion.navarra.es\/blogs\/igualdad\/ciencia-y-mujer\/rosalin-franklin\/","title":{"rendered":"ROSALIN FRANKLIN"},"content":{"rendered":"<p style=\"text-align: center\">Vamos avanzando en los diferentes contenidos de Biolog\u00eda en 4\u00ba de ESO, ya conocemos qu\u00e9 estructura tiene el ADN as\u00ed como los cient\u00edficos que elaboraron el modelo de doble h\u00e9lice de esta mol\u00e9cula, James Watson y Francis Crick. Pero los libros de texto todav\u00eda nombran muy de pasada el nombre de la cient\u00edfica que realiz\u00f3 mediante la t\u00e9cnica de difracci\u00f3n de rayos X, la foto de la mol\u00e9cula de ADN que utilizaron Watson y Crick para elaborar su modelo.<\/p>\n<p style=\"text-align: center\"><img loading=\"lazy\" class=\"alignnone size-medium wp-image-79\" src=\"http:\/\/iesbenjamin.educacion.navarra.es\/blogs\/igualdad\/wp-content\/uploads\/sites\/5\/2016\/11\/Photo-51-300x230.jpg\" alt=\"photo-51\" width=\"300\" height=\"230\" srcset=\"https:\/\/iesbenjamin.educacion.navarra.es\/blogs\/igualdad\/wp-content\/uploads\/sites\/5\/2016\/11\/Photo-51-300x230.jpg 300w, https:\/\/iesbenjamin.educacion.navarra.es\/blogs\/igualdad\/wp-content\/uploads\/sites\/5\/2016\/11\/Photo-51-768x590.jpg 768w, https:\/\/iesbenjamin.educacion.navarra.es\/blogs\/igualdad\/wp-content\/uploads\/sites\/5\/2016\/11\/Photo-51.jpg 1000w\" sizes=\"(max-width: 300px) 100vw, 300px\" \/><\/p>\n<h6 style=\"text-align: center\">Fuente:\u00a0http:\/\/elmall.mx\/<\/h6>\n<p style=\"text-align: center\">\u00bfFue una colaboraci\u00f3n \u00ablimpia\u00bb? \u00bfReconocieron Watson y Crick el papel desempa\u00f1ado por Franklin en el proceso?<\/p>\n<p style=\"text-align: center\">Mediante esta actividad el alumnado de 4\u00ba de ESO, en la asignatura de Biolog\u00eda y Geolog\u00eda, conocer\u00e1n m\u00e1s en profundidad lo que realmente sucedi\u00f3 as\u00ed como el tratamiento que recibi\u00f3 Rosalind Franklin por parte de sus colegas.<\/p>\n<p style=\"text-align: center\">La tarea que van a tener que realizar los y las alumnas va a ser un estudio exhaustivo de la biograf\u00eda de Rosalind Franklin preparando una presentaci\u00f3n de diapositivas. La biograf\u00eda m\u00e1s completa ser\u00e1 presentada al resto del grupo por sus autoras\/es. Posteriormente la podremos ver en el blog.<\/p>\n<p style=\"text-align: center\"><img loading=\"lazy\" class=\"alignnone size-medium wp-image-80\" src=\"http:\/\/iesbenjamin.educacion.navarra.es\/blogs\/igualdad\/wp-content\/uploads\/sites\/5\/2016\/11\/arton4062-300x187.jpg\" alt=\"arton4062\" width=\"300\" height=\"187\" srcset=\"https:\/\/iesbenjamin.educacion.navarra.es\/blogs\/igualdad\/wp-content\/uploads\/sites\/5\/2016\/11\/arton4062-300x187.jpg 300w, https:\/\/iesbenjamin.educacion.navarra.es\/blogs\/igualdad\/wp-content\/uploads\/sites\/5\/2016\/11\/arton4062-768x480.jpg 768w, https:\/\/iesbenjamin.educacion.navarra.es\/blogs\/igualdad\/wp-content\/uploads\/sites\/5\/2016\/11\/arton4062.jpg 858w\" sizes=\"(max-width: 300px) 100vw, 300px\" \/><\/p>\n<h6 style=\"text-align: center\">Fuente: \u00a0http:\/\/www.oei.es\/historico\/divulgacioncientifica\/?Rosalind-Franklin-y-la-Estructura-Molecular-del-ADN<\/h6>\n<p style=\"text-align: center\">Adem\u00e1s en el aula trabajaremos textos en los que se reflejan los obst\u00e1culos que tuvo que afrontar Rosalind Franklin en su formaci\u00f3n y carrera cient\u00edfica por el hecho de ser mujer y textos que giran en torno a la desautorizaci\u00f3n de la val\u00eda cient\u00edfica de Franklin.<\/p>\n<p style=\"text-align: center\">Y para finalizar esta entrada, una noticia de El Pa\u00eds, en su secci\u00f3n de Cultura de hace algo m\u00e1s de un a\u00f1o, con el siguiente titular:<\/p>\n<blockquote>\n<p style=\"text-align: center\">Nicole Kidman triunfa como cient\u00edfica en su regreso al teatro<\/p>\n<\/blockquote>\n<p style=\"text-align: center\">Dejo a continuaci\u00f3n la noticia de El Pa\u00eds y el trailer de la obra de teatro.<\/p>\n<p style=\"text-align: center\">photograph-51_-nicole-kidman-triunfa-como-cientifica-en-su-regreso-al-teatro-_-cultura-_-el-pais<\/p>\n<p><iframe loading=\"lazy\" width=\"640\" height=\"360\" src=\"https:\/\/www.youtube.com\/embed\/b3uoyjfyQWQ?feature=oembed\" frameborder=\"0\" allowfullscreen><\/iframe><\/p>\n<ul>\n<li><a href=\"http:\/\/iesbenjamin.educacion.navarra.es\/blogs\/igualdad\/wp-content\/uploads\/sites\/5\/2016\/11\/ROSALIN-FRANKLIN-TAREA-BIOGRAF\u00cdA-2.doc\">rosalin-franklin-tarea-biografia<\/a><\/li>\n<li><a href=\"http:\/\/iesbenjamin.educacion.navarra.es\/blogs\/igualdad\/wp-content\/uploads\/sites\/5\/2016\/11\/TEXTO-I-ROSALIN-FRANKLIN-1.doc\">texto-i-rosalin-franklin<\/a><\/li>\n<li><a href=\"http:\/\/iesbenjamin.educacion.navarra.es\/blogs\/igualdad\/wp-content\/uploads\/sites\/5\/2016\/11\/TEXTO-II-ROSALIND-FRANKLIN-1.doc\">texto-ii-rosalind-franklin<\/a><\/li>\n<li><a href=\"http:\/\/iesbenjamin.educacion.navarra.es\/blogs\/igualdad\/wp-content\/uploads\/sites\/5\/2016\/11\/TEXTO-III-ROSALIND-FRANKLIN-1.doc\">texto-iii-rosalind-franklin<\/a><\/li>\n<\/ul>\n","protected":false},"excerpt":{"rendered":"<p>Vamos avanzando en los diferentes contenidos de Biolog\u00eda en 4\u00ba de ESO, ya conocemos qu\u00e9 estructura tiene el ADN as\u00ed como los cient\u00edficos que elaboraron el modelo de doble h\u00e9lice de esta mol\u00e9cula, James Watson y Francis Crick. Pero los &hellip; <a href=\"https:\/\/iesbenjamin.educacion.navarra.es\/blogs\/igualdad\/ciencia-y-mujer\/rosalin-franklin\/\">Sigue leyendo <span class=\"meta-nav\">&rarr;<\/span><\/a><\/p>\n","protected":false},"author":7,"featured_media":0,"parent":13,"menu_order":0,"comment_status":"closed","ping_status":"closed","template":"","meta":[],"_links":{"self":[{"href":"https:\/\/iesbenjamin.educacion.navarra.es\/blogs\/igualdad\/wp-json\/wp\/v2\/pages\/78"}],"collection":[{"href":"https:\/\/iesbenjamin.educacion.navarra.es\/blogs\/igualdad\/wp-json\/wp\/v2\/pages"}],"about":[{"href":"https:\/\/iesbenjamin.educacion.navarra.es\/blogs\/igualdad\/wp-json\/wp\/v2\/types\/page"}],"author":[{"embeddable":true,"href":"https:\/\/iesbenjamin.educacion.navarra.es\/blogs\/igualdad\/wp-json\/wp\/v2\/users\/7"}],"replies":[{"embeddable":true,"href":"https:\/\/iesbenjamin.educacion.navarra.es\/blogs\/igualdad\/wp-json\/wp\/v2\/comments?post=78"}],"version-history":[{"count":3,"href":"https:\/\/iesbenjamin.educacion.navarra.es\/blogs\/igualdad\/wp-json\/wp\/v2\/pages\/78\/revisions"}],"predecessor-version":[{"id":93,"href":"https:\/\/iesbenjamin.educacion.navarra.es\/blogs\/igualdad\/wp-json\/wp\/v2\/pages\/78\/revisions\/93"}],"up":[{"embeddable":true,"href":"https:\/\/iesbenjamin.educacion.navarra.es\/blogs\/igualdad\/wp-json\/wp\/v2\/pages\/13"}],"wp:attachment":[{"href":"https:\/\/iesbenjamin.educacion.navarra.es\/blogs\/igualdad\/wp-json\/wp\/v2\/media?parent=78"}],"curies":[{"name":"wp","href":"https:\/\/api.w.org\/{rel}","templated":true}]}}