{"id":70,"date":"2016-11-02T19:59:02","date_gmt":"2016-11-02T18:59:02","guid":{"rendered":"http:\/\/iesbenjamin.educacion.navarra.es\/blogs\/igualdad\/?page_id=70"},"modified":"2016-11-02T19:59:02","modified_gmt":"2016-11-02T18:59:02","slug":"jeanne-baret","status":"publish","type":"page","link":"https:\/\/iesbenjamin.educacion.navarra.es\/blogs\/igualdad\/ciencia-y-mujer\/jeanne-baret\/","title":{"rendered":"JEANNE BARET"},"content":{"rendered":"<p style=\"text-align: center\">Continuamos trabajando con nuestro alumnado, en esta ocasi\u00f3n con las alumnas y alumnos de 1\u00ba de ESO.<\/p>\n<p style=\"text-align: center\"><img loading=\"lazy\" class=\"alignnone size-medium wp-image-74\" src=\"http:\/\/iesbenjamin.educacion.navarra.es\/blogs\/igualdad\/wp-content\/uploads\/sites\/5\/2016\/11\/madle_bare-183x300.jpg\" alt=\"madle_bare\" width=\"183\" height=\"300\" srcset=\"https:\/\/iesbenjamin.educacion.navarra.es\/blogs\/igualdad\/wp-content\/uploads\/sites\/5\/2016\/11\/madle_bare-183x300.jpg 183w, https:\/\/iesbenjamin.educacion.navarra.es\/blogs\/igualdad\/wp-content\/uploads\/sites\/5\/2016\/11\/madle_bare.jpg 300w\" sizes=\"(max-width: 183px) 100vw, 183px\" \/><\/p>\n<p style=\"text-align: center\">Partiendo de la noticia en un peri\u00f3dico digital de la publicaci\u00f3n de un libro en el que se narra la biograf\u00eda de Jeanne Baret, hacemos un an\u00e1lisis de las haza\u00f1as que llev\u00f3 a cabo esta mujer\u00a0y su nulo reconocimiento en el mundo de la Bot\u00e1nica.<\/p>\n<p style=\"text-align: center\"><a href=\"http:\/\/iesbenjamin.educacion.navarra.es\/blogs\/igualdad\/wp-content\/uploads\/sites\/5\/2016\/11\/Jeanne-Baret-BOT\u00c1NICA.doc\">jeanne-baret-botanica<\/a><\/p>\n","protected":false},"excerpt":{"rendered":"<p>Continuamos trabajando con nuestro alumnado, en esta ocasi\u00f3n con las alumnas y alumnos de 1\u00ba de ESO. Partiendo de la noticia en un peri\u00f3dico digital de la publicaci\u00f3n de un libro en el que se narra la biograf\u00eda de Jeanne &hellip; <a href=\"https:\/\/iesbenjamin.educacion.navarra.es\/blogs\/igualdad\/ciencia-y-mujer\/jeanne-baret\/\">Sigue leyendo <span class=\"meta-nav\">&rarr;<\/span><\/a><\/p>\n","protected":false},"author":7,"featured_media":0,"parent":13,"menu_order":0,"comment_status":"closed","ping_status":"closed","template":"","meta":[],"_links":{"self":[{"href":"https:\/\/iesbenjamin.educacion.navarra.es\/blogs\/igualdad\/wp-json\/wp\/v2\/pages\/70"}],"collection":[{"href":"https:\/\/iesbenjamin.educacion.navarra.es\/blogs\/igualdad\/wp-json\/wp\/v2\/pages"}],"about":[{"href":"https:\/\/iesbenjamin.educacion.navarra.es\/blogs\/igualdad\/wp-json\/wp\/v2\/types\/page"}],"author":[{"embeddable":true,"href":"https:\/\/iesbenjamin.educacion.navarra.es\/blogs\/igualdad\/wp-json\/wp\/v2\/users\/7"}],"replies":[{"embeddable":true,"href":"https:\/\/iesbenjamin.educacion.navarra.es\/blogs\/igualdad\/wp-json\/wp\/v2\/comments?post=70"}],"version-history":[{"count":3,"href":"https:\/\/iesbenjamin.educacion.navarra.es\/blogs\/igualdad\/wp-json\/wp\/v2\/pages\/70\/revisions"}],"predecessor-version":[{"id":76,"href":"https:\/\/iesbenjamin.educacion.navarra.es\/blogs\/igualdad\/wp-json\/wp\/v2\/pages\/70\/revisions\/76"}],"up":[{"embeddable":true,"href":"https:\/\/iesbenjamin.educacion.navarra.es\/blogs\/igualdad\/wp-json\/wp\/v2\/pages\/13"}],"wp:attachment":[{"href":"https:\/\/iesbenjamin.educacion.navarra.es\/blogs\/igualdad\/wp-json\/wp\/v2\/media?parent=70"}],"curies":[{"name":"wp","href":"https:\/\/api.w.org\/{rel}","templated":true}]}}