{"id":67,"date":"2016-10-17T22:25:08","date_gmt":"2016-10-17T20:25:08","guid":{"rendered":"http:\/\/iesbenjamin.educacion.navarra.es\/blogs\/igualdad\/?page_id=67"},"modified":"2019-03-26T10:35:40","modified_gmt":"2019-03-26T09:35:40","slug":"25-n","status":"publish","type":"page","link":"https:\/\/iesbenjamin.educacion.navarra.es\/blogs\/igualdad\/25-n\/","title":{"rendered":"25 N"},"content":{"rendered":"<p style=\"text-align: center\"><strong>25 de Noviembre<\/strong><\/p>\n<h1 id=\"firstHeading\" class=\"firstHeading\" style=\"text-align: center\"><span style=\"color: #800080\"><strong>D\u00eda Internacional para&nbsp;la Eliminaci\u00f3n de las Violencias hacia&nbsp;las Mujeres<\/strong><\/span><\/h1>\n<p style=\"text-align: center\">El IES Benjam\u00edn de Tudela se ha sumado a la celebraci\u00f3n del d\u00eda internacional&nbsp;para la eliminaci\u00f3n de las violencias hacia las mujeres. A lo largo de la ma\u00f1ana se han realizado diversas actividades.<\/p>\n<p style=\"text-align: center\">Los d\u00edas previos se anim\u00f3 a toda la comunidad educativa a que el viernes 25 de noviembre se acudiera al instituto con alguna prenda de color morado. La respuesta fue muy buena entre el profesorado, personal laboral y alumnado.<\/p>\n<p style=\"text-align: center\">La primera actuaci\u00f3n que realizamos fue la lectura de un &nbsp;comunicado por parte de una alumna del centro, en uno de los patios del instituto.<\/p>\n<p style=\"text-align: center\"><span style=\"color: #800080\"><strong>COMUNICADO<\/strong><\/span><\/p>\n<p style=\"text-align: center\"><img loading=\"lazy\" class=\"alignnone size-medium wp-image-138\" src=\"http:\/\/iesbenjamin.educacion.navarra.es\/blogs\/igualdad\/wp-content\/uploads\/sites\/5\/2016\/10\/Imagen1-199x300.jpg\" alt=\"imagen1\" width=\"199\" height=\"300\" srcset=\"https:\/\/iesbenjamin.educacion.navarra.es\/blogs\/igualdad\/wp-content\/uploads\/sites\/5\/2016\/10\/Imagen1-199x300.jpg 199w, https:\/\/iesbenjamin.educacion.navarra.es\/blogs\/igualdad\/wp-content\/uploads\/sites\/5\/2016\/10\/Imagen1-768x1155.jpg 768w, https:\/\/iesbenjamin.educacion.navarra.es\/blogs\/igualdad\/wp-content\/uploads\/sites\/5\/2016\/10\/Imagen1-681x1024.jpg 681w, https:\/\/iesbenjamin.educacion.navarra.es\/blogs\/igualdad\/wp-content\/uploads\/sites\/5\/2016\/10\/Imagen1.jpg 960w\" sizes=\"(max-width: 199px) 100vw, 199px\" \/><\/p>\n<p style=\"text-align: center\"><strong><span style=\"color: #800080\">EL IES BENJAM\u00cdN DE TUDELA CONTRA LA VIOLENCIA DE G\u00c9NERO<\/span><\/strong><\/p>\n<p style=\"text-align: center\"><strong><span style=\"color: #800080\">En este 25 de noviembre, d\u00eda internacional contra la violencia hacia las mujeres, queremos generar conciencia en torno a la realidad de que la violencia contra las mujeres es una de las formas de violencia m\u00e1s extendida en el mundo.<\/span><\/strong><\/p>\n<p style=\"text-align: center\"><strong><span style=\"color: #800080\">Cada vez m\u00e1s hombres y mujeres, chicos y chicas, manifiestan su compromiso y su voluntad de prevenir la violencia contra las mujeres en todas sus manifestaciones.<\/span><\/strong><\/p>\n<p style=\"text-align: center\"><strong><span style=\"color: #800080\">Es por lo que en este d\u00eda todo el alumnado, el profesorado y personal laboral del Instituto Benjam\u00edn de Tudela proponemos:<\/span><\/strong><\/p>\n<ul style=\"text-align: center\">\n<li style=\"text-align: left\"><strong><span style=\"color: #800080\">Defender y hacer respetar los derechos de las mujeres y los dem\u00e1s derechos humanos.<\/span><\/strong><\/li>\n<li style=\"text-align: left\"><strong><span style=\"color: #800080\">Descartar todo tipo de violencia.<\/span><\/strong><\/li>\n<li style=\"text-align: left\"><strong><span style=\"color: #800080\">Apoyar a las mujeres y hombres en su lucha contra la violencia y solidarizarnos con las mujeres que la padecen.<\/span><\/strong><\/li>\n<li style=\"text-align: left\"><strong><span style=\"color: #800080\">Aprender a resolver pac\u00edficamente nuestros conflictos.<\/span><\/strong><\/li>\n<li style=\"text-align: left\"><strong><span style=\"color: #800080\">No imponer nuestros deseos por la fuerza.<\/span><\/strong><\/li>\n<li style=\"text-align: left\"><strong><span style=\"color: #800080\">Utilizar modelos educativos dialogantes y cooperativos.<\/span><\/strong><\/li>\n<\/ul>\n<p>&nbsp;<\/p>\n<p style=\"text-align: center\"><strong><span style=\"color: #800080\">Reclamamos a la sociedad y a las autoridades que no escatimen en recursos para combatir la violencia de g\u00e9nero y que la coeducaci\u00f3n sea un principio rector de nuestro sistema educativo.<\/span><\/strong><\/p>\n<hr>\n<p style=\"text-align: center\"><strong><span style=\"color: #800080\">Por \u00faltimo decir a las mujeres adolescentes de este centro, que sean due\u00f1as de sus vidas y de sus sentimientos, que no se dejen controlar, que sean ellas mismas. Y a nuestros compa\u00f1eros, hombres adolescentes, decirles que dispensar buenos tratos, mostrarse sensibles, respetar a las mujeres en sus decisiones, opiniones y deseos, es la mejor manera de ser felices y contribuir a la felicidad ajena.<\/span><\/strong><\/p>\n<p style=\"text-align: center\">&nbsp;<img loading=\"lazy\" class=\"alignnone size-medium wp-image-139\" src=\"http:\/\/iesbenjamin.educacion.navarra.es\/blogs\/igualdad\/wp-content\/uploads\/sites\/5\/2016\/10\/Imagen2-300x199.jpg\" alt=\"imagen2\" width=\"300\" height=\"199\" srcset=\"https:\/\/iesbenjamin.educacion.navarra.es\/blogs\/igualdad\/wp-content\/uploads\/sites\/5\/2016\/10\/Imagen2-300x199.jpg 300w, https:\/\/iesbenjamin.educacion.navarra.es\/blogs\/igualdad\/wp-content\/uploads\/sites\/5\/2016\/10\/Imagen2-768x511.jpg 768w, https:\/\/iesbenjamin.educacion.navarra.es\/blogs\/igualdad\/wp-content\/uploads\/sites\/5\/2016\/10\/Imagen2-1024x681.jpg 1024w, https:\/\/iesbenjamin.educacion.navarra.es\/blogs\/igualdad\/wp-content\/uploads\/sites\/5\/2016\/10\/Imagen2.jpg 1444w\" sizes=\"(max-width: 300px) 100vw, 300px\" \/><img loading=\"lazy\" class=\"alignnone size-medium wp-image-140\" src=\"http:\/\/iesbenjamin.educacion.navarra.es\/blogs\/igualdad\/wp-content\/uploads\/sites\/5\/2016\/10\/Imagen3-300x199.jpg\" alt=\"imagen3\" width=\"300\" height=\"199\" srcset=\"https:\/\/iesbenjamin.educacion.navarra.es\/blogs\/igualdad\/wp-content\/uploads\/sites\/5\/2016\/10\/Imagen3-300x199.jpg 300w, https:\/\/iesbenjamin.educacion.navarra.es\/blogs\/igualdad\/wp-content\/uploads\/sites\/5\/2016\/10\/Imagen3-768x511.jpg 768w, https:\/\/iesbenjamin.educacion.navarra.es\/blogs\/igualdad\/wp-content\/uploads\/sites\/5\/2016\/10\/Imagen3-1024x681.jpg 1024w, https:\/\/iesbenjamin.educacion.navarra.es\/blogs\/igualdad\/wp-content\/uploads\/sites\/5\/2016\/10\/Imagen3.jpg 1444w\" sizes=\"(max-width: 300px) 100vw, 300px\" \/><img loading=\"lazy\" class=\"alignnone size-medium wp-image-141\" src=\"http:\/\/iesbenjamin.educacion.navarra.es\/blogs\/igualdad\/wp-content\/uploads\/sites\/5\/2016\/10\/Imagen4-300x199.jpg\" alt=\"imagen4\" width=\"300\" height=\"199\" srcset=\"https:\/\/iesbenjamin.educacion.navarra.es\/blogs\/igualdad\/wp-content\/uploads\/sites\/5\/2016\/10\/Imagen4-300x199.jpg 300w, https:\/\/iesbenjamin.educacion.navarra.es\/blogs\/igualdad\/wp-content\/uploads\/sites\/5\/2016\/10\/Imagen4-768x511.jpg 768w, https:\/\/iesbenjamin.educacion.navarra.es\/blogs\/igualdad\/wp-content\/uploads\/sites\/5\/2016\/10\/Imagen4-1024x681.jpg 1024w, https:\/\/iesbenjamin.educacion.navarra.es\/blogs\/igualdad\/wp-content\/uploads\/sites\/5\/2016\/10\/Imagen4.jpg 1444w\" sizes=\"(max-width: 300px) 100vw, 300px\" \/><\/p>\n<p style=\"text-align: center\">Otra de las acciones realizadas el 25 de noviembre fue la realizaci\u00f3n por parte del alumnado de 2\u00ba de ESO (desde el \u00e1rea de Educaci\u00f3n Pl\u00e1stica y Visual, con la colaboraci\u00f3n de la profesora Laura Mart\u00ednez) de una instalaci\u00f3n de murales-carteles que representan por un lado mensajes de control de los y las j\u00f3venes a sus parejas y por otro lado mensajes cargados de libertad y confianza. Un ejemplo de estos carteles que se pegaron en el suelo de la planta calle del instituto se muestra en las siguientes fotograf\u00edas:<\/p>\n<p style=\"text-align: center\"><img loading=\"lazy\" class=\"alignnone size-medium wp-image-142\" src=\"http:\/\/iesbenjamin.educacion.navarra.es\/blogs\/igualdad\/wp-content\/uploads\/sites\/5\/2016\/10\/Imagen5-199x300.jpg\" alt=\"imagen5\" width=\"199\" height=\"300\" srcset=\"https:\/\/iesbenjamin.educacion.navarra.es\/blogs\/igualdad\/wp-content\/uploads\/sites\/5\/2016\/10\/Imagen5-199x300.jpg 199w, https:\/\/iesbenjamin.educacion.navarra.es\/blogs\/igualdad\/wp-content\/uploads\/sites\/5\/2016\/10\/Imagen5-768x1155.jpg 768w, https:\/\/iesbenjamin.educacion.navarra.es\/blogs\/igualdad\/wp-content\/uploads\/sites\/5\/2016\/10\/Imagen5-681x1024.jpg 681w, https:\/\/iesbenjamin.educacion.navarra.es\/blogs\/igualdad\/wp-content\/uploads\/sites\/5\/2016\/10\/Imagen5.jpg 960w\" sizes=\"(max-width: 199px) 100vw, 199px\" \/><img loading=\"lazy\" class=\"alignnone size-medium wp-image-143\" src=\"http:\/\/iesbenjamin.educacion.navarra.es\/blogs\/igualdad\/wp-content\/uploads\/sites\/5\/2016\/10\/Imagen6-199x300.jpg\" alt=\"imagen6\" width=\"199\" height=\"300\" srcset=\"https:\/\/iesbenjamin.educacion.navarra.es\/blogs\/igualdad\/wp-content\/uploads\/sites\/5\/2016\/10\/Imagen6-199x300.jpg 199w, https:\/\/iesbenjamin.educacion.navarra.es\/blogs\/igualdad\/wp-content\/uploads\/sites\/5\/2016\/10\/Imagen6-768x1155.jpg 768w, https:\/\/iesbenjamin.educacion.navarra.es\/blogs\/igualdad\/wp-content\/uploads\/sites\/5\/2016\/10\/Imagen6-681x1024.jpg 681w, https:\/\/iesbenjamin.educacion.navarra.es\/blogs\/igualdad\/wp-content\/uploads\/sites\/5\/2016\/10\/Imagen6.jpg 960w\" sizes=\"(max-width: 199px) 100vw, 199px\" \/><\/p>\n<p style=\"text-align: center\">Por \u00faltimo, a lo largo de la ma\u00f1ana, alumnado, profesorado y personal laboral del centro nos hicimos fotograf\u00edas en un fotocall en el que se escrib\u00edan mensajes solidarios, de apoyo y de reconocimiento en contra de la violencia dirigida hacia las mujeres.<\/p>\n<p style=\"text-align: center\"><img loading=\"lazy\" class=\"alignnone size-medium wp-image-144\" src=\"http:\/\/iesbenjamin.educacion.navarra.es\/blogs\/igualdad\/wp-content\/uploads\/sites\/5\/2016\/10\/Imagen7-300x199.jpg\" alt=\"imagen7\" width=\"300\" height=\"199\" srcset=\"https:\/\/iesbenjamin.educacion.navarra.es\/blogs\/igualdad\/wp-content\/uploads\/sites\/5\/2016\/10\/Imagen7-300x199.jpg 300w, https:\/\/iesbenjamin.educacion.navarra.es\/blogs\/igualdad\/wp-content\/uploads\/sites\/5\/2016\/10\/Imagen7-768x511.jpg 768w, https:\/\/iesbenjamin.educacion.navarra.es\/blogs\/igualdad\/wp-content\/uploads\/sites\/5\/2016\/10\/Imagen7-1024x681.jpg 1024w, https:\/\/iesbenjamin.educacion.navarra.es\/blogs\/igualdad\/wp-content\/uploads\/sites\/5\/2016\/10\/Imagen7.jpg 1444w\" sizes=\"(max-width: 300px) 100vw, 300px\" \/><img loading=\"lazy\" class=\"alignnone size-medium wp-image-145\" src=\"http:\/\/iesbenjamin.educacion.navarra.es\/blogs\/igualdad\/wp-content\/uploads\/sites\/5\/2016\/10\/Imagen8-300x199.jpg\" alt=\"imagen8\" width=\"300\" height=\"199\" srcset=\"https:\/\/iesbenjamin.educacion.navarra.es\/blogs\/igualdad\/wp-content\/uploads\/sites\/5\/2016\/10\/Imagen8-300x199.jpg 300w, https:\/\/iesbenjamin.educacion.navarra.es\/blogs\/igualdad\/wp-content\/uploads\/sites\/5\/2016\/10\/Imagen8-768x511.jpg 768w, https:\/\/iesbenjamin.educacion.navarra.es\/blogs\/igualdad\/wp-content\/uploads\/sites\/5\/2016\/10\/Imagen8-1024x681.jpg 1024w, https:\/\/iesbenjamin.educacion.navarra.es\/blogs\/igualdad\/wp-content\/uploads\/sites\/5\/2016\/10\/Imagen8.jpg 1444w\" sizes=\"(max-width: 300px) 100vw, 300px\" \/><img loading=\"lazy\" class=\"alignnone size-medium wp-image-146\" src=\"http:\/\/iesbenjamin.educacion.navarra.es\/blogs\/igualdad\/wp-content\/uploads\/sites\/5\/2016\/10\/Imagen9-300x199.jpg\" alt=\"imagen9\" width=\"300\" height=\"199\" srcset=\"https:\/\/iesbenjamin.educacion.navarra.es\/blogs\/igualdad\/wp-content\/uploads\/sites\/5\/2016\/10\/Imagen9-300x199.jpg 300w, https:\/\/iesbenjamin.educacion.navarra.es\/blogs\/igualdad\/wp-content\/uploads\/sites\/5\/2016\/10\/Imagen9-768x511.jpg 768w, https:\/\/iesbenjamin.educacion.navarra.es\/blogs\/igualdad\/wp-content\/uploads\/sites\/5\/2016\/10\/Imagen9-1024x681.jpg 1024w, https:\/\/iesbenjamin.educacion.navarra.es\/blogs\/igualdad\/wp-content\/uploads\/sites\/5\/2016\/10\/Imagen9.jpg 1444w\" sizes=\"(max-width: 300px) 100vw, 300px\" \/><img loading=\"lazy\" class=\"alignnone size-medium wp-image-147\" src=\"http:\/\/iesbenjamin.educacion.navarra.es\/blogs\/igualdad\/wp-content\/uploads\/sites\/5\/2016\/10\/Imagen10-199x300.jpg\" alt=\"imagen10\" width=\"199\" height=\"300\" srcset=\"https:\/\/iesbenjamin.educacion.navarra.es\/blogs\/igualdad\/wp-content\/uploads\/sites\/5\/2016\/10\/Imagen10-199x300.jpg 199w, https:\/\/iesbenjamin.educacion.navarra.es\/blogs\/igualdad\/wp-content\/uploads\/sites\/5\/2016\/10\/Imagen10-768x1155.jpg 768w, https:\/\/iesbenjamin.educacion.navarra.es\/blogs\/igualdad\/wp-content\/uploads\/sites\/5\/2016\/10\/Imagen10-681x1024.jpg 681w, https:\/\/iesbenjamin.educacion.navarra.es\/blogs\/igualdad\/wp-content\/uploads\/sites\/5\/2016\/10\/Imagen10.jpg 960w\" sizes=\"(max-width: 199px) 100vw, 199px\" \/><img loading=\"lazy\" class=\"alignnone size-medium wp-image-148\" src=\"http:\/\/iesbenjamin.educacion.navarra.es\/blogs\/igualdad\/wp-content\/uploads\/sites\/5\/2016\/10\/Imagen11-199x300.jpg\" alt=\"imagen11\" width=\"199\" height=\"300\" srcset=\"https:\/\/iesbenjamin.educacion.navarra.es\/blogs\/igualdad\/wp-content\/uploads\/sites\/5\/2016\/10\/Imagen11-199x300.jpg 199w, https:\/\/iesbenjamin.educacion.navarra.es\/blogs\/igualdad\/wp-content\/uploads\/sites\/5\/2016\/10\/Imagen11-768x1155.jpg 768w, https:\/\/iesbenjamin.educacion.navarra.es\/blogs\/igualdad\/wp-content\/uploads\/sites\/5\/2016\/10\/Imagen11-681x1024.jpg 681w, https:\/\/iesbenjamin.educacion.navarra.es\/blogs\/igualdad\/wp-content\/uploads\/sites\/5\/2016\/10\/Imagen11.jpg 960w\" sizes=\"(max-width: 199px) 100vw, 199px\" \/><img loading=\"lazy\" class=\"alignnone size-medium wp-image-149\" src=\"http:\/\/iesbenjamin.educacion.navarra.es\/blogs\/igualdad\/wp-content\/uploads\/sites\/5\/2016\/10\/Imagen12-199x300.jpg\" alt=\"imagen12\" width=\"199\" height=\"300\" srcset=\"https:\/\/iesbenjamin.educacion.navarra.es\/blogs\/igualdad\/wp-content\/uploads\/sites\/5\/2016\/10\/Imagen12-199x300.jpg 199w, https:\/\/iesbenjamin.educacion.navarra.es\/blogs\/igualdad\/wp-content\/uploads\/sites\/5\/2016\/10\/Imagen12-768x1155.jpg 768w, https:\/\/iesbenjamin.educacion.navarra.es\/blogs\/igualdad\/wp-content\/uploads\/sites\/5\/2016\/10\/Imagen12-681x1024.jpg 681w, https:\/\/iesbenjamin.educacion.navarra.es\/blogs\/igualdad\/wp-content\/uploads\/sites\/5\/2016\/10\/Imagen12.jpg 960w\" sizes=\"(max-width: 199px) 100vw, 199px\" \/><img loading=\"lazy\" class=\"alignnone size-medium wp-image-150\" src=\"http:\/\/iesbenjamin.educacion.navarra.es\/blogs\/igualdad\/wp-content\/uploads\/sites\/5\/2016\/10\/Imagen13-300x199.jpg\" alt=\"imagen13\" width=\"300\" height=\"199\" srcset=\"https:\/\/iesbenjamin.educacion.navarra.es\/blogs\/igualdad\/wp-content\/uploads\/sites\/5\/2016\/10\/Imagen13-300x199.jpg 300w, https:\/\/iesbenjamin.educacion.navarra.es\/blogs\/igualdad\/wp-content\/uploads\/sites\/5\/2016\/10\/Imagen13-768x511.jpg 768w, https:\/\/iesbenjamin.educacion.navarra.es\/blogs\/igualdad\/wp-content\/uploads\/sites\/5\/2016\/10\/Imagen13-1024x681.jpg 1024w, https:\/\/iesbenjamin.educacion.navarra.es\/blogs\/igualdad\/wp-content\/uploads\/sites\/5\/2016\/10\/Imagen13.jpg 1444w\" sizes=\"(max-width: 300px) 100vw, 300px\" \/><img loading=\"lazy\" class=\"alignnone size-medium wp-image-151\" src=\"http:\/\/iesbenjamin.educacion.navarra.es\/blogs\/igualdad\/wp-content\/uploads\/sites\/5\/2016\/10\/Imagen14-300x199.jpg\" alt=\"imagen14\" width=\"300\" height=\"199\" srcset=\"https:\/\/iesbenjamin.educacion.navarra.es\/blogs\/igualdad\/wp-content\/uploads\/sites\/5\/2016\/10\/Imagen14-300x199.jpg 300w, https:\/\/iesbenjamin.educacion.navarra.es\/blogs\/igualdad\/wp-content\/uploads\/sites\/5\/2016\/10\/Imagen14-768x511.jpg 768w, https:\/\/iesbenjamin.educacion.navarra.es\/blogs\/igualdad\/wp-content\/uploads\/sites\/5\/2016\/10\/Imagen14-1024x681.jpg 1024w, https:\/\/iesbenjamin.educacion.navarra.es\/blogs\/igualdad\/wp-content\/uploads\/sites\/5\/2016\/10\/Imagen14.jpg 1444w\" sizes=\"(max-width: 300px) 100vw, 300px\" \/><img loading=\"lazy\" class=\"alignnone size-medium wp-image-152\" src=\"http:\/\/iesbenjamin.educacion.navarra.es\/blogs\/igualdad\/wp-content\/uploads\/sites\/5\/2016\/10\/Imagen15-300x199.jpg\" alt=\"imagen15\" width=\"300\" height=\"199\" srcset=\"https:\/\/iesbenjamin.educacion.navarra.es\/blogs\/igualdad\/wp-content\/uploads\/sites\/5\/2016\/10\/Imagen15-300x199.jpg 300w, https:\/\/iesbenjamin.educacion.navarra.es\/blogs\/igualdad\/wp-content\/uploads\/sites\/5\/2016\/10\/Imagen15-768x511.jpg 768w, https:\/\/iesbenjamin.educacion.navarra.es\/blogs\/igualdad\/wp-content\/uploads\/sites\/5\/2016\/10\/Imagen15-1024x681.jpg 1024w, https:\/\/iesbenjamin.educacion.navarra.es\/blogs\/igualdad\/wp-content\/uploads\/sites\/5\/2016\/10\/Imagen15.jpg 1444w\" sizes=\"(max-width: 300px) 100vw, 300px\" \/><img loading=\"lazy\" class=\"alignnone size-medium wp-image-153\" src=\"http:\/\/iesbenjamin.educacion.navarra.es\/blogs\/igualdad\/wp-content\/uploads\/sites\/5\/2016\/10\/Imagen16-199x300.jpg\" alt=\"imagen16\" width=\"199\" height=\"300\" srcset=\"https:\/\/iesbenjamin.educacion.navarra.es\/blogs\/igualdad\/wp-content\/uploads\/sites\/5\/2016\/10\/Imagen16-199x300.jpg 199w, https:\/\/iesbenjamin.educacion.navarra.es\/blogs\/igualdad\/wp-content\/uploads\/sites\/5\/2016\/10\/Imagen16-768x1155.jpg 768w, https:\/\/iesbenjamin.educacion.navarra.es\/blogs\/igualdad\/wp-content\/uploads\/sites\/5\/2016\/10\/Imagen16-681x1024.jpg 681w, https:\/\/iesbenjamin.educacion.navarra.es\/blogs\/igualdad\/wp-content\/uploads\/sites\/5\/2016\/10\/Imagen16.jpg 960w\" sizes=\"(max-width: 199px) 100vw, 199px\" \/><img loading=\"lazy\" class=\"alignnone size-medium wp-image-154\" src=\"http:\/\/iesbenjamin.educacion.navarra.es\/blogs\/igualdad\/wp-content\/uploads\/sites\/5\/2016\/10\/Imagen17-300x199.jpg\" alt=\"imagen17\" width=\"300\" height=\"199\" srcset=\"https:\/\/iesbenjamin.educacion.navarra.es\/blogs\/igualdad\/wp-content\/uploads\/sites\/5\/2016\/10\/Imagen17-300x199.jpg 300w, https:\/\/iesbenjamin.educacion.navarra.es\/blogs\/igualdad\/wp-content\/uploads\/sites\/5\/2016\/10\/Imagen17-768x511.jpg 768w, https:\/\/iesbenjamin.educacion.navarra.es\/blogs\/igualdad\/wp-content\/uploads\/sites\/5\/2016\/10\/Imagen17-1024x681.jpg 1024w, https:\/\/iesbenjamin.educacion.navarra.es\/blogs\/igualdad\/wp-content\/uploads\/sites\/5\/2016\/10\/Imagen17.jpg 1444w\" sizes=\"(max-width: 300px) 100vw, 300px\" \/><img loading=\"lazy\" class=\"alignnone size-medium wp-image-155\" src=\"http:\/\/iesbenjamin.educacion.navarra.es\/blogs\/igualdad\/wp-content\/uploads\/sites\/5\/2016\/10\/Imagen18-300x199.jpg\" alt=\"imagen18\" width=\"300\" height=\"199\" srcset=\"https:\/\/iesbenjamin.educacion.navarra.es\/blogs\/igualdad\/wp-content\/uploads\/sites\/5\/2016\/10\/Imagen18-300x199.jpg 300w, https:\/\/iesbenjamin.educacion.navarra.es\/blogs\/igualdad\/wp-content\/uploads\/sites\/5\/2016\/10\/Imagen18-768x511.jpg 768w, https:\/\/iesbenjamin.educacion.navarra.es\/blogs\/igualdad\/wp-content\/uploads\/sites\/5\/2016\/10\/Imagen18-1024x681.jpg 1024w, https:\/\/iesbenjamin.educacion.navarra.es\/blogs\/igualdad\/wp-content\/uploads\/sites\/5\/2016\/10\/Imagen18.jpg 1444w\" sizes=\"(max-width: 300px) 100vw, 300px\" \/><img loading=\"lazy\" class=\"alignnone size-medium wp-image-156\" src=\"http:\/\/iesbenjamin.educacion.navarra.es\/blogs\/igualdad\/wp-content\/uploads\/sites\/5\/2016\/10\/Imagen19-300x199.jpg\" alt=\"imagen19\" width=\"300\" height=\"199\" srcset=\"https:\/\/iesbenjamin.educacion.navarra.es\/blogs\/igualdad\/wp-content\/uploads\/sites\/5\/2016\/10\/Imagen19-300x199.jpg 300w, https:\/\/iesbenjamin.educacion.navarra.es\/blogs\/igualdad\/wp-content\/uploads\/sites\/5\/2016\/10\/Imagen19-768x511.jpg 768w, https:\/\/iesbenjamin.educacion.navarra.es\/blogs\/igualdad\/wp-content\/uploads\/sites\/5\/2016\/10\/Imagen19-1024x681.jpg 1024w, https:\/\/iesbenjamin.educacion.navarra.es\/blogs\/igualdad\/wp-content\/uploads\/sites\/5\/2016\/10\/Imagen19.jpg 1444w\" sizes=\"(max-width: 300px) 100vw, 300px\" \/><img loading=\"lazy\" class=\"alignnone size-medium wp-image-157\" src=\"http:\/\/iesbenjamin.educacion.navarra.es\/blogs\/igualdad\/wp-content\/uploads\/sites\/5\/2016\/10\/Imagen20-199x300.jpg\" alt=\"imagen20\" width=\"199\" height=\"300\" srcset=\"https:\/\/iesbenjamin.educacion.navarra.es\/blogs\/igualdad\/wp-content\/uploads\/sites\/5\/2016\/10\/Imagen20-199x300.jpg 199w, https:\/\/iesbenjamin.educacion.navarra.es\/blogs\/igualdad\/wp-content\/uploads\/sites\/5\/2016\/10\/Imagen20-768x1155.jpg 768w, https:\/\/iesbenjamin.educacion.navarra.es\/blogs\/igualdad\/wp-content\/uploads\/sites\/5\/2016\/10\/Imagen20-681x1024.jpg 681w, https:\/\/iesbenjamin.educacion.navarra.es\/blogs\/igualdad\/wp-content\/uploads\/sites\/5\/2016\/10\/Imagen20.jpg 960w\" sizes=\"(max-width: 199px) 100vw, 199px\" \/><img loading=\"lazy\" class=\"alignnone size-medium wp-image-158\" src=\"http:\/\/iesbenjamin.educacion.navarra.es\/blogs\/igualdad\/wp-content\/uploads\/sites\/5\/2016\/10\/Imagen21-300x199.jpg\" alt=\"imagen21\" width=\"300\" height=\"199\" srcset=\"https:\/\/iesbenjamin.educacion.navarra.es\/blogs\/igualdad\/wp-content\/uploads\/sites\/5\/2016\/10\/Imagen21-300x199.jpg 300w, https:\/\/iesbenjamin.educacion.navarra.es\/blogs\/igualdad\/wp-content\/uploads\/sites\/5\/2016\/10\/Imagen21-768x511.jpg 768w, https:\/\/iesbenjamin.educacion.navarra.es\/blogs\/igualdad\/wp-content\/uploads\/sites\/5\/2016\/10\/Imagen21-1024x681.jpg 1024w, https:\/\/iesbenjamin.educacion.navarra.es\/blogs\/igualdad\/wp-content\/uploads\/sites\/5\/2016\/10\/Imagen21.jpg 1444w\" sizes=\"(max-width: 300px) 100vw, 300px\" \/><img loading=\"lazy\" class=\"alignnone size-medium wp-image-159\" src=\"http:\/\/iesbenjamin.educacion.navarra.es\/blogs\/igualdad\/wp-content\/uploads\/sites\/5\/2016\/10\/Imagen22-199x300.jpg\" alt=\"imagen22\" width=\"199\" height=\"300\" srcset=\"https:\/\/iesbenjamin.educacion.navarra.es\/blogs\/igualdad\/wp-content\/uploads\/sites\/5\/2016\/10\/Imagen22-199x300.jpg 199w, https:\/\/iesbenjamin.educacion.navarra.es\/blogs\/igualdad\/wp-content\/uploads\/sites\/5\/2016\/10\/Imagen22-768x1155.jpg 768w, https:\/\/iesbenjamin.educacion.navarra.es\/blogs\/igualdad\/wp-content\/uploads\/sites\/5\/2016\/10\/Imagen22-681x1024.jpg 681w, https:\/\/iesbenjamin.educacion.navarra.es\/blogs\/igualdad\/wp-content\/uploads\/sites\/5\/2016\/10\/Imagen22.jpg 960w\" sizes=\"(max-width: 199px) 100vw, 199px\" \/><img loading=\"lazy\" class=\"alignnone size-medium wp-image-160\" src=\"http:\/\/iesbenjamin.educacion.navarra.es\/blogs\/igualdad\/wp-content\/uploads\/sites\/5\/2016\/10\/Imagen23-199x300.jpg\" alt=\"imagen23\" width=\"199\" height=\"300\" srcset=\"https:\/\/iesbenjamin.educacion.navarra.es\/blogs\/igualdad\/wp-content\/uploads\/sites\/5\/2016\/10\/Imagen23-199x300.jpg 199w, https:\/\/iesbenjamin.educacion.navarra.es\/blogs\/igualdad\/wp-content\/uploads\/sites\/5\/2016\/10\/Imagen23-768x1155.jpg 768w, https:\/\/iesbenjamin.educacion.navarra.es\/blogs\/igualdad\/wp-content\/uploads\/sites\/5\/2016\/10\/Imagen23-681x1024.jpg 681w, https:\/\/iesbenjamin.educacion.navarra.es\/blogs\/igualdad\/wp-content\/uploads\/sites\/5\/2016\/10\/Imagen23.jpg 960w\" sizes=\"(max-width: 199px) 100vw, 199px\" \/><img loading=\"lazy\" class=\"alignnone size-medium wp-image-161\" src=\"http:\/\/iesbenjamin.educacion.navarra.es\/blogs\/igualdad\/wp-content\/uploads\/sites\/5\/2016\/10\/Imagen24-300x199.jpg\" alt=\"imagen24\" width=\"300\" height=\"199\" srcset=\"https:\/\/iesbenjamin.educacion.navarra.es\/blogs\/igualdad\/wp-content\/uploads\/sites\/5\/2016\/10\/Imagen24-300x199.jpg 300w, https:\/\/iesbenjamin.educacion.navarra.es\/blogs\/igualdad\/wp-content\/uploads\/sites\/5\/2016\/10\/Imagen24-768x511.jpg 768w, https:\/\/iesbenjamin.educacion.navarra.es\/blogs\/igualdad\/wp-content\/uploads\/sites\/5\/2016\/10\/Imagen24-1024x681.jpg 1024w, https:\/\/iesbenjamin.educacion.navarra.es\/blogs\/igualdad\/wp-content\/uploads\/sites\/5\/2016\/10\/Imagen24.jpg 1444w\" sizes=\"(max-width: 300px) 100vw, 300px\" \/><\/p>\n","protected":false},"excerpt":{"rendered":"<p>25 de Noviembre D\u00eda Internacional para&nbsp;la Eliminaci\u00f3n de las Violencias hacia&nbsp;las Mujeres El IES Benjam\u00edn de Tudela se ha sumado a la celebraci\u00f3n del d\u00eda internacional&nbsp;para la eliminaci\u00f3n de las violencias hacia las mujeres. A lo largo de la ma\u00f1ana &hellip; <a href=\"https:\/\/iesbenjamin.educacion.navarra.es\/blogs\/igualdad\/25-n\/\">Sigue leyendo <span class=\"meta-nav\">&rarr;<\/span><\/a><\/p>\n","protected":false},"author":7,"featured_media":0,"parent":0,"menu_order":0,"comment_status":"closed","ping_status":"closed","template":"","meta":[],"_links":{"self":[{"href":"https:\/\/iesbenjamin.educacion.navarra.es\/blogs\/igualdad\/wp-json\/wp\/v2\/pages\/67"}],"collection":[{"href":"https:\/\/iesbenjamin.educacion.navarra.es\/blogs\/igualdad\/wp-json\/wp\/v2\/pages"}],"about":[{"href":"https:\/\/iesbenjamin.educacion.navarra.es\/blogs\/igualdad\/wp-json\/wp\/v2\/types\/page"}],"author":[{"embeddable":true,"href":"https:\/\/iesbenjamin.educacion.navarra.es\/blogs\/igualdad\/wp-json\/wp\/v2\/users\/7"}],"replies":[{"embeddable":true,"href":"https:\/\/iesbenjamin.educacion.navarra.es\/blogs\/igualdad\/wp-json\/wp\/v2\/comments?post=67"}],"version-history":[{"count":5,"href":"https:\/\/iesbenjamin.educacion.navarra.es\/blogs\/igualdad\/wp-json\/wp\/v2\/pages\/67\/revisions"}],"predecessor-version":[{"id":858,"href":"https:\/\/iesbenjamin.educacion.navarra.es\/blogs\/igualdad\/wp-json\/wp\/v2\/pages\/67\/revisions\/858"}],"wp:attachment":[{"href":"https:\/\/iesbenjamin.educacion.navarra.es\/blogs\/igualdad\/wp-json\/wp\/v2\/media?parent=67"}],"curies":[{"name":"wp","href":"https:\/\/api.w.org\/{rel}","templated":true}]}}