{"id":605,"date":"2017-06-08T13:47:57","date_gmt":"2017-06-08T11:47:57","guid":{"rendered":"https:\/\/iesbenjamin.educacion.navarra.es\/blogs\/igualdad\/?page_id=605"},"modified":"2017-06-08T13:47:57","modified_gmt":"2017-06-08T11:47:57","slug":"hipatia-de-alejandria","status":"publish","type":"page","link":"https:\/\/iesbenjamin.educacion.navarra.es\/blogs\/igualdad\/ciencia-y-mujer\/hipatia-de-alejandria\/","title":{"rendered":"HIPATIA DE ALEJANDR\u00cdA"},"content":{"rendered":"<h2 style=\"text-align: center\">La tr\u00e1gica historia de la fil\u00f3sofa griega Hipatia de Alejandr\u00eda \u00a0contada en cuatro sentido minutos por Carl Sagan:<\/h2>\n<p>&nbsp;<\/p>\n<p><iframe loading=\"lazy\" width=\"640\" height=\"480\" src=\"https:\/\/www.youtube.com\/embed\/IycTVo-P_v8?feature=oembed\" frameborder=\"0\" allowfullscreen><\/iframe><\/p>\n","protected":false},"excerpt":{"rendered":"<p>La tr\u00e1gica historia de la fil\u00f3sofa griega Hipatia de Alejandr\u00eda \u00a0contada en cuatro sentido minutos por Carl Sagan: &nbsp;<\/p>\n","protected":false},"author":7,"featured_media":0,"parent":13,"menu_order":0,"comment_status":"closed","ping_status":"closed","template":"","meta":[],"_links":{"self":[{"href":"https:\/\/iesbenjamin.educacion.navarra.es\/blogs\/igualdad\/wp-json\/wp\/v2\/pages\/605"}],"collection":[{"href":"https:\/\/iesbenjamin.educacion.navarra.es\/blogs\/igualdad\/wp-json\/wp\/v2\/pages"}],"about":[{"href":"https:\/\/iesbenjamin.educacion.navarra.es\/blogs\/igualdad\/wp-json\/wp\/v2\/types\/page"}],"author":[{"embeddable":true,"href":"https:\/\/iesbenjamin.educacion.navarra.es\/blogs\/igualdad\/wp-json\/wp\/v2\/users\/7"}],"replies":[{"embeddable":true,"href":"https:\/\/iesbenjamin.educacion.navarra.es\/blogs\/igualdad\/wp-json\/wp\/v2\/comments?post=605"}],"version-history":[{"count":1,"href":"https:\/\/iesbenjamin.educacion.navarra.es\/blogs\/igualdad\/wp-json\/wp\/v2\/pages\/605\/revisions"}],"predecessor-version":[{"id":606,"href":"https:\/\/iesbenjamin.educacion.navarra.es\/blogs\/igualdad\/wp-json\/wp\/v2\/pages\/605\/revisions\/606"}],"up":[{"embeddable":true,"href":"https:\/\/iesbenjamin.educacion.navarra.es\/blogs\/igualdad\/wp-json\/wp\/v2\/pages\/13"}],"wp:attachment":[{"href":"https:\/\/iesbenjamin.educacion.navarra.es\/blogs\/igualdad\/wp-json\/wp\/v2\/media?parent=605"}],"curies":[{"name":"wp","href":"https:\/\/api.w.org\/{rel}","templated":true}]}}