{"id":599,"date":"2017-06-07T23:15:11","date_gmt":"2017-06-07T21:15:11","guid":{"rendered":"https:\/\/iesbenjamin.educacion.navarra.es\/blogs\/igualdad\/?page_id=599"},"modified":"2017-06-07T23:15:20","modified_gmt":"2017-06-07T21:15:20","slug":"despacito-ni-una-menos","status":"publish","type":"page","link":"https:\/\/iesbenjamin.educacion.navarra.es\/blogs\/igualdad\/25-n\/despacito-ni-una-menos\/","title":{"rendered":"DESPACITO &#8211; NI UNA MENOS"},"content":{"rendered":"<h2 style=\"text-align: center\">\u00abTu machismo mata y eso es real\u00bb. Esta versi\u00f3n de la canci\u00f3n fue compuesta para las marchas contra la violencia machista en Argentina.<\/h2>\n<p>&nbsp;<\/p>\n<p><iframe loading=\"lazy\" width=\"640\" height=\"360\" src=\"https:\/\/www.youtube.com\/embed\/pG5MYc8l9z4?feature=oembed\" frameborder=\"0\" allowfullscreen><\/iframe><\/p>\n<p style=\"text-align: center\"><span style=\"color: #000000;font-size: 1.8em\">Argentina vivi\u00f3 el pasado 3 de junio <\/span><a style=\"color: #000000\" href=\"http:\/\/elpais.com\/elpais\/2016\/06\/04\/fotorrelato\/1464994337_102721.html\">una nueva marcha contra la violencia machista<\/a><span style=\"color: #000000;font-size: 1.8em\">. Para la ocasi\u00f3n, algunas integrantes <\/span><a style=\"color: #000000\" href=\"http:\/\/atecapital.org\/\">del colectivo de trabajadores ATE<\/a><span style=\"color: #000000;font-size: 1.8em\"> cambiaron la letra de <\/span><em style=\"font-size: 1.8em\">Despacito,<\/em><span style=\"color: #000000;font-size: 1.8em\"> de Luis Fonsi, para darle un mensaje feminista. La periodista argentina Natalia Maderna decidi\u00f3 <\/span><a style=\"color: #000000\" href=\"https:\/\/www.youtube.com\/watch?v=pG5MYc8l9z4\">interpretarla al ukelele junto a su hija de un a\u00f1o y subir el v\u00eddeo a YouTube<\/a><span style=\"color: #000000;font-size: 1.8em\">. En menos de una semana ha superado las 100.000 reproducciones desde su perfil.<\/span><\/p>\n<h2 style=\"text-align: center\"><\/h2>\n","protected":false},"excerpt":{"rendered":"<p>\u00abTu machismo mata y eso es real\u00bb. Esta versi\u00f3n de la canci\u00f3n fue compuesta para las marchas contra la violencia machista en Argentina. &nbsp; Argentina vivi\u00f3 el pasado 3 de junio una nueva marcha contra la violencia machista. Para la &hellip; <a href=\"https:\/\/iesbenjamin.educacion.navarra.es\/blogs\/igualdad\/25-n\/despacito-ni-una-menos\/\">Sigue leyendo <span class=\"meta-nav\">&rarr;<\/span><\/a><\/p>\n","protected":false},"author":7,"featured_media":0,"parent":67,"menu_order":0,"comment_status":"closed","ping_status":"closed","template":"","meta":[],"_links":{"self":[{"href":"https:\/\/iesbenjamin.educacion.navarra.es\/blogs\/igualdad\/wp-json\/wp\/v2\/pages\/599"}],"collection":[{"href":"https:\/\/iesbenjamin.educacion.navarra.es\/blogs\/igualdad\/wp-json\/wp\/v2\/pages"}],"about":[{"href":"https:\/\/iesbenjamin.educacion.navarra.es\/blogs\/igualdad\/wp-json\/wp\/v2\/types\/page"}],"author":[{"embeddable":true,"href":"https:\/\/iesbenjamin.educacion.navarra.es\/blogs\/igualdad\/wp-json\/wp\/v2\/users\/7"}],"replies":[{"embeddable":true,"href":"https:\/\/iesbenjamin.educacion.navarra.es\/blogs\/igualdad\/wp-json\/wp\/v2\/comments?post=599"}],"version-history":[{"count":1,"href":"https:\/\/iesbenjamin.educacion.navarra.es\/blogs\/igualdad\/wp-json\/wp\/v2\/pages\/599\/revisions"}],"predecessor-version":[{"id":600,"href":"https:\/\/iesbenjamin.educacion.navarra.es\/blogs\/igualdad\/wp-json\/wp\/v2\/pages\/599\/revisions\/600"}],"up":[{"embeddable":true,"href":"https:\/\/iesbenjamin.educacion.navarra.es\/blogs\/igualdad\/wp-json\/wp\/v2\/pages\/67"}],"wp:attachment":[{"href":"https:\/\/iesbenjamin.educacion.navarra.es\/blogs\/igualdad\/wp-json\/wp\/v2\/media?parent=599"}],"curies":[{"name":"wp","href":"https:\/\/api.w.org\/{rel}","templated":true}]}}