{"id":586,"date":"2017-05-20T22:03:04","date_gmt":"2017-05-20T20:03:04","guid":{"rendered":"http:\/\/iesbenjamin.educacion.navarra.es\/blogs\/igualdad\/?page_id=586"},"modified":"2017-05-20T22:03:04","modified_gmt":"2017-05-20T20:03:04","slug":"dian-fossey","status":"publish","type":"page","link":"https:\/\/iesbenjamin.educacion.navarra.es\/blogs\/igualdad\/ciencia-y-mujer\/dian-fossey\/","title":{"rendered":"DIAN FOSSEY"},"content":{"rendered":"<p style=\"text-align: center\">Dian Fossey, zo\u00f3loga estadounidense, se dedic\u00f3 al estudio de los gorilas y combati\u00f3 a los cazadores furtivos que pon\u00edan en peligro la supervivencia de la especie.<\/p>\n<p style=\"text-align: center\"><img loading=\"lazy\" class=\"alignnone size-medium wp-image-581\" src=\"http:\/\/iesbenjamin.educacion.navarra.es\/blogs\/igualdad\/wp-content\/uploads\/sites\/5\/2017\/05\/Captura-7-300x220.png\" alt=\"\" width=\"300\" height=\"220\" srcset=\"https:\/\/iesbenjamin.educacion.navarra.es\/blogs\/igualdad\/wp-content\/uploads\/sites\/5\/2017\/05\/Captura-7-300x220.png 300w, https:\/\/iesbenjamin.educacion.navarra.es\/blogs\/igualdad\/wp-content\/uploads\/sites\/5\/2017\/05\/Captura-7.png 509w\" sizes=\"(max-width: 300px) 100vw, 300px\" \/><\/p>\n<p style=\"text-align: center\">Escribi\u00f3 el libro\u00a0<em>Gorilas en la niebla<\/em> y podemos decir que el gorila de monta\u00f1a sobrevive gracias a su labor de concienciaci\u00f3n. Con el mismo t\u00edtulo del libro se rod\u00f3 una pel\u00edcula.<\/p>\n<p style=\"text-align: center\"><img loading=\"lazy\" class=\"alignnone size-medium wp-image-582\" src=\"http:\/\/iesbenjamin.educacion.navarra.es\/blogs\/igualdad\/wp-content\/uploads\/sites\/5\/2017\/05\/Captura-8-209x300.png\" alt=\"\" width=\"209\" height=\"300\" srcset=\"https:\/\/iesbenjamin.educacion.navarra.es\/blogs\/igualdad\/wp-content\/uploads\/sites\/5\/2017\/05\/Captura-8-209x300.png 209w, https:\/\/iesbenjamin.educacion.navarra.es\/blogs\/igualdad\/wp-content\/uploads\/sites\/5\/2017\/05\/Captura-8.png 391w\" sizes=\"(max-width: 209px) 100vw, 209px\" \/><\/p>\n<p style=\"text-align: center\">La \u00faltima frase escrita en su diario fue:<\/p>\n<p style=\"text-align: center\"><em>Cuando te das cuenta del valor de la vida, uno se preocupa menos por discutir sobre el pasado y m\u00e1s en la conservaci\u00f3n para el futuro.<\/em><\/p>\n<p style=\"text-align: center\"><img loading=\"lazy\" class=\"alignnone size-medium wp-image-583\" src=\"http:\/\/iesbenjamin.educacion.navarra.es\/blogs\/igualdad\/wp-content\/uploads\/sites\/5\/2017\/05\/Captura-9-300x171.png\" alt=\"\" width=\"300\" height=\"171\" srcset=\"https:\/\/iesbenjamin.educacion.navarra.es\/blogs\/igualdad\/wp-content\/uploads\/sites\/5\/2017\/05\/Captura-9-300x171.png 300w, https:\/\/iesbenjamin.educacion.navarra.es\/blogs\/igualdad\/wp-content\/uploads\/sites\/5\/2017\/05\/Captura-9.png 596w\" sizes=\"(max-width: 300px) 100vw, 300px\" \/><\/p>\n<p style=\"text-align: center\">Os dejamos la actividad propuesta para el alumnado de la asignatura Biolog\u00eda y Geolog\u00eda:<\/p>\n<p style=\"text-align: center\"><a href=\"http:\/\/iesbenjamin.educacion.navarra.es\/blogs\/igualdad\/wp-content\/uploads\/sites\/5\/2017\/05\/DIANE-FOSSEY.doc\">DIANE FOSSEY<\/a><\/p>\n","protected":false},"excerpt":{"rendered":"<p>Dian Fossey, zo\u00f3loga estadounidense, se dedic\u00f3 al estudio de los gorilas y combati\u00f3 a los cazadores furtivos que pon\u00edan en peligro la supervivencia de la especie. Escribi\u00f3 el libro\u00a0Gorilas en la niebla y podemos decir que el gorila de monta\u00f1a &hellip; <a href=\"https:\/\/iesbenjamin.educacion.navarra.es\/blogs\/igualdad\/ciencia-y-mujer\/dian-fossey\/\">Sigue leyendo <span class=\"meta-nav\">&rarr;<\/span><\/a><\/p>\n","protected":false},"author":7,"featured_media":0,"parent":13,"menu_order":0,"comment_status":"closed","ping_status":"closed","template":"","meta":[],"_links":{"self":[{"href":"https:\/\/iesbenjamin.educacion.navarra.es\/blogs\/igualdad\/wp-json\/wp\/v2\/pages\/586"}],"collection":[{"href":"https:\/\/iesbenjamin.educacion.navarra.es\/blogs\/igualdad\/wp-json\/wp\/v2\/pages"}],"about":[{"href":"https:\/\/iesbenjamin.educacion.navarra.es\/blogs\/igualdad\/wp-json\/wp\/v2\/types\/page"}],"author":[{"embeddable":true,"href":"https:\/\/iesbenjamin.educacion.navarra.es\/blogs\/igualdad\/wp-json\/wp\/v2\/users\/7"}],"replies":[{"embeddable":true,"href":"https:\/\/iesbenjamin.educacion.navarra.es\/blogs\/igualdad\/wp-json\/wp\/v2\/comments?post=586"}],"version-history":[{"count":1,"href":"https:\/\/iesbenjamin.educacion.navarra.es\/blogs\/igualdad\/wp-json\/wp\/v2\/pages\/586\/revisions"}],"predecessor-version":[{"id":587,"href":"https:\/\/iesbenjamin.educacion.navarra.es\/blogs\/igualdad\/wp-json\/wp\/v2\/pages\/586\/revisions\/587"}],"up":[{"embeddable":true,"href":"https:\/\/iesbenjamin.educacion.navarra.es\/blogs\/igualdad\/wp-json\/wp\/v2\/pages\/13"}],"wp:attachment":[{"href":"https:\/\/iesbenjamin.educacion.navarra.es\/blogs\/igualdad\/wp-json\/wp\/v2\/media?parent=586"}],"curies":[{"name":"wp","href":"https:\/\/api.w.org\/{rel}","templated":true}]}}