{"id":570,"date":"2017-05-16T19:47:09","date_gmt":"2017-05-16T17:47:09","guid":{"rendered":"http:\/\/iesbenjamin.educacion.navarra.es\/blogs\/igualdad\/?page_id=570"},"modified":"2017-05-16T19:47:28","modified_gmt":"2017-05-16T17:47:28","slug":"puska-ditzagun-eskemak","status":"publish","type":"page","link":"https:\/\/iesbenjamin.educacion.navarra.es\/blogs\/igualdad\/25-n\/puska-ditzagun-eskemak\/","title":{"rendered":"PUSKA DITZAGUN ESKEMAK!"},"content":{"rendered":"<p style=\"text-align: center\">Raquel Jim\u00e9nez, profesora de euskera en nuestro instituto, ha realizado un trabajo con su alumnado de 4\u00ba de ESO muy innovador.<\/p>\n<p style=\"text-align: center\">El alumnado ha reflexionado sobre el papel que se le atribuye a la mujer desde el nacimiento y lanza un mensaje que rompa esos esquemas.<\/p>\n<p style=\"text-align: center\">Cada alumno y alumna ha elegido un aspecto de la vida y ha buscado informaci\u00f3n, fotograf\u00edas y v\u00eddeos sobre el tema. Se han recogido los textos elaborados y el resto de material en un documento digital GLOG con el t\u00edtulo: \u00abGuk egin ahal dugu!\u00bb (Lo podemos hacer.<\/p>\n<p style=\"text-align: center\"><img loading=\"lazy\" class=\"alignnone size-medium wp-image-568\" src=\"http:\/\/iesbenjamin.educacion.navarra.es\/blogs\/igualdad\/wp-content\/uploads\/sites\/5\/2017\/05\/Captura-5-300x221.png\" alt=\"\" width=\"300\" height=\"221\" srcset=\"https:\/\/iesbenjamin.educacion.navarra.es\/blogs\/igualdad\/wp-content\/uploads\/sites\/5\/2017\/05\/Captura-5-300x221.png 300w, https:\/\/iesbenjamin.educacion.navarra.es\/blogs\/igualdad\/wp-content\/uploads\/sites\/5\/2017\/05\/Captura-5.png 374w\" sizes=\"(max-width: 300px) 100vw, 300px\" \/><\/p>\n<p style=\"text-align: center\">El p\u00f3ster digital (GLOG) lo pod\u00e9is ver en el enlace siguiente:<\/p>\n<p style=\"text-align: center\"><a href=\"http:\/\/edu.glogster.com\/\/glog\/51593112\">\u00abhttp:\/\/edu.glogster.com\/\/glog\/51593112\u00bb<\/a><\/p>\n","protected":false},"excerpt":{"rendered":"<p>Raquel Jim\u00e9nez, profesora de euskera en nuestro instituto, ha realizado un trabajo con su alumnado de 4\u00ba de ESO muy innovador. El alumnado ha reflexionado sobre el papel que se le atribuye a la mujer desde el nacimiento y lanza &hellip; <a href=\"https:\/\/iesbenjamin.educacion.navarra.es\/blogs\/igualdad\/25-n\/puska-ditzagun-eskemak\/\">Sigue leyendo <span class=\"meta-nav\">&rarr;<\/span><\/a><\/p>\n","protected":false},"author":7,"featured_media":0,"parent":67,"menu_order":0,"comment_status":"closed","ping_status":"closed","template":"","meta":[],"_links":{"self":[{"href":"https:\/\/iesbenjamin.educacion.navarra.es\/blogs\/igualdad\/wp-json\/wp\/v2\/pages\/570"}],"collection":[{"href":"https:\/\/iesbenjamin.educacion.navarra.es\/blogs\/igualdad\/wp-json\/wp\/v2\/pages"}],"about":[{"href":"https:\/\/iesbenjamin.educacion.navarra.es\/blogs\/igualdad\/wp-json\/wp\/v2\/types\/page"}],"author":[{"embeddable":true,"href":"https:\/\/iesbenjamin.educacion.navarra.es\/blogs\/igualdad\/wp-json\/wp\/v2\/users\/7"}],"replies":[{"embeddable":true,"href":"https:\/\/iesbenjamin.educacion.navarra.es\/blogs\/igualdad\/wp-json\/wp\/v2\/comments?post=570"}],"version-history":[{"count":1,"href":"https:\/\/iesbenjamin.educacion.navarra.es\/blogs\/igualdad\/wp-json\/wp\/v2\/pages\/570\/revisions"}],"predecessor-version":[{"id":571,"href":"https:\/\/iesbenjamin.educacion.navarra.es\/blogs\/igualdad\/wp-json\/wp\/v2\/pages\/570\/revisions\/571"}],"up":[{"embeddable":true,"href":"https:\/\/iesbenjamin.educacion.navarra.es\/blogs\/igualdad\/wp-json\/wp\/v2\/pages\/67"}],"wp:attachment":[{"href":"https:\/\/iesbenjamin.educacion.navarra.es\/blogs\/igualdad\/wp-json\/wp\/v2\/media?parent=570"}],"curies":[{"name":"wp","href":"https:\/\/api.w.org\/{rel}","templated":true}]}}