{"id":565,"date":"2017-05-16T19:33:24","date_gmt":"2017-05-16T17:33:24","guid":{"rendered":"http:\/\/iesbenjamin.educacion.navarra.es\/blogs\/igualdad\/?page_id=565"},"modified":"2017-05-16T19:33:24","modified_gmt":"2017-05-16T17:33:24","slug":"de-mayor-quiero-ser","status":"publish","type":"page","link":"https:\/\/iesbenjamin.educacion.navarra.es\/blogs\/igualdad\/ciencia-y-mujer\/de-mayor-quiero-ser\/","title":{"rendered":"DE MAYOR QUIERO SER&#8230;"},"content":{"rendered":"<p style=\"text-align: center\">Os invitamos a que conozc\u00e1is el blog DE MAYOR QUIERO SER &#8230; INGENIERA BIOM\u00c9DICA.<\/p>\n<p style=\"text-align: center\">Su autora es Marta Macho Stadler, doctora en matem\u00e1ticas, profesora del Departamento de Matem\u00e1ticas de la UPV\/EHU y colaboradora en ZTFNews y la C\u00e1tedra de Cultura Cient\u00edfica de la UPV\/EHU.<\/p>\n<p><iframe loading=\"lazy\" width=\"640\" height=\"360\" src=\"https:\/\/www.youtube.com\/embed\/mBimEoLes5o?feature=oembed\" frameborder=\"0\" allowfullscreen><\/iframe><\/p>\n<p style=\"text-align: center\"><a href=\"http:\/\/www.ehu.es\/~mtwmastm\/\" target=\"_blank\" rel=\"noopener noreferrer\"><b>Marta Macho Stadler<\/b><\/a> es doctora en matem\u00e1ticas, profesora del Departamento de Matem\u00e1ticas de la UPV\/EHU y colaboradora en <a href=\"http:\/\/ztfnews.wordpress.com\/\" target=\"_blank\" rel=\"noopener noreferrer\">::ZTFNews<\/a> y la <a href=\"http:\/\/mujeresconciencia.com\/catedra-de-cultura-cientifica\/\" target=\"_blank\" rel=\"noopener noreferrer\">C\u00e1tedra de Cultura Cient\u00edfica<\/a> de la UPV\/EHU.<\/p>\n","protected":false},"excerpt":{"rendered":"<p>Os invitamos a que conozc\u00e1is el blog DE MAYOR QUIERO SER &#8230; INGENIERA BIOM\u00c9DICA. Su autora es Marta Macho Stadler, doctora en matem\u00e1ticas, profesora del Departamento de Matem\u00e1ticas de la UPV\/EHU y colaboradora en ZTFNews y la C\u00e1tedra de Cultura &hellip; <a href=\"https:\/\/iesbenjamin.educacion.navarra.es\/blogs\/igualdad\/ciencia-y-mujer\/de-mayor-quiero-ser\/\">Sigue leyendo <span class=\"meta-nav\">&rarr;<\/span><\/a><\/p>\n","protected":false},"author":7,"featured_media":0,"parent":13,"menu_order":0,"comment_status":"closed","ping_status":"closed","template":"","meta":[],"_links":{"self":[{"href":"https:\/\/iesbenjamin.educacion.navarra.es\/blogs\/igualdad\/wp-json\/wp\/v2\/pages\/565"}],"collection":[{"href":"https:\/\/iesbenjamin.educacion.navarra.es\/blogs\/igualdad\/wp-json\/wp\/v2\/pages"}],"about":[{"href":"https:\/\/iesbenjamin.educacion.navarra.es\/blogs\/igualdad\/wp-json\/wp\/v2\/types\/page"}],"author":[{"embeddable":true,"href":"https:\/\/iesbenjamin.educacion.navarra.es\/blogs\/igualdad\/wp-json\/wp\/v2\/users\/7"}],"replies":[{"embeddable":true,"href":"https:\/\/iesbenjamin.educacion.navarra.es\/blogs\/igualdad\/wp-json\/wp\/v2\/comments?post=565"}],"version-history":[{"count":1,"href":"https:\/\/iesbenjamin.educacion.navarra.es\/blogs\/igualdad\/wp-json\/wp\/v2\/pages\/565\/revisions"}],"predecessor-version":[{"id":566,"href":"https:\/\/iesbenjamin.educacion.navarra.es\/blogs\/igualdad\/wp-json\/wp\/v2\/pages\/565\/revisions\/566"}],"up":[{"embeddable":true,"href":"https:\/\/iesbenjamin.educacion.navarra.es\/blogs\/igualdad\/wp-json\/wp\/v2\/pages\/13"}],"wp:attachment":[{"href":"https:\/\/iesbenjamin.educacion.navarra.es\/blogs\/igualdad\/wp-json\/wp\/v2\/media?parent=565"}],"curies":[{"name":"wp","href":"https:\/\/api.w.org\/{rel}","templated":true}]}}