{"id":547,"date":"2017-05-16T11:55:25","date_gmt":"2017-05-16T09:55:25","guid":{"rendered":"http:\/\/iesbenjamin.educacion.navarra.es\/blogs\/igualdad\/?page_id=547"},"modified":"2017-05-16T11:55:25","modified_gmt":"2017-05-16T09:55:25","slug":"ensenar-a-ser-valientes","status":"publish","type":"page","link":"https:\/\/iesbenjamin.educacion.navarra.es\/blogs\/igualdad\/8-marzo\/ensenar-a-ser-valientes\/","title":{"rendered":"ENSE\u00d1AR A SER VALIENTES"},"content":{"rendered":"<p style=\"text-align: center\"><img loading=\"lazy\" class=\"alignnone size-medium wp-image-544\" src=\"http:\/\/iesbenjamin.educacion.navarra.es\/blogs\/igualdad\/wp-content\/uploads\/sites\/5\/2017\/05\/Captura-4-245x300.png\" alt=\"\" width=\"245\" height=\"300\" srcset=\"https:\/\/iesbenjamin.educacion.navarra.es\/blogs\/igualdad\/wp-content\/uploads\/sites\/5\/2017\/05\/Captura-4-245x300.png 245w, https:\/\/iesbenjamin.educacion.navarra.es\/blogs\/igualdad\/wp-content\/uploads\/sites\/5\/2017\/05\/Captura-4.png 247w\" sizes=\"(max-width: 245px) 100vw, 245px\" \/><\/p>\n<p style=\"text-align: center\"><span style=\"font-weight: 400\">En la d\u00e9cada de 1970 una psic\u00f3loga de la Universidad de Columbia realiz\u00f3 una serie de experimentos con ni\u00f1as y ni\u00f1os que arrojaron resultados inesperados. Esta psic\u00f3loga trabaj\u00f3 con estudiantes de quinto grado para ver c\u00f3mo lidiaban con un material nuevo y complicado.<\/span><\/p>\n<p style=\"text-align: center\"><span style=\"font-weight: 400\">\u00a0Entonces se dio cuenta de que las ni\u00f1as eran m\u00e1s propensas a abandonar la tarea, y lo hac\u00edan, como media, antes que los ni\u00f1os. Curiosamente, mientras m\u00e1s brillantes eran las ni\u00f1as y m\u00e1s alto era su cociente intelectual, m\u00e1s r\u00e1pido tiraban la toalla. Esas ni\u00f1as mostraban una conducta de indefensi\u00f3n aprendida.<\/span><\/p>\n<p style=\"text-align: center\"><span style=\"font-weight: 400\">Los ni\u00f1os brillantes se comportaron de manera diferente. Asumieron aquella actividad como un reto intelectual que les llen\u00f3 de energ\u00eda y les motiv\u00f3 a redoblar sus esfuerzos.<\/span><\/p>\n<p style=\"text-align: center\"><span style=\"font-weight: 400\">\u00bfQu\u00e9 sucedi\u00f3? \u00bfPor qu\u00e9 las ni\u00f1as se muestran m\u00e1s vulnerables y menos confiadas que los ni\u00f1os de su misma edad?<\/span><\/p>\n<p style=\"text-align: center\">Alicia Redrado, profesora del \u00e1mbito socioling\u00fc\u00edstico, ha elaborado una interesante actividad de comprensi\u00f3n lectora con su alumnado.<\/p>\n<p style=\"text-align: center\">La compartimos en el siguiente enlace:<\/p>\n<p style=\"text-align: center\"><a href=\"http:\/\/iesbenjamin.educacion.navarra.es\/blogs\/igualdad\/wp-content\/uploads\/sites\/5\/2017\/05\/Ense\u00f1ar-a-ser-valientes-proyecto-esther.docx\">Ense\u00f1ar a ser valientes proyecto esther<\/a><\/p>\n","protected":false},"excerpt":{"rendered":"<p>En la d\u00e9cada de 1970 una psic\u00f3loga de la Universidad de Columbia realiz\u00f3 una serie de experimentos con ni\u00f1as y ni\u00f1os que arrojaron resultados inesperados. Esta psic\u00f3loga trabaj\u00f3 con estudiantes de quinto grado para ver c\u00f3mo lidiaban con un material &hellip; <a href=\"https:\/\/iesbenjamin.educacion.navarra.es\/blogs\/igualdad\/8-marzo\/ensenar-a-ser-valientes\/\">Sigue leyendo <span class=\"meta-nav\">&rarr;<\/span><\/a><\/p>\n","protected":false},"author":7,"featured_media":0,"parent":174,"menu_order":0,"comment_status":"closed","ping_status":"closed","template":"","meta":[],"_links":{"self":[{"href":"https:\/\/iesbenjamin.educacion.navarra.es\/blogs\/igualdad\/wp-json\/wp\/v2\/pages\/547"}],"collection":[{"href":"https:\/\/iesbenjamin.educacion.navarra.es\/blogs\/igualdad\/wp-json\/wp\/v2\/pages"}],"about":[{"href":"https:\/\/iesbenjamin.educacion.navarra.es\/blogs\/igualdad\/wp-json\/wp\/v2\/types\/page"}],"author":[{"embeddable":true,"href":"https:\/\/iesbenjamin.educacion.navarra.es\/blogs\/igualdad\/wp-json\/wp\/v2\/users\/7"}],"replies":[{"embeddable":true,"href":"https:\/\/iesbenjamin.educacion.navarra.es\/blogs\/igualdad\/wp-json\/wp\/v2\/comments?post=547"}],"version-history":[{"count":1,"href":"https:\/\/iesbenjamin.educacion.navarra.es\/blogs\/igualdad\/wp-json\/wp\/v2\/pages\/547\/revisions"}],"predecessor-version":[{"id":548,"href":"https:\/\/iesbenjamin.educacion.navarra.es\/blogs\/igualdad\/wp-json\/wp\/v2\/pages\/547\/revisions\/548"}],"up":[{"embeddable":true,"href":"https:\/\/iesbenjamin.educacion.navarra.es\/blogs\/igualdad\/wp-json\/wp\/v2\/pages\/174"}],"wp:attachment":[{"href":"https:\/\/iesbenjamin.educacion.navarra.es\/blogs\/igualdad\/wp-json\/wp\/v2\/media?parent=547"}],"curies":[{"name":"wp","href":"https:\/\/api.w.org\/{rel}","templated":true}]}}