{"id":512,"date":"2017-05-15T10:51:49","date_gmt":"2017-05-15T08:51:49","guid":{"rendered":"http:\/\/iesbenjamin.educacion.navarra.es\/blogs\/igualdad\/?page_id=512"},"modified":"2017-05-15T10:51:49","modified_gmt":"2017-05-15T08:51:49","slug":"sophie-germain","status":"publish","type":"page","link":"https:\/\/iesbenjamin.educacion.navarra.es\/blogs\/igualdad\/ciencia-y-mujer\/sophie-germain\/","title":{"rendered":"SOPHIE GERMAIN"},"content":{"rendered":"<p style=\"text-align: center\"><strong><span lang=\"ES-TRAD\">Sophie Germain <\/span><\/strong><span lang=\"ES-TRAD\">es un ejemplo de autoaprendizaje y tenacidad; tuvo que presentar tres veces su trabajo a la Academia de La Ciencia de Par\u00eds para que fuera reconocido con la Medalla de Oro, pero nunca se rindi\u00f3.<\/span><\/p>\n<p style=\"text-align: center\"><img loading=\"lazy\" class=\"alignnone  wp-image-509\" src=\"http:\/\/iesbenjamin.educacion.navarra.es\/blogs\/igualdad\/wp-content\/uploads\/sites\/5\/2017\/05\/Captura-2-300x73.png\" alt=\"\" width=\"551\" height=\"134\" srcset=\"https:\/\/iesbenjamin.educacion.navarra.es\/blogs\/igualdad\/wp-content\/uploads\/sites\/5\/2017\/05\/Captura-2-300x73.png 300w, https:\/\/iesbenjamin.educacion.navarra.es\/blogs\/igualdad\/wp-content\/uploads\/sites\/5\/2017\/05\/Captura-2.png 622w\" sizes=\"(max-width: 551px) 100vw, 551px\" \/><\/p>\n<p style=\"text-align: center\"><em>Pero c\u00f3mo describirte mi admiraci\u00f3n y asombro al ver que mi estimado corresponsal Sr. Le Blanc se metamorfosea en este personaje ilustre que me ofrece un ejemplo tan brillante de lo que ser\u00eda dif\u00edcil de creer. La afinidad por las ciencias abstractas en general y sobre todo por los misterios de los n\u00fameros es demasiado rara: lo que no me asombra ya que los encantos de esta ciencia sublime s\u00f3lo se revelan a aquellos que tienen el valor de profundizar en ella. Pero cuando una persona del sexo que, seg\u00fan nuestras costumbres y prejuicios, debe encontrar much\u00edsimas m\u00e1s dificultades que los hombres para familiarizarse con estos espinosos estudios, y sin embargo tiene \u00e9xito al sortear los obst\u00e1culos y penetrar en las zonas m\u00e1s oscuras de ellos, entonces sin duda esa persona debe tener el valor m\u00e1s noble, el talento m\u00e1s extraordinario y un genio superior. De verdad que nada podr\u00eda probarme de forma tan meridiana y tan poco equ\u00edvoca que los atractivos de esta ciencia que ha enriquecido mi vida con tantas alegr\u00edas no son quimeras que la predilecci\u00f3n con la que t\u00fa has hecho honor a ella.<\/em><\/p>\n<p style=\"text-align: center\"><em>Carl Friedrich Ga\u00fcs<\/em><\/p>\n<p style=\"text-align: center\">A continuaci\u00f3n os dejamos la actividad propuesta por Isabel Turmo para su alumnado:<\/p>\n<p style=\"text-align: center\"><a href=\"http:\/\/iesbenjamin.educacion.navarra.es\/blogs\/igualdad\/wp-content\/uploads\/sites\/5\/2017\/05\/Actividad-Coeducacion-Sophie-Germain.doc\">Actividad Coeducacion Sophie Germain<\/a><\/p>\n","protected":false},"excerpt":{"rendered":"<p>Sophie Germain es un ejemplo de autoaprendizaje y tenacidad; tuvo que presentar tres veces su trabajo a la Academia de La Ciencia de Par\u00eds para que fuera reconocido con la Medalla de Oro, pero nunca se rindi\u00f3. Pero c\u00f3mo describirte &hellip; <a href=\"https:\/\/iesbenjamin.educacion.navarra.es\/blogs\/igualdad\/ciencia-y-mujer\/sophie-germain\/\">Sigue leyendo <span class=\"meta-nav\">&rarr;<\/span><\/a><\/p>\n","protected":false},"author":7,"featured_media":0,"parent":13,"menu_order":0,"comment_status":"closed","ping_status":"closed","template":"","meta":[],"_links":{"self":[{"href":"https:\/\/iesbenjamin.educacion.navarra.es\/blogs\/igualdad\/wp-json\/wp\/v2\/pages\/512"}],"collection":[{"href":"https:\/\/iesbenjamin.educacion.navarra.es\/blogs\/igualdad\/wp-json\/wp\/v2\/pages"}],"about":[{"href":"https:\/\/iesbenjamin.educacion.navarra.es\/blogs\/igualdad\/wp-json\/wp\/v2\/types\/page"}],"author":[{"embeddable":true,"href":"https:\/\/iesbenjamin.educacion.navarra.es\/blogs\/igualdad\/wp-json\/wp\/v2\/users\/7"}],"replies":[{"embeddable":true,"href":"https:\/\/iesbenjamin.educacion.navarra.es\/blogs\/igualdad\/wp-json\/wp\/v2\/comments?post=512"}],"version-history":[{"count":1,"href":"https:\/\/iesbenjamin.educacion.navarra.es\/blogs\/igualdad\/wp-json\/wp\/v2\/pages\/512\/revisions"}],"predecessor-version":[{"id":513,"href":"https:\/\/iesbenjamin.educacion.navarra.es\/blogs\/igualdad\/wp-json\/wp\/v2\/pages\/512\/revisions\/513"}],"up":[{"embeddable":true,"href":"https:\/\/iesbenjamin.educacion.navarra.es\/blogs\/igualdad\/wp-json\/wp\/v2\/pages\/13"}],"wp:attachment":[{"href":"https:\/\/iesbenjamin.educacion.navarra.es\/blogs\/igualdad\/wp-json\/wp\/v2\/media?parent=512"}],"curies":[{"name":"wp","href":"https:\/\/api.w.org\/{rel}","templated":true}]}}