{"id":492,"date":"2017-05-02T11:33:02","date_gmt":"2017-05-02T09:33:02","guid":{"rendered":"http:\/\/iesbenjamin.educacion.navarra.es\/blogs\/igualdad\/?page_id=492"},"modified":"2017-05-02T11:33:02","modified_gmt":"2017-05-02T09:33:02","slug":"erizaina-arkitectoa-garbiagoak","status":"publish","type":"page","link":"https:\/\/iesbenjamin.educacion.navarra.es\/blogs\/igualdad\/8-marzo\/erizaina-arkitectoa-garbiagoak\/","title":{"rendered":"ERIZAINA &#8211; ARKITECTOA &#8211; GARBIAGOAK"},"content":{"rendered":"<p style=\"text-align: center\">Raquel Jim\u00e9nez, profesora de euskera en nuestro instituto, ha trabajado con su alumnado de 3\u00ba de ESO, los roles de g\u00e9nero que nos condicionan a la hora de elegir la parcela en la que quieren desarrollar su vida laboral nuestro alumnado.<\/p>\n<p style=\"text-align: center\">El objetivo de la actividad es, aparte de utilizar el idioma en situaciones diferentes, por un lado concienciar al alumnado de los prejuicios y diferencias sociales que existen en torno a las profesiones y su adjudicaci\u00f3n seg\u00fan sexo. Por otro lado con esta actividad pretendemos romper con esos prejuicios y abrir el abanico de posibilidades profesionales sin tener en cuenta el g\u00e9nero.<\/p>\n<p><img loading=\"lazy\" class=\"size-medium wp-image-490 aligncenter\" src=\"http:\/\/iesbenjamin.educacion.navarra.es\/blogs\/igualdad\/wp-content\/uploads\/sites\/5\/2017\/05\/imagen1313_0_original-300x199.jpg\" alt=\"\" width=\"300\" height=\"199\" srcset=\"https:\/\/iesbenjamin.educacion.navarra.es\/blogs\/igualdad\/wp-content\/uploads\/sites\/5\/2017\/05\/imagen1313_0_original-300x199.jpg 300w, https:\/\/iesbenjamin.educacion.navarra.es\/blogs\/igualdad\/wp-content\/uploads\/sites\/5\/2017\/05\/imagen1313_0_original.jpg 620w\" sizes=\"(max-width: 300px) 100vw, 300px\" \/><\/p>\n<p style=\"text-align: center\">Preparamos entre todas y todos en clase un cuestionario com\u00fan \u00a0al que ten\u00edan que responder con el rol que hab\u00edan elegido. Los chicos ten\u00edan que elegir una profesi\u00f3n que habitualmente la relacionamos con mujeres y las chicas lo contrario.<\/p>\n<p style=\"text-align: center\">Despu\u00e9s de redactar los textos hemos grabado en v\u00eddeo dichas entrevistas.<\/p>\n<p style=\"text-align: center\">En el archivo adjunto os dejamos una copia de una de las entrevistas, la hizo una alumna que eligi\u00f3 ser bombera.<\/p>\n<p style=\"text-align: center\"><a href=\"http:\/\/iesbenjamin.educacion.navarra.es\/blogs\/igualdad\/wp-content\/uploads\/sites\/5\/2017\/05\/SUHILTZAILEIZATEKO.doc\">SUHILTZAILEIZATEKO<\/a><\/p>\n","protected":false},"excerpt":{"rendered":"<p>Raquel Jim\u00e9nez, profesora de euskera en nuestro instituto, ha trabajado con su alumnado de 3\u00ba de ESO, los roles de g\u00e9nero que nos condicionan a la hora de elegir la parcela en la que quieren desarrollar su vida laboral nuestro &hellip; <a href=\"https:\/\/iesbenjamin.educacion.navarra.es\/blogs\/igualdad\/8-marzo\/erizaina-arkitectoa-garbiagoak\/\">Sigue leyendo <span class=\"meta-nav\">&rarr;<\/span><\/a><\/p>\n","protected":false},"author":7,"featured_media":0,"parent":174,"menu_order":0,"comment_status":"closed","ping_status":"closed","template":"","meta":[],"_links":{"self":[{"href":"https:\/\/iesbenjamin.educacion.navarra.es\/blogs\/igualdad\/wp-json\/wp\/v2\/pages\/492"}],"collection":[{"href":"https:\/\/iesbenjamin.educacion.navarra.es\/blogs\/igualdad\/wp-json\/wp\/v2\/pages"}],"about":[{"href":"https:\/\/iesbenjamin.educacion.navarra.es\/blogs\/igualdad\/wp-json\/wp\/v2\/types\/page"}],"author":[{"embeddable":true,"href":"https:\/\/iesbenjamin.educacion.navarra.es\/blogs\/igualdad\/wp-json\/wp\/v2\/users\/7"}],"replies":[{"embeddable":true,"href":"https:\/\/iesbenjamin.educacion.navarra.es\/blogs\/igualdad\/wp-json\/wp\/v2\/comments?post=492"}],"version-history":[{"count":2,"href":"https:\/\/iesbenjamin.educacion.navarra.es\/blogs\/igualdad\/wp-json\/wp\/v2\/pages\/492\/revisions"}],"predecessor-version":[{"id":494,"href":"https:\/\/iesbenjamin.educacion.navarra.es\/blogs\/igualdad\/wp-json\/wp\/v2\/pages\/492\/revisions\/494"}],"up":[{"embeddable":true,"href":"https:\/\/iesbenjamin.educacion.navarra.es\/blogs\/igualdad\/wp-json\/wp\/v2\/pages\/174"}],"wp:attachment":[{"href":"https:\/\/iesbenjamin.educacion.navarra.es\/blogs\/igualdad\/wp-json\/wp\/v2\/media?parent=492"}],"curies":[{"name":"wp","href":"https:\/\/api.w.org\/{rel}","templated":true}]}}