{"id":472,"date":"2017-04-25T20:02:31","date_gmt":"2017-04-25T18:02:31","guid":{"rendered":"http:\/\/iesbenjamin.educacion.navarra.es\/blogs\/igualdad\/?page_id=472"},"modified":"2017-04-25T20:02:31","modified_gmt":"2017-04-25T18:02:31","slug":"que-nina-tan-bonita","status":"publish","type":"page","link":"https:\/\/iesbenjamin.educacion.navarra.es\/blogs\/igualdad\/25-n\/que-nina-tan-bonita\/","title":{"rendered":"\u00a1QU\u00c9 NI\u00d1A TAN BONITA!"},"content":{"rendered":"<p style=\"text-align: center\">Alicia R\u00f3denas, de 17 a\u00f1os y estudiante del instituto Diego Silo\u00e9 de Albacete, present\u00f3 el siguiente cortometraje al concurso celebrado por dicho centro educativo.<\/p>\n<p style=\"text-align: center\">En \u00e9l, aparece Alicia interpretando un texto de Ro de la Torre:\u00a0<em>\u00a1Qu\u00e9 ni\u00f1a tan bonita!,<\/em> que ya fue viral en el a\u00f1o 2015, y en el que se exponen un centenar de comentarios machistas que las mujeres pueden o\u00edr durante su vida.<\/p>\n<p><iframe loading=\"lazy\" width=\"640\" height=\"360\" src=\"https:\/\/www.youtube.com\/embed\/ArO2vBObWDs?feature=oembed\" frameborder=\"0\" allowfullscreen><\/iframe><\/p>\n<p>&nbsp;<\/p>\n","protected":false},"excerpt":{"rendered":"<p>Alicia R\u00f3denas, de 17 a\u00f1os y estudiante del instituto Diego Silo\u00e9 de Albacete, present\u00f3 el siguiente cortometraje al concurso celebrado por dicho centro educativo. En \u00e9l, aparece Alicia interpretando un texto de Ro de la Torre:\u00a0\u00a1Qu\u00e9 ni\u00f1a tan bonita!, que &hellip; <a href=\"https:\/\/iesbenjamin.educacion.navarra.es\/blogs\/igualdad\/25-n\/que-nina-tan-bonita\/\">Sigue leyendo <span class=\"meta-nav\">&rarr;<\/span><\/a><\/p>\n","protected":false},"author":7,"featured_media":0,"parent":67,"menu_order":0,"comment_status":"closed","ping_status":"closed","template":"","meta":[],"_links":{"self":[{"href":"https:\/\/iesbenjamin.educacion.navarra.es\/blogs\/igualdad\/wp-json\/wp\/v2\/pages\/472"}],"collection":[{"href":"https:\/\/iesbenjamin.educacion.navarra.es\/blogs\/igualdad\/wp-json\/wp\/v2\/pages"}],"about":[{"href":"https:\/\/iesbenjamin.educacion.navarra.es\/blogs\/igualdad\/wp-json\/wp\/v2\/types\/page"}],"author":[{"embeddable":true,"href":"https:\/\/iesbenjamin.educacion.navarra.es\/blogs\/igualdad\/wp-json\/wp\/v2\/users\/7"}],"replies":[{"embeddable":true,"href":"https:\/\/iesbenjamin.educacion.navarra.es\/blogs\/igualdad\/wp-json\/wp\/v2\/comments?post=472"}],"version-history":[{"count":1,"href":"https:\/\/iesbenjamin.educacion.navarra.es\/blogs\/igualdad\/wp-json\/wp\/v2\/pages\/472\/revisions"}],"predecessor-version":[{"id":473,"href":"https:\/\/iesbenjamin.educacion.navarra.es\/blogs\/igualdad\/wp-json\/wp\/v2\/pages\/472\/revisions\/473"}],"up":[{"embeddable":true,"href":"https:\/\/iesbenjamin.educacion.navarra.es\/blogs\/igualdad\/wp-json\/wp\/v2\/pages\/67"}],"wp:attachment":[{"href":"https:\/\/iesbenjamin.educacion.navarra.es\/blogs\/igualdad\/wp-json\/wp\/v2\/media?parent=472"}],"curies":[{"name":"wp","href":"https:\/\/api.w.org\/{rel}","templated":true}]}}