{"id":462,"date":"2017-04-25T19:28:03","date_gmt":"2017-04-25T17:28:03","guid":{"rendered":"http:\/\/iesbenjamin.educacion.navarra.es\/blogs\/igualdad\/?page_id=462"},"modified":"2017-04-25T19:28:03","modified_gmt":"2017-04-25T17:28:03","slug":"mujeres-desplazadas","status":"publish","type":"page","link":"https:\/\/iesbenjamin.educacion.navarra.es\/blogs\/igualdad\/8-marzo\/mujeres-desplazadas\/","title":{"rendered":"MUJERES DESPLAZADAS"},"content":{"rendered":"<p style=\"text-align: center\">La guerra del Congo se ha convertido en el peor de los infiernos, m\u00e1s de cinco millones de muertos, millones de personas desplazadas y la utilizaci\u00f3n de la violencia como arma de guerra con cien mil mujeres violadas al a\u00f1o.<\/p>\n<p style=\"text-align: center\">En la ONG ALBOAN quieren poner el acento en las m\u00faltiples formas de explotaci\u00f3n y violencia contra las mujeres, como consecuencia del conflicto, lo que convierte a la Rep\u00fablica Democr\u00e1tica de Congo en el pero lugar del mundo donde nacer mujer.<\/p>\n<p><iframe loading=\"lazy\" width=\"640\" height=\"360\" src=\"https:\/\/www.youtube.com\/embed\/FvKLhxzmZig?feature=oembed\" frameborder=\"0\" allowfullscreen><\/iframe><\/p>\n<p style=\"text-align: center\">\n","protected":false},"excerpt":{"rendered":"<p>La guerra del Congo se ha convertido en el peor de los infiernos, m\u00e1s de cinco millones de muertos, millones de personas desplazadas y la utilizaci\u00f3n de la violencia como arma de guerra con cien mil mujeres violadas al a\u00f1o. &hellip; <a href=\"https:\/\/iesbenjamin.educacion.navarra.es\/blogs\/igualdad\/8-marzo\/mujeres-desplazadas\/\">Sigue leyendo <span class=\"meta-nav\">&rarr;<\/span><\/a><\/p>\n","protected":false},"author":7,"featured_media":0,"parent":174,"menu_order":0,"comment_status":"closed","ping_status":"closed","template":"","meta":[],"_links":{"self":[{"href":"https:\/\/iesbenjamin.educacion.navarra.es\/blogs\/igualdad\/wp-json\/wp\/v2\/pages\/462"}],"collection":[{"href":"https:\/\/iesbenjamin.educacion.navarra.es\/blogs\/igualdad\/wp-json\/wp\/v2\/pages"}],"about":[{"href":"https:\/\/iesbenjamin.educacion.navarra.es\/blogs\/igualdad\/wp-json\/wp\/v2\/types\/page"}],"author":[{"embeddable":true,"href":"https:\/\/iesbenjamin.educacion.navarra.es\/blogs\/igualdad\/wp-json\/wp\/v2\/users\/7"}],"replies":[{"embeddable":true,"href":"https:\/\/iesbenjamin.educacion.navarra.es\/blogs\/igualdad\/wp-json\/wp\/v2\/comments?post=462"}],"version-history":[{"count":1,"href":"https:\/\/iesbenjamin.educacion.navarra.es\/blogs\/igualdad\/wp-json\/wp\/v2\/pages\/462\/revisions"}],"predecessor-version":[{"id":463,"href":"https:\/\/iesbenjamin.educacion.navarra.es\/blogs\/igualdad\/wp-json\/wp\/v2\/pages\/462\/revisions\/463"}],"up":[{"embeddable":true,"href":"https:\/\/iesbenjamin.educacion.navarra.es\/blogs\/igualdad\/wp-json\/wp\/v2\/pages\/174"}],"wp:attachment":[{"href":"https:\/\/iesbenjamin.educacion.navarra.es\/blogs\/igualdad\/wp-json\/wp\/v2\/media?parent=462"}],"curies":[{"name":"wp","href":"https:\/\/api.w.org\/{rel}","templated":true}]}}