{"id":451,"date":"2017-04-25T19:04:05","date_gmt":"2017-04-25T17:04:05","guid":{"rendered":"http:\/\/iesbenjamin.educacion.navarra.es\/blogs\/igualdad\/?page_id=451"},"modified":"2017-04-25T19:13:19","modified_gmt":"2017-04-25T17:13:19","slug":"lo-que-tu-movil-esconde","status":"publish","type":"page","link":"https:\/\/iesbenjamin.educacion.navarra.es\/blogs\/igualdad\/8-marzo\/lo-que-tu-movil-esconde\/","title":{"rendered":"LO QUE TU M\u00d3VIL ESCONDE"},"content":{"rendered":"<p style=\"text-align: center\">Mar\u00eda \u00c1lvarez es t\u00e9cnica de cooperaci\u00f3n de la ONG ALBOAN.<\/p>\n<p style=\"text-align: center\">En este v\u00eddeo Mar\u00eda \u00c1lvarez nos relata una historia, la historia que esconden nuestros m\u00f3viles, ordenadores, tablets. Una historia que afecta directamente a las mujeres que viven en la Rep\u00fablica Democr\u00e1tica\u00a0del Congo.<\/p>\n<p style=\"text-align: center\">Conocer esta historia nos ayuda a entender la conexi\u00f3n que existe entre la tecnolog\u00eda que consumimos y el negocio ilegal de los denominados \u00abminerales de sangre\u00bb.<\/p>\n<p><iframe loading=\"lazy\" width=\"640\" height=\"360\" src=\"https:\/\/www.youtube.com\/embed\/YPSHej88ZdY?feature=oembed\" frameborder=\"0\" allowfullscreen><\/iframe><\/p>\n<p style=\"text-align: center\">A continuaci\u00f3n os compartimos las actividades que proponen desde ALBOAN para trabajar esta tem\u00e1tica con nuestro alumnado:<\/p>\n<p style=\"text-align: center\"><a href=\"http:\/\/iesbenjamin.educacion.navarra.es\/blogs\/igualdad\/wp-content\/uploads\/sites\/5\/2017\/04\/09_Ficha_Fairphone_CONSOLIDADA_ES-copia.pdf\">09_Ficha_Fairphone_CONSOLIDADA_ES &#8211; copia<\/a> <a href=\"http:\/\/iesbenjamin.educacion.navarra.es\/blogs\/igualdad\/wp-content\/uploads\/sites\/5\/2017\/04\/08_Ficha_Propuestas_Consumo_CONSOLIDADA_ES.pdf\">08_Ficha_Propuestas_Consumo_CONSOLIDADA_ES<\/a><\/p>\n","protected":false},"excerpt":{"rendered":"<p>Mar\u00eda \u00c1lvarez es t\u00e9cnica de cooperaci\u00f3n de la ONG ALBOAN. En este v\u00eddeo Mar\u00eda \u00c1lvarez nos relata una historia, la historia que esconden nuestros m\u00f3viles, ordenadores, tablets. Una historia que afecta directamente a las mujeres que viven en la Rep\u00fablica &hellip; <a href=\"https:\/\/iesbenjamin.educacion.navarra.es\/blogs\/igualdad\/8-marzo\/lo-que-tu-movil-esconde\/\">Sigue leyendo <span class=\"meta-nav\">&rarr;<\/span><\/a><\/p>\n","protected":false},"author":7,"featured_media":0,"parent":174,"menu_order":0,"comment_status":"closed","ping_status":"closed","template":"","meta":[],"_links":{"self":[{"href":"https:\/\/iesbenjamin.educacion.navarra.es\/blogs\/igualdad\/wp-json\/wp\/v2\/pages\/451"}],"collection":[{"href":"https:\/\/iesbenjamin.educacion.navarra.es\/blogs\/igualdad\/wp-json\/wp\/v2\/pages"}],"about":[{"href":"https:\/\/iesbenjamin.educacion.navarra.es\/blogs\/igualdad\/wp-json\/wp\/v2\/types\/page"}],"author":[{"embeddable":true,"href":"https:\/\/iesbenjamin.educacion.navarra.es\/blogs\/igualdad\/wp-json\/wp\/v2\/users\/7"}],"replies":[{"embeddable":true,"href":"https:\/\/iesbenjamin.educacion.navarra.es\/blogs\/igualdad\/wp-json\/wp\/v2\/comments?post=451"}],"version-history":[{"count":2,"href":"https:\/\/iesbenjamin.educacion.navarra.es\/blogs\/igualdad\/wp-json\/wp\/v2\/pages\/451\/revisions"}],"predecessor-version":[{"id":459,"href":"https:\/\/iesbenjamin.educacion.navarra.es\/blogs\/igualdad\/wp-json\/wp\/v2\/pages\/451\/revisions\/459"}],"up":[{"embeddable":true,"href":"https:\/\/iesbenjamin.educacion.navarra.es\/blogs\/igualdad\/wp-json\/wp\/v2\/pages\/174"}],"wp:attachment":[{"href":"https:\/\/iesbenjamin.educacion.navarra.es\/blogs\/igualdad\/wp-json\/wp\/v2\/media?parent=451"}],"curies":[{"name":"wp","href":"https:\/\/api.w.org\/{rel}","templated":true}]}}