{"id":437,"date":"2017-04-25T18:21:59","date_gmt":"2017-04-25T16:21:59","guid":{"rendered":"http:\/\/iesbenjamin.educacion.navarra.es\/blogs\/igualdad\/?page_id=437"},"modified":"2017-04-25T18:21:59","modified_gmt":"2017-04-25T16:21:59","slug":"437-2","status":"publish","type":"page","link":"https:\/\/iesbenjamin.educacion.navarra.es\/blogs\/igualdad\/8-marzo\/437-2\/","title":{"rendered":""},"content":{"rendered":"<p style=\"text-align: center\">El alumnado de 1\u00ba de ESO del IESO Bardenas Reales de Cortes, con el apoyo de su profesor Santiago Paricio, han desarrollado una actividad muy interesante utilizando la metodolog\u00eda de Aprendizaje y Servicio.<\/p>\n<p style=\"text-align: center\">Este tipo de metodolog\u00eda hace al alumnado no solo receptor de los contenidos te\u00f3ricos y pr\u00e1cticos, sino que se convierten en actores dentro de su propio contexto social.<\/p>\n<p style=\"text-align: center\">En la actividad se analizan consejos que aparecen en su libro de texto, consejos aportados por sus familiares, consejos de sus mayores (residencia de Bu\u00f1uel) y consejos emitidos por hombres y mujeres en internet.<\/p>\n<p style=\"text-align: center\"><img loading=\"lazy\" class=\"alignnone  wp-image-435\" src=\"http:\/\/iesbenjamin.educacion.navarra.es\/blogs\/igualdad\/wp-content\/uploads\/sites\/5\/2017\/04\/Captura-1-300x297.png\" alt=\"\" width=\"452\" height=\"447\" srcset=\"https:\/\/iesbenjamin.educacion.navarra.es\/blogs\/igualdad\/wp-content\/uploads\/sites\/5\/2017\/04\/Captura-1-300x297.png 300w, https:\/\/iesbenjamin.educacion.navarra.es\/blogs\/igualdad\/wp-content\/uploads\/sites\/5\/2017\/04\/Captura-1.png 723w\" sizes=\"(max-width: 452px) 100vw, 452px\" \/><\/p>\n<p style=\"text-align: center\">A continuaci\u00f3n os dejamos la actividad completa:<\/p>\n<p style=\"text-align: center\"><a href=\"https:\/\/www.luminpdf.com\/viewer\/SpPFAeTjEFo33mHNQ\">https:\/\/www.luminpdf.com\/viewer\/SpPFAeTjEFo33mHNQ<\/a><\/p>\n","protected":false},"excerpt":{"rendered":"<p>El alumnado de 1\u00ba de ESO del IESO Bardenas Reales de Cortes, con el apoyo de su profesor Santiago Paricio, han desarrollado una actividad muy interesante utilizando la metodolog\u00eda de Aprendizaje y Servicio. Este tipo de metodolog\u00eda hace al alumnado &hellip; <a href=\"https:\/\/iesbenjamin.educacion.navarra.es\/blogs\/igualdad\/8-marzo\/437-2\/\">Sigue leyendo <span class=\"meta-nav\">&rarr;<\/span><\/a><\/p>\n","protected":false},"author":7,"featured_media":0,"parent":174,"menu_order":0,"comment_status":"closed","ping_status":"closed","template":"","meta":[],"_links":{"self":[{"href":"https:\/\/iesbenjamin.educacion.navarra.es\/blogs\/igualdad\/wp-json\/wp\/v2\/pages\/437"}],"collection":[{"href":"https:\/\/iesbenjamin.educacion.navarra.es\/blogs\/igualdad\/wp-json\/wp\/v2\/pages"}],"about":[{"href":"https:\/\/iesbenjamin.educacion.navarra.es\/blogs\/igualdad\/wp-json\/wp\/v2\/types\/page"}],"author":[{"embeddable":true,"href":"https:\/\/iesbenjamin.educacion.navarra.es\/blogs\/igualdad\/wp-json\/wp\/v2\/users\/7"}],"replies":[{"embeddable":true,"href":"https:\/\/iesbenjamin.educacion.navarra.es\/blogs\/igualdad\/wp-json\/wp\/v2\/comments?post=437"}],"version-history":[{"count":1,"href":"https:\/\/iesbenjamin.educacion.navarra.es\/blogs\/igualdad\/wp-json\/wp\/v2\/pages\/437\/revisions"}],"predecessor-version":[{"id":438,"href":"https:\/\/iesbenjamin.educacion.navarra.es\/blogs\/igualdad\/wp-json\/wp\/v2\/pages\/437\/revisions\/438"}],"up":[{"embeddable":true,"href":"https:\/\/iesbenjamin.educacion.navarra.es\/blogs\/igualdad\/wp-json\/wp\/v2\/pages\/174"}],"wp:attachment":[{"href":"https:\/\/iesbenjamin.educacion.navarra.es\/blogs\/igualdad\/wp-json\/wp\/v2\/media?parent=437"}],"curies":[{"name":"wp","href":"https:\/\/api.w.org\/{rel}","templated":true}]}}