{"id":431,"date":"2017-04-25T17:56:00","date_gmt":"2017-04-25T15:56:00","guid":{"rendered":"http:\/\/iesbenjamin.educacion.navarra.es\/blogs\/igualdad\/?page_id=431"},"modified":"2017-04-25T17:56:00","modified_gmt":"2017-04-25T15:56:00","slug":"maria-blasco","status":"publish","type":"page","link":"https:\/\/iesbenjamin.educacion.navarra.es\/blogs\/igualdad\/ciencia-y-mujer\/maria-blasco\/","title":{"rendered":"MAR\u00cdA BLASCO"},"content":{"rendered":"<p style=\"text-align: center\">El alumnado de 2\u00ba de PEMAR, con el apoyo de su profesora en el \u00e1mbito socioling\u00fcistico, Alicia Redrado, ha desarrollado una actividad muy interesante de comprensi\u00f3n lectora, a partir de un art\u00edculo de divulgaci\u00f3n cient\u00edfica del peri\u00f3dico El Pa\u00eds.<\/p>\n<p style=\"text-align: center\"><img loading=\"lazy\" class=\"alignnone size-medium wp-image-428\" src=\"http:\/\/iesbenjamin.educacion.navarra.es\/blogs\/igualdad\/wp-content\/uploads\/sites\/5\/2017\/04\/Captura-265x300.png\" alt=\"\" width=\"265\" height=\"300\" srcset=\"https:\/\/iesbenjamin.educacion.navarra.es\/blogs\/igualdad\/wp-content\/uploads\/sites\/5\/2017\/04\/Captura-265x300.png 265w, https:\/\/iesbenjamin.educacion.navarra.es\/blogs\/igualdad\/wp-content\/uploads\/sites\/5\/2017\/04\/Captura.png 352w\" sizes=\"(max-width: 265px) 100vw, 265px\" \/><\/p>\n<p style=\"text-align: center\">Mar\u00eda Blasco es una de las cient\u00edficas m\u00e1s brillantes de nuestro pa\u00eds, directora del Centro Nacional de Investigaciones Oncol\u00f3gicas.<\/p>\n<p style=\"text-align: center\">Os dejamos la actividad a continuaci\u00f3n:<\/p>\n<p style=\"text-align: center\"><a href=\"http:\/\/iesbenjamin.educacion.navarra.es\/blogs\/igualdad\/wp-content\/uploads\/sites\/5\/2017\/04\/MAR\u00cdA-BLASCO-MUJER-Y-CIENCIA.pdf\">MAR\u00cdA BLASCO MUJER Y CIENCIA<\/a><\/p>\n","protected":false},"excerpt":{"rendered":"<p>El alumnado de 2\u00ba de PEMAR, con el apoyo de su profesora en el \u00e1mbito socioling\u00fcistico, Alicia Redrado, ha desarrollado una actividad muy interesante de comprensi\u00f3n lectora, a partir de un art\u00edculo de divulgaci\u00f3n cient\u00edfica del peri\u00f3dico El Pa\u00eds. Mar\u00eda &hellip; <a href=\"https:\/\/iesbenjamin.educacion.navarra.es\/blogs\/igualdad\/ciencia-y-mujer\/maria-blasco\/\">Sigue leyendo <span class=\"meta-nav\">&rarr;<\/span><\/a><\/p>\n","protected":false},"author":7,"featured_media":0,"parent":13,"menu_order":0,"comment_status":"closed","ping_status":"closed","template":"","meta":[],"_links":{"self":[{"href":"https:\/\/iesbenjamin.educacion.navarra.es\/blogs\/igualdad\/wp-json\/wp\/v2\/pages\/431"}],"collection":[{"href":"https:\/\/iesbenjamin.educacion.navarra.es\/blogs\/igualdad\/wp-json\/wp\/v2\/pages"}],"about":[{"href":"https:\/\/iesbenjamin.educacion.navarra.es\/blogs\/igualdad\/wp-json\/wp\/v2\/types\/page"}],"author":[{"embeddable":true,"href":"https:\/\/iesbenjamin.educacion.navarra.es\/blogs\/igualdad\/wp-json\/wp\/v2\/users\/7"}],"replies":[{"embeddable":true,"href":"https:\/\/iesbenjamin.educacion.navarra.es\/blogs\/igualdad\/wp-json\/wp\/v2\/comments?post=431"}],"version-history":[{"count":2,"href":"https:\/\/iesbenjamin.educacion.navarra.es\/blogs\/igualdad\/wp-json\/wp\/v2\/pages\/431\/revisions"}],"predecessor-version":[{"id":433,"href":"https:\/\/iesbenjamin.educacion.navarra.es\/blogs\/igualdad\/wp-json\/wp\/v2\/pages\/431\/revisions\/433"}],"up":[{"embeddable":true,"href":"https:\/\/iesbenjamin.educacion.navarra.es\/blogs\/igualdad\/wp-json\/wp\/v2\/pages\/13"}],"wp:attachment":[{"href":"https:\/\/iesbenjamin.educacion.navarra.es\/blogs\/igualdad\/wp-json\/wp\/v2\/media?parent=431"}],"curies":[{"name":"wp","href":"https:\/\/api.w.org\/{rel}","templated":true}]}}