{"id":394,"date":"2017-03-13T17:49:44","date_gmt":"2017-03-13T16:49:44","guid":{"rendered":"http:\/\/iesbenjamin.educacion.navarra.es\/blogs\/igualdad\/?page_id=394"},"modified":"2017-03-13T17:49:44","modified_gmt":"2017-03-13T16:49:44","slug":"la-voz-de-inaki","status":"publish","type":"page","link":"https:\/\/iesbenjamin.educacion.navarra.es\/blogs\/igualdad\/8-marzo\/la-voz-de-inaki\/","title":{"rendered":"LA VOZ DE I\u00d1AKI"},"content":{"rendered":"<p style=\"text-align: center\">Una reflexi\u00f3n sobre violencia de g\u00e9nero en el D\u00eda Internacional de la Mujer.<\/p>\n<p><iframe loading=\"lazy\" width=\"640\" height=\"360\" src=\"https:\/\/www.youtube.com\/embed\/-Pl5xt8TuQc?feature=oembed\" frameborder=\"0\" allowfullscreen><\/iframe><\/p>\n<p style=\"text-align: center\">I\u00f1aki Gabilondo: \u00ab\u00bfQu\u00e9 telara\u00f1as mentales seguimos teniendo los hombres? Revisaremos leyes y estar\u00e1 bien, revisaremos h\u00e1bitos y estar\u00e1 a\u00fan mejor, pero si los hombres no reconocemos que hemos de revisar nuestras mentes, avanzaremos a paso de tortuga\u00bb<\/p>\n","protected":false},"excerpt":{"rendered":"<p>Una reflexi\u00f3n sobre violencia de g\u00e9nero en el D\u00eda Internacional de la Mujer. I\u00f1aki Gabilondo: \u00ab\u00bfQu\u00e9 telara\u00f1as mentales seguimos teniendo los hombres? Revisaremos leyes y estar\u00e1 bien, revisaremos h\u00e1bitos y estar\u00e1 a\u00fan mejor, pero si los hombres no reconocemos que &hellip; <a href=\"https:\/\/iesbenjamin.educacion.navarra.es\/blogs\/igualdad\/8-marzo\/la-voz-de-inaki\/\">Sigue leyendo <span class=\"meta-nav\">&rarr;<\/span><\/a><\/p>\n","protected":false},"author":7,"featured_media":0,"parent":174,"menu_order":0,"comment_status":"closed","ping_status":"closed","template":"","meta":[],"_links":{"self":[{"href":"https:\/\/iesbenjamin.educacion.navarra.es\/blogs\/igualdad\/wp-json\/wp\/v2\/pages\/394"}],"collection":[{"href":"https:\/\/iesbenjamin.educacion.navarra.es\/blogs\/igualdad\/wp-json\/wp\/v2\/pages"}],"about":[{"href":"https:\/\/iesbenjamin.educacion.navarra.es\/blogs\/igualdad\/wp-json\/wp\/v2\/types\/page"}],"author":[{"embeddable":true,"href":"https:\/\/iesbenjamin.educacion.navarra.es\/blogs\/igualdad\/wp-json\/wp\/v2\/users\/7"}],"replies":[{"embeddable":true,"href":"https:\/\/iesbenjamin.educacion.navarra.es\/blogs\/igualdad\/wp-json\/wp\/v2\/comments?post=394"}],"version-history":[{"count":1,"href":"https:\/\/iesbenjamin.educacion.navarra.es\/blogs\/igualdad\/wp-json\/wp\/v2\/pages\/394\/revisions"}],"predecessor-version":[{"id":395,"href":"https:\/\/iesbenjamin.educacion.navarra.es\/blogs\/igualdad\/wp-json\/wp\/v2\/pages\/394\/revisions\/395"}],"up":[{"embeddable":true,"href":"https:\/\/iesbenjamin.educacion.navarra.es\/blogs\/igualdad\/wp-json\/wp\/v2\/pages\/174"}],"wp:attachment":[{"href":"https:\/\/iesbenjamin.educacion.navarra.es\/blogs\/igualdad\/wp-json\/wp\/v2\/media?parent=394"}],"curies":[{"name":"wp","href":"https:\/\/api.w.org\/{rel}","templated":true}]}}