{"id":388,"date":"2017-03-06T17:49:06","date_gmt":"2017-03-06T16:49:06","guid":{"rendered":"http:\/\/iesbenjamin.educacion.navarra.es\/blogs\/igualdad\/?page_id=388"},"modified":"2017-03-06T17:49:06","modified_gmt":"2017-03-06T16:49:06","slug":"objetivo-mujeres","status":"publish","type":"page","link":"https:\/\/iesbenjamin.educacion.navarra.es\/blogs\/igualdad\/8-marzo\/objetivo-mujeres\/","title":{"rendered":"OBJETIVO MUJERES"},"content":{"rendered":"<p style=\"text-align: center\">Dos presidentas auton\u00f3micas, Francina Armengol (PSIB-PSOE) y Uxue Barkos (Geroa Bai); una vicepresidenta, M\u00f3nica Oltra (Comprom\u00eds); la jefa de la oposici\u00f3n en Catalu\u00f1a, In\u00e9s Arrimadas (Ciudadanos); y la alcaldesa de Logro\u00f1o, una las ciudades m\u00e1s importantes gobernadas por el PP, Cuca Gamarra, se sientan junto a Ana Pastor en una edici\u00f3n especial de \u2018El Objetivo\u2019 de Ana Pastor en laSexta. Juntas analizan y debaten en directo sobre la situaci\u00f3n de la mujer en nuestro pa\u00eds: \u00bfSe ha alcanzado la igualdad real entre mujeres y hombres? \u00bfC\u00f3mo romper el techo de cristal que impide que ellas accedan a puestos directivos? \u00bfQu\u00e9 queda por hacer en \u00e1mbito de la conciliaci\u00f3n? \u00bfC\u00f3mo acabar con la lacra de la violencia machista? Con ellas, mujeres que han llegado a puestos de responsabilidad, intentaremos averiguar qu\u00e9 est\u00e1 fallando y qu\u00e9 medidas se deben tomar en un escenario especial preparado para la ocasi\u00f3n. A tres d\u00edas de la celebraci\u00f3n del D\u00eda Internacional de la Mujer, \u2018El Objetivo\u2019 pone el foco en datos que ponen en evidencia que queda mucho por hacer en todos los sectores: nunca desde el inicio de la democracia se ha alcanzado la paridad entre hombres y mujeres en el Congreso de los Diputados, ellas est\u00e1n mejor preparadas que ellos pero s\u00f3lo ocupan la presidencia de 2 de las empresas del Ibex35, y la precariedad laboral las castiga especialmente. An\u00e1lisis, debate y propuestas en El Objetivo.. T\u00edtulo: La igualdad entre mujeres y hombres, a debate.<\/p>\n<p style=\"text-align: center\"><img loading=\"lazy\" class=\"alignnone size-medium wp-image-386\" src=\"http:\/\/iesbenjamin.educacion.navarra.es\/blogs\/igualdad\/wp-content\/uploads\/sites\/5\/2017\/03\/Captura-300x178.png\" alt=\"\" width=\"300\" height=\"178\" srcset=\"https:\/\/iesbenjamin.educacion.navarra.es\/blogs\/igualdad\/wp-content\/uploads\/sites\/5\/2017\/03\/Captura-300x178.png 300w, https:\/\/iesbenjamin.educacion.navarra.es\/blogs\/igualdad\/wp-content\/uploads\/sites\/5\/2017\/03\/Captura-768x456.png 768w, https:\/\/iesbenjamin.educacion.navarra.es\/blogs\/igualdad\/wp-content\/uploads\/sites\/5\/2017\/03\/Captura-1024x608.png 1024w, https:\/\/iesbenjamin.educacion.navarra.es\/blogs\/igualdad\/wp-content\/uploads\/sites\/5\/2017\/03\/Captura.png 1091w\" sizes=\"(max-width: 300px) 100vw, 300px\" \/><\/p>\n<p style=\"text-align: center\">En el siguiente enlace pod\u00e9is ver el programa completo:<\/p>\n<p style=\"text-align: center\"><a href=\"http:\/\/www.atresplayer.com\/television\/programas\/el-objetivo\/temporada-5\/capitulo-23-igualdad-mujeres-hombres-debate_2017030401343.html\">http:\/\/www.atresplayer.com\/television\/programas\/el-objetivo\/temporada-5\/capitulo-23-igualdad-mujeres-hombres-debate_2017030401343.html<\/a><\/p>\n","protected":false},"excerpt":{"rendered":"<p>Dos presidentas auton\u00f3micas, Francina Armengol (PSIB-PSOE) y Uxue Barkos (Geroa Bai); una vicepresidenta, M\u00f3nica Oltra (Comprom\u00eds); la jefa de la oposici\u00f3n en Catalu\u00f1a, In\u00e9s Arrimadas (Ciudadanos); y la alcaldesa de Logro\u00f1o, una las ciudades m\u00e1s importantes gobernadas por el PP, &hellip; <a href=\"https:\/\/iesbenjamin.educacion.navarra.es\/blogs\/igualdad\/8-marzo\/objetivo-mujeres\/\">Sigue leyendo <span class=\"meta-nav\">&rarr;<\/span><\/a><\/p>\n","protected":false},"author":7,"featured_media":0,"parent":174,"menu_order":0,"comment_status":"closed","ping_status":"closed","template":"","meta":[],"_links":{"self":[{"href":"https:\/\/iesbenjamin.educacion.navarra.es\/blogs\/igualdad\/wp-json\/wp\/v2\/pages\/388"}],"collection":[{"href":"https:\/\/iesbenjamin.educacion.navarra.es\/blogs\/igualdad\/wp-json\/wp\/v2\/pages"}],"about":[{"href":"https:\/\/iesbenjamin.educacion.navarra.es\/blogs\/igualdad\/wp-json\/wp\/v2\/types\/page"}],"author":[{"embeddable":true,"href":"https:\/\/iesbenjamin.educacion.navarra.es\/blogs\/igualdad\/wp-json\/wp\/v2\/users\/7"}],"replies":[{"embeddable":true,"href":"https:\/\/iesbenjamin.educacion.navarra.es\/blogs\/igualdad\/wp-json\/wp\/v2\/comments?post=388"}],"version-history":[{"count":2,"href":"https:\/\/iesbenjamin.educacion.navarra.es\/blogs\/igualdad\/wp-json\/wp\/v2\/pages\/388\/revisions"}],"predecessor-version":[{"id":390,"href":"https:\/\/iesbenjamin.educacion.navarra.es\/blogs\/igualdad\/wp-json\/wp\/v2\/pages\/388\/revisions\/390"}],"up":[{"embeddable":true,"href":"https:\/\/iesbenjamin.educacion.navarra.es\/blogs\/igualdad\/wp-json\/wp\/v2\/pages\/174"}],"wp:attachment":[{"href":"https:\/\/iesbenjamin.educacion.navarra.es\/blogs\/igualdad\/wp-json\/wp\/v2\/media?parent=388"}],"curies":[{"name":"wp","href":"https:\/\/api.w.org\/{rel}","templated":true}]}}