{"id":381,"date":"2017-03-05T19:55:26","date_gmt":"2017-03-05T18:55:26","guid":{"rendered":"http:\/\/iesbenjamin.educacion.navarra.es\/blogs\/igualdad\/?page_id=381"},"modified":"2017-03-05T19:57:55","modified_gmt":"2017-03-05T18:57:55","slug":"persepolis","status":"publish","type":"page","link":"https:\/\/iesbenjamin.educacion.navarra.es\/blogs\/igualdad\/8-marzo\/persepolis\/","title":{"rendered":"PERS\u00c9POLIS"},"content":{"rendered":"<p style=\"text-align: center\">En nuestro rinc\u00f3n literario os recomendamos el c\u00f3mic Pers\u00e9polis, en esta nueva entrada os proponemos ver la adaptaci\u00f3n que de \u00e9ste c\u00f3mic se realiz\u00f3 en el a\u00f1o 2007.<\/p>\n<p style=\"text-align: center\"><img loading=\"lazy\" class=\"alignnone size-medium wp-image-379\" src=\"http:\/\/iesbenjamin.educacion.navarra.es\/blogs\/igualdad\/wp-content\/uploads\/sites\/5\/2017\/03\/persepolis-701715841-large-225x300.jpg\" alt=\"\" width=\"225\" height=\"300\" srcset=\"https:\/\/iesbenjamin.educacion.navarra.es\/blogs\/igualdad\/wp-content\/uploads\/sites\/5\/2017\/03\/persepolis-701715841-large-225x300.jpg 225w, https:\/\/iesbenjamin.educacion.navarra.es\/blogs\/igualdad\/wp-content\/uploads\/sites\/5\/2017\/03\/persepolis-701715841-large.jpg 600w\" sizes=\"(max-width: 225px) 100vw, 225px\" \/><\/p>\n<p style=\"text-align: center\"><em>Pers\u00e9polis narra la conmovedora historia de una ni\u00f1a iran\u00ed desde la revoluci\u00f3n isl\u00e1mica hasta nuestros d\u00edas. Cuando los fundamentalistas toman el poder, \u00a0forzando a las mujeres a llevar velo y encarcelando a miles de personas, y mientras tiene lugar la guerra entre Irak e Ir\u00e1n, \u00a0Marjane descubre el punk, \u00a0ABBA y \u00a0al grupo Iron Maiden. Cuando llega a la adolescencia sus padres la env\u00edan a Europa, donde conoce otra cultura que nada tiene que ver con la de su pa\u00eds. La protagonista se adapta bien a su nueva vida, pero no soporta la soledad y vuelve con su familia, aunque eso signifique ponerse el velo y someterse a una sociedad tir\u00e1nica.<\/em><\/p>\n<h6 style=\"text-align: center\">(FILMAFFINITY)<\/h6>\n<p><iframe loading=\"lazy\" width=\"640\" height=\"360\" src=\"https:\/\/www.youtube.com\/embed\/WqTw1OQpQdw?feature=oembed\" frameborder=\"0\" allowfullscreen><\/iframe><\/p>\n","protected":false},"excerpt":{"rendered":"<p>En nuestro rinc\u00f3n literario os recomendamos el c\u00f3mic Pers\u00e9polis, en esta nueva entrada os proponemos ver la adaptaci\u00f3n que de \u00e9ste c\u00f3mic se realiz\u00f3 en el a\u00f1o 2007. Pers\u00e9polis narra la conmovedora historia de una ni\u00f1a iran\u00ed desde la revoluci\u00f3n &hellip; <a href=\"https:\/\/iesbenjamin.educacion.navarra.es\/blogs\/igualdad\/8-marzo\/persepolis\/\">Sigue leyendo <span class=\"meta-nav\">&rarr;<\/span><\/a><\/p>\n","protected":false},"author":7,"featured_media":0,"parent":174,"menu_order":0,"comment_status":"closed","ping_status":"closed","template":"","meta":[],"_links":{"self":[{"href":"https:\/\/iesbenjamin.educacion.navarra.es\/blogs\/igualdad\/wp-json\/wp\/v2\/pages\/381"}],"collection":[{"href":"https:\/\/iesbenjamin.educacion.navarra.es\/blogs\/igualdad\/wp-json\/wp\/v2\/pages"}],"about":[{"href":"https:\/\/iesbenjamin.educacion.navarra.es\/blogs\/igualdad\/wp-json\/wp\/v2\/types\/page"}],"author":[{"embeddable":true,"href":"https:\/\/iesbenjamin.educacion.navarra.es\/blogs\/igualdad\/wp-json\/wp\/v2\/users\/7"}],"replies":[{"embeddable":true,"href":"https:\/\/iesbenjamin.educacion.navarra.es\/blogs\/igualdad\/wp-json\/wp\/v2\/comments?post=381"}],"version-history":[{"count":3,"href":"https:\/\/iesbenjamin.educacion.navarra.es\/blogs\/igualdad\/wp-json\/wp\/v2\/pages\/381\/revisions"}],"predecessor-version":[{"id":384,"href":"https:\/\/iesbenjamin.educacion.navarra.es\/blogs\/igualdad\/wp-json\/wp\/v2\/pages\/381\/revisions\/384"}],"up":[{"embeddable":true,"href":"https:\/\/iesbenjamin.educacion.navarra.es\/blogs\/igualdad\/wp-json\/wp\/v2\/pages\/174"}],"wp:attachment":[{"href":"https:\/\/iesbenjamin.educacion.navarra.es\/blogs\/igualdad\/wp-json\/wp\/v2\/media?parent=381"}],"curies":[{"name":"wp","href":"https:\/\/api.w.org\/{rel}","templated":true}]}}