{"id":361,"date":"2017-02-28T14:33:55","date_gmt":"2017-02-28T13:33:55","guid":{"rendered":"http:\/\/iesbenjamin.educacion.navarra.es\/blogs\/igualdad\/?page_id=361"},"modified":"2017-02-28T14:33:55","modified_gmt":"2017-02-28T13:33:55","slug":"ninos-vs-moda","status":"publish","type":"page","link":"https:\/\/iesbenjamin.educacion.navarra.es\/blogs\/igualdad\/8-marzo\/ninos-vs-moda\/","title":{"rendered":"NI\u00d1OS VS. MODA"},"content":{"rendered":"<p style=\"text-align: center\"><em>El v\u00eddeo de la artista Yolanda Dom\u00ednguez en el que alumnas y alumnos de ocho a\u00f1os describen im\u00e1genes publicitarias gana el premio Beazley de dise\u00f1o.<\/em><\/p>\n<p style=\"text-align: center\"><em>\u00bfEn qu\u00e9 momento las ni\u00f1as y los ni\u00f1os dejan de ver lo que tienen delante y empiezan a interpretar? La artista Yolanda Dom\u00ednguez (Madrid, 1977) ha indagado en ese instante con un v\u00eddeo que critica la comunicaci\u00f3n visual de la moda y que le ha valido el premio Beazley que el Design Museum de Londres concede al \u00a0mejor dise\u00f1o de moda del a\u00f1o.<\/em><\/p>\n<p style=\"text-align: center\"><em>Fuente: EPS, 26 de febrero de 2017<\/em><\/p>\n<p><iframe loading=\"lazy\" width=\"640\" height=\"360\" src=\"https:\/\/www.youtube.com\/embed\/LlShHeU2qU4?feature=oembed\" frameborder=\"0\" allowfullscreen><\/iframe><\/p>\n","protected":false},"excerpt":{"rendered":"<p>El v\u00eddeo de la artista Yolanda Dom\u00ednguez en el que alumnas y alumnos de ocho a\u00f1os describen im\u00e1genes publicitarias gana el premio Beazley de dise\u00f1o. \u00bfEn qu\u00e9 momento las ni\u00f1as y los ni\u00f1os dejan de ver lo que tienen delante &hellip; <a href=\"https:\/\/iesbenjamin.educacion.navarra.es\/blogs\/igualdad\/8-marzo\/ninos-vs-moda\/\">Sigue leyendo <span class=\"meta-nav\">&rarr;<\/span><\/a><\/p>\n","protected":false},"author":7,"featured_media":0,"parent":174,"menu_order":0,"comment_status":"closed","ping_status":"closed","template":"","meta":[],"_links":{"self":[{"href":"https:\/\/iesbenjamin.educacion.navarra.es\/blogs\/igualdad\/wp-json\/wp\/v2\/pages\/361"}],"collection":[{"href":"https:\/\/iesbenjamin.educacion.navarra.es\/blogs\/igualdad\/wp-json\/wp\/v2\/pages"}],"about":[{"href":"https:\/\/iesbenjamin.educacion.navarra.es\/blogs\/igualdad\/wp-json\/wp\/v2\/types\/page"}],"author":[{"embeddable":true,"href":"https:\/\/iesbenjamin.educacion.navarra.es\/blogs\/igualdad\/wp-json\/wp\/v2\/users\/7"}],"replies":[{"embeddable":true,"href":"https:\/\/iesbenjamin.educacion.navarra.es\/blogs\/igualdad\/wp-json\/wp\/v2\/comments?post=361"}],"version-history":[{"count":1,"href":"https:\/\/iesbenjamin.educacion.navarra.es\/blogs\/igualdad\/wp-json\/wp\/v2\/pages\/361\/revisions"}],"predecessor-version":[{"id":362,"href":"https:\/\/iesbenjamin.educacion.navarra.es\/blogs\/igualdad\/wp-json\/wp\/v2\/pages\/361\/revisions\/362"}],"up":[{"embeddable":true,"href":"https:\/\/iesbenjamin.educacion.navarra.es\/blogs\/igualdad\/wp-json\/wp\/v2\/pages\/174"}],"wp:attachment":[{"href":"https:\/\/iesbenjamin.educacion.navarra.es\/blogs\/igualdad\/wp-json\/wp\/v2\/media?parent=361"}],"curies":[{"name":"wp","href":"https:\/\/api.w.org\/{rel}","templated":true}]}}