{"id":287,"date":"2017-02-09T21:58:43","date_gmt":"2017-02-09T20:58:43","guid":{"rendered":"http:\/\/iesbenjamin.educacion.navarra.es\/blogs\/igualdad\/?page_id=287"},"modified":"2017-02-09T21:58:53","modified_gmt":"2017-02-09T20:58:53","slug":"que-celebramos-el-8-de-marzo","status":"publish","type":"page","link":"https:\/\/iesbenjamin.educacion.navarra.es\/blogs\/igualdad\/8-marzo\/que-celebramos-el-8-de-marzo\/","title":{"rendered":"\u00bfQU\u00c9 CELEBRAMOS EL 8 DE MARZO?"},"content":{"rendered":"<div class=\"entry-content\">\n<p><img loading=\"lazy\" class=\"alignnone wp-image-277\" src=\"http:\/\/iesbenjamin.educacion.navarra.es\/blogs\/igualdad\/wp-content\/uploads\/sites\/5\/2017\/02\/Imagen1-300x141.png\" alt=\"\" width=\"639\" height=\"300\" srcset=\"https:\/\/iesbenjamin.educacion.navarra.es\/blogs\/igualdad\/wp-content\/uploads\/sites\/5\/2017\/02\/Imagen1-300x141.png 300w, https:\/\/iesbenjamin.educacion.navarra.es\/blogs\/igualdad\/wp-content\/uploads\/sites\/5\/2017\/02\/Imagen1-768x361.png 768w, https:\/\/iesbenjamin.educacion.navarra.es\/blogs\/igualdad\/wp-content\/uploads\/sites\/5\/2017\/02\/Imagen1.png 791w\" sizes=\"(max-width: 639px) 100vw, 639px\" \/><\/p>\n<p>La historia m\u00e1s extendida sobre la conmemoraci\u00f3n del 8 de marzo hace referencia a los hechos que sucedieron en esta fecha del a\u00f1o 1911, donde murieron calcinadas 146 mujeres trabajadoras de la f\u00e1brica textil Cotton de Nueva York en un incendio provocado por las bombas incendiarias que les lanzaron ante la negativa de abandonar el encierro en el que protestaban por los bajos salarios y las infames condiciones de trabajo que padec\u00edan. Tambi\u00e9n se reconoce como antecedente a las manifestaciones protagonizadas por obreras textiles el 8 de marzo de 1857, tambi\u00e9n en Nueva York.<\/p>\n<\/div>\n<div class=\"entry-utility\">Entrada publicada en <a href=\"http:\/\/iesbenjamin.educacion.navarra.es\/blogs\/igualdad\/categoria\/noticias\/\" rel=\"category tag\">Noticias<\/a>. Guardar el <a title=\"Enlace permanente a \u00bfQU\u00c9 CELEBRAREMOS EL 8 DE MARZO?\" href=\"http:\/\/iesbenjamin.educacion.navarra.es\/blogs\/igualdad\/2017\/02\/09\/que-celebraremos-el-8-de-marzo\/\" rel=\"bookmark\">enlace permanente<\/a>. <span class=\"edit-link\"><a class=\"post-edit-link\" href=\"http:\/\/iesbenjamin.educacion.navarra.es\/blogs\/igualdad\/wp-admin\/post.php?post=276&amp;action=edit\">Editar<\/a><\/span><\/div>\n","protected":false},"excerpt":{"rendered":"<p>La historia m\u00e1s extendida sobre la conmemoraci\u00f3n del 8 de marzo hace referencia a los hechos que sucedieron en esta fecha del a\u00f1o 1911, donde murieron calcinadas 146 mujeres trabajadoras de la f\u00e1brica textil Cotton de Nueva York en un &hellip; <a href=\"https:\/\/iesbenjamin.educacion.navarra.es\/blogs\/igualdad\/8-marzo\/que-celebramos-el-8-de-marzo\/\">Sigue leyendo <span class=\"meta-nav\">&rarr;<\/span><\/a><\/p>\n","protected":false},"author":7,"featured_media":0,"parent":174,"menu_order":0,"comment_status":"closed","ping_status":"closed","template":"","meta":[],"_links":{"self":[{"href":"https:\/\/iesbenjamin.educacion.navarra.es\/blogs\/igualdad\/wp-json\/wp\/v2\/pages\/287"}],"collection":[{"href":"https:\/\/iesbenjamin.educacion.navarra.es\/blogs\/igualdad\/wp-json\/wp\/v2\/pages"}],"about":[{"href":"https:\/\/iesbenjamin.educacion.navarra.es\/blogs\/igualdad\/wp-json\/wp\/v2\/types\/page"}],"author":[{"embeddable":true,"href":"https:\/\/iesbenjamin.educacion.navarra.es\/blogs\/igualdad\/wp-json\/wp\/v2\/users\/7"}],"replies":[{"embeddable":true,"href":"https:\/\/iesbenjamin.educacion.navarra.es\/blogs\/igualdad\/wp-json\/wp\/v2\/comments?post=287"}],"version-history":[{"count":1,"href":"https:\/\/iesbenjamin.educacion.navarra.es\/blogs\/igualdad\/wp-json\/wp\/v2\/pages\/287\/revisions"}],"predecessor-version":[{"id":288,"href":"https:\/\/iesbenjamin.educacion.navarra.es\/blogs\/igualdad\/wp-json\/wp\/v2\/pages\/287\/revisions\/288"}],"up":[{"embeddable":true,"href":"https:\/\/iesbenjamin.educacion.navarra.es\/blogs\/igualdad\/wp-json\/wp\/v2\/pages\/174"}],"wp:attachment":[{"href":"https:\/\/iesbenjamin.educacion.navarra.es\/blogs\/igualdad\/wp-json\/wp\/v2\/media?parent=287"}],"curies":[{"name":"wp","href":"https:\/\/api.w.org\/{rel}","templated":true}]}}