{"id":263,"date":"2017-02-02T20:50:13","date_gmt":"2017-02-02T19:50:13","guid":{"rendered":"http:\/\/iesbenjamin.educacion.navarra.es\/blogs\/igualdad\/?page_id=263"},"modified":"2017-02-02T20:50:25","modified_gmt":"2017-02-02T19:50:25","slug":"querernos-bien","status":"publish","type":"page","link":"https:\/\/iesbenjamin.educacion.navarra.es\/blogs\/igualdad\/25-n\/querernos-bien\/","title":{"rendered":"QUERERNOS BIEN"},"content":{"rendered":"<p><em>Querernos bien <\/em>es un breve documental de 15 minutos que aborda qu\u00e9 es la violencia de g\u00e9nero y pretende proponer herramientas para su prevenci\u00f3n.<\/p>\n<p style=\"text-align: center\">Est\u00e1 dirigido a las y los j\u00f3venes, a trav\u00e9s de un di\u00e1logo con personas expertas se pretende reflexionar sobre las manifestaciones de la violencia de g\u00e9nero, c\u00f3mo podemos identificarla, prevenirla y en qu\u00e9 manera podemos crear relaciones positivas entre iguales.<\/p>\n<p style=\"text-align: center\">Fuente: <a href=\"http:\/\/www.educandoenigualdad.com\/wp-content\/uploads\/2016\/03\/Marzo2015.pdf\">http:\/\/www.educandoenigualdad.com\/wp-content\/uploads\/2016\/03\/Marzo2015.pdf<\/a><\/p>\n<p><iframe loading=\"lazy\" width=\"640\" height=\"360\" src=\"https:\/\/www.youtube.com\/embed\/LcnCtAqth6s?feature=oembed\" frameborder=\"0\" allowfullscreen><\/iframe><\/p>\n","protected":false},"excerpt":{"rendered":"<p>Querernos bien es un breve documental de 15 minutos que aborda qu\u00e9 es la violencia de g\u00e9nero y pretende proponer herramientas para su prevenci\u00f3n. Est\u00e1 dirigido a las y los j\u00f3venes, a trav\u00e9s de un di\u00e1logo con personas expertas se &hellip; <a href=\"https:\/\/iesbenjamin.educacion.navarra.es\/blogs\/igualdad\/25-n\/querernos-bien\/\">Sigue leyendo <span class=\"meta-nav\">&rarr;<\/span><\/a><\/p>\n","protected":false},"author":7,"featured_media":0,"parent":67,"menu_order":0,"comment_status":"closed","ping_status":"closed","template":"","meta":[],"_links":{"self":[{"href":"https:\/\/iesbenjamin.educacion.navarra.es\/blogs\/igualdad\/wp-json\/wp\/v2\/pages\/263"}],"collection":[{"href":"https:\/\/iesbenjamin.educacion.navarra.es\/blogs\/igualdad\/wp-json\/wp\/v2\/pages"}],"about":[{"href":"https:\/\/iesbenjamin.educacion.navarra.es\/blogs\/igualdad\/wp-json\/wp\/v2\/types\/page"}],"author":[{"embeddable":true,"href":"https:\/\/iesbenjamin.educacion.navarra.es\/blogs\/igualdad\/wp-json\/wp\/v2\/users\/7"}],"replies":[{"embeddable":true,"href":"https:\/\/iesbenjamin.educacion.navarra.es\/blogs\/igualdad\/wp-json\/wp\/v2\/comments?post=263"}],"version-history":[{"count":2,"href":"https:\/\/iesbenjamin.educacion.navarra.es\/blogs\/igualdad\/wp-json\/wp\/v2\/pages\/263\/revisions"}],"predecessor-version":[{"id":265,"href":"https:\/\/iesbenjamin.educacion.navarra.es\/blogs\/igualdad\/wp-json\/wp\/v2\/pages\/263\/revisions\/265"}],"up":[{"embeddable":true,"href":"https:\/\/iesbenjamin.educacion.navarra.es\/blogs\/igualdad\/wp-json\/wp\/v2\/pages\/67"}],"wp:attachment":[{"href":"https:\/\/iesbenjamin.educacion.navarra.es\/blogs\/igualdad\/wp-json\/wp\/v2\/media?parent=263"}],"curies":[{"name":"wp","href":"https:\/\/api.w.org\/{rel}","templated":true}]}}