{"id":258,"date":"2017-02-02T20:44:12","date_gmt":"2017-02-02T19:44:12","guid":{"rendered":"http:\/\/iesbenjamin.educacion.navarra.es\/blogs\/igualdad\/?page_id=258"},"modified":"2017-02-02T20:44:12","modified_gmt":"2017-02-02T19:44:12","slug":"slap-her","status":"publish","type":"page","link":"https:\/\/iesbenjamin.educacion.navarra.es\/blogs\/igualdad\/25-n\/slap-her\/","title":{"rendered":"SLAP HER"},"content":{"rendered":"<p><img loading=\"lazy\" class=\"alignnone size-medium wp-image-255 aligncenter\" src=\"http:\/\/iesbenjamin.educacion.navarra.es\/blogs\/igualdad\/wp-content\/uploads\/sites\/5\/2017\/02\/Imagen1-300x169.jpg\" alt=\"\" width=\"300\" height=\"169\" srcset=\"https:\/\/iesbenjamin.educacion.navarra.es\/blogs\/igualdad\/wp-content\/uploads\/sites\/5\/2017\/02\/Imagen1-300x169.jpg 300w, https:\/\/iesbenjamin.educacion.navarra.es\/blogs\/igualdad\/wp-content\/uploads\/sites\/5\/2017\/02\/Imagen1.jpg 747w\" sizes=\"(max-width: 300px) 100vw, 300px\" \/><\/p>\n<p style=\"text-align: center\">\u00bfQu\u00e9 sucede cuando pones a un ni\u00f1o delante de una ni\u00f1a y le incitas a darle una bofetada? Este es el experimento que el diario italiano Fan Page ha llevado a cabo. El v\u00eddeo, super\u00f3 los 43 millones de reproducciones en un post de Facebook en 5 d\u00edas y actualmente ha superado los 31 millones de reproducciones en Youtube. La traducci\u00f3n al espa\u00f1ol de Slap Her es \u201cAbofet\u00e9ala\u201d y de eso precisamente trata este v\u00eddeo. Nos presentan a varios ni\u00f1os de Italia a los cuales preguntan su nombre, a qu\u00e9 quieren dedicarse de mayores\u2026 y entonces aparece Martina. Les presentan y despu\u00e9s de decir lo que les gusta de ella, se les pide a los ni\u00f1os que la acaricien a lo que todos acceden con normalidad. Entonces, se les pide que le den una bofetada a los que ninguno accede respondiendo cosas como \u201cno, porque est\u00e1 mal\u201d, \u201ca las ni\u00f1as no se les pega\u201d o \u201cno, porque soy un hombre\u201d<\/p>\n<p style=\"text-align: center\">Fuente: <a href=\"http:\/\/www.deustoformacion.com\/blog\/marketing-digital\/4-campanas-marketing-viral-que-triunfaron-2015\">http:\/\/www.deustoformacion.com\/blog\/marketing-digital\/4-campanas-marketing-viral-que-triunfaron-2015<\/a><\/p>\n<p><iframe loading=\"lazy\" width=\"640\" height=\"360\" src=\"https:\/\/www.youtube.com\/embed\/d6B-NSqenr8?start=1&#038;feature=oembed\" frameborder=\"0\" allowfullscreen><\/iframe><\/p>\n<p style=\"text-align: center\">A continuaci\u00f3n os dejamos la actividad que se trabaj\u00f3 en las tutor\u00edas de 1\u00ba y 2\u00ba ESO.<\/p>\n<p style=\"text-align: center\"><a href=\"http:\/\/iesbenjamin.educacion.navarra.es\/blogs\/igualdad\/wp-content\/uploads\/sites\/5\/2017\/02\/ACTIVIDAD-25N-1\u00ba-2\u00ba-ESO.doc\">ACTIVIDAD 25N 1\u00ba-2\u00ba ESO<\/a><\/p>\n","protected":false},"excerpt":{"rendered":"<p>\u00bfQu\u00e9 sucede cuando pones a un ni\u00f1o delante de una ni\u00f1a y le incitas a darle una bofetada? Este es el experimento que el diario italiano Fan Page ha llevado a cabo. El v\u00eddeo, super\u00f3 los 43 millones de reproducciones &hellip; <a href=\"https:\/\/iesbenjamin.educacion.navarra.es\/blogs\/igualdad\/25-n\/slap-her\/\">Sigue leyendo <span class=\"meta-nav\">&rarr;<\/span><\/a><\/p>\n","protected":false},"author":7,"featured_media":0,"parent":67,"menu_order":0,"comment_status":"closed","ping_status":"closed","template":"","meta":[],"_links":{"self":[{"href":"https:\/\/iesbenjamin.educacion.navarra.es\/blogs\/igualdad\/wp-json\/wp\/v2\/pages\/258"}],"collection":[{"href":"https:\/\/iesbenjamin.educacion.navarra.es\/blogs\/igualdad\/wp-json\/wp\/v2\/pages"}],"about":[{"href":"https:\/\/iesbenjamin.educacion.navarra.es\/blogs\/igualdad\/wp-json\/wp\/v2\/types\/page"}],"author":[{"embeddable":true,"href":"https:\/\/iesbenjamin.educacion.navarra.es\/blogs\/igualdad\/wp-json\/wp\/v2\/users\/7"}],"replies":[{"embeddable":true,"href":"https:\/\/iesbenjamin.educacion.navarra.es\/blogs\/igualdad\/wp-json\/wp\/v2\/comments?post=258"}],"version-history":[{"count":1,"href":"https:\/\/iesbenjamin.educacion.navarra.es\/blogs\/igualdad\/wp-json\/wp\/v2\/pages\/258\/revisions"}],"predecessor-version":[{"id":259,"href":"https:\/\/iesbenjamin.educacion.navarra.es\/blogs\/igualdad\/wp-json\/wp\/v2\/pages\/258\/revisions\/259"}],"up":[{"embeddable":true,"href":"https:\/\/iesbenjamin.educacion.navarra.es\/blogs\/igualdad\/wp-json\/wp\/v2\/pages\/67"}],"wp:attachment":[{"href":"https:\/\/iesbenjamin.educacion.navarra.es\/blogs\/igualdad\/wp-json\/wp\/v2\/media?parent=258"}],"curies":[{"name":"wp","href":"https:\/\/api.w.org\/{rel}","templated":true}]}}