{"id":237,"date":"2017-01-30T21:54:10","date_gmt":"2017-01-30T20:54:10","guid":{"rendered":"http:\/\/iesbenjamin.educacion.navarra.es\/blogs\/igualdad\/?page_id=237"},"modified":"2017-01-30T21:54:10","modified_gmt":"2017-01-30T20:54:10","slug":"yo-compro-tu-cocinas-quien-limpia","status":"publish","type":"page","link":"https:\/\/iesbenjamin.educacion.navarra.es\/blogs\/igualdad\/8-marzo\/yo-compro-tu-cocinas-quien-limpia\/","title":{"rendered":"\u00bfYO COMPRO, T\u00da COCINAS? \u00bfQUI\u00c9N LIMPIA?"},"content":{"rendered":"<p style=\"text-align: center\"><img loading=\"lazy\" class=\"alignnone size-medium wp-image-234\" src=\"http:\/\/iesbenjamin.educacion.navarra.es\/blogs\/igualdad\/wp-content\/uploads\/sites\/5\/2017\/01\/P1230350-300x200.jpg\" alt=\"\" width=\"300\" height=\"200\" srcset=\"https:\/\/iesbenjamin.educacion.navarra.es\/blogs\/igualdad\/wp-content\/uploads\/sites\/5\/2017\/01\/P1230350-300x200.jpg 300w, https:\/\/iesbenjamin.educacion.navarra.es\/blogs\/igualdad\/wp-content\/uploads\/sites\/5\/2017\/01\/P1230350-768x511.jpg 768w, https:\/\/iesbenjamin.educacion.navarra.es\/blogs\/igualdad\/wp-content\/uploads\/sites\/5\/2017\/01\/P1230350.jpg 1023w\" sizes=\"(max-width: 300px) 100vw, 300px\" \/><\/p>\n<p style=\"text-align: center\">Nuestro alumnado de 3\u00ba ESO en la asignatura de Biolog\u00eda y Geolog\u00eda han trabajo la unidad did\u00e1ctica \u00abLos alimentos y la dieta\u00bb, en este tema han profundizado en conceptos tan importantes como el de los nutrientes que necesitamos diariamente, el significado de lo que es una dieta equilibrada, el etiquetado de productos y la informaci\u00f3n que nos proporciona, los diferentes m\u00e9todos de conservaci\u00f3n de los alimentos, etc. Una de las profesoras del departamento, In\u00e9s Per\u00e9z, plante\u00f3 una reflexi\u00f3n a su alumnado: el punto de inicio de nuestra alimentaci\u00f3n no est\u00e1 en el momento de ingerir los alimentos, previamente hay un trabajo que pasa de puntillas delante de nuestros tenedores:<\/p>\n<p style=\"text-align: center\">\u00bfQui\u00e9n decide lo que se come cada d\u00eda en tu casa? \u00bfQui\u00e9n hace la lista de la compra y va a comprar lo que se necesita? \u00bfQui\u00e9n hace el desayuno, la comida, la merienda y la cena? \u00bfQui\u00e9n pone y retira la mesa cada d\u00eda? \u00bfQui\u00e9n limpia y recoge la cocina?<\/p>\n<p style=\"text-align: center\">Os dejamos a continuaci\u00f3n el documento de la actividad:<\/p>\n<p style=\"text-align: center\"><a href=\"http:\/\/iesbenjamin.educacion.navarra.es\/blogs\/igualdad\/wp-content\/uploads\/sites\/5\/2017\/01\/Trabajo-para-el-proyecto-de-innovaci\u00f3n.doc.docx\">Trabajo para el proyecto de innovaci\u00f3n.doc<\/a><\/p>\n","protected":false},"excerpt":{"rendered":"<p>Nuestro alumnado de 3\u00ba ESO en la asignatura de Biolog\u00eda y Geolog\u00eda han trabajo la unidad did\u00e1ctica \u00abLos alimentos y la dieta\u00bb, en este tema han profundizado en conceptos tan importantes como el de los nutrientes que necesitamos diariamente, el &hellip; <a href=\"https:\/\/iesbenjamin.educacion.navarra.es\/blogs\/igualdad\/8-marzo\/yo-compro-tu-cocinas-quien-limpia\/\">Sigue leyendo <span class=\"meta-nav\">&rarr;<\/span><\/a><\/p>\n","protected":false},"author":7,"featured_media":0,"parent":174,"menu_order":0,"comment_status":"closed","ping_status":"closed","template":"","meta":[],"_links":{"self":[{"href":"https:\/\/iesbenjamin.educacion.navarra.es\/blogs\/igualdad\/wp-json\/wp\/v2\/pages\/237"}],"collection":[{"href":"https:\/\/iesbenjamin.educacion.navarra.es\/blogs\/igualdad\/wp-json\/wp\/v2\/pages"}],"about":[{"href":"https:\/\/iesbenjamin.educacion.navarra.es\/blogs\/igualdad\/wp-json\/wp\/v2\/types\/page"}],"author":[{"embeddable":true,"href":"https:\/\/iesbenjamin.educacion.navarra.es\/blogs\/igualdad\/wp-json\/wp\/v2\/users\/7"}],"replies":[{"embeddable":true,"href":"https:\/\/iesbenjamin.educacion.navarra.es\/blogs\/igualdad\/wp-json\/wp\/v2\/comments?post=237"}],"version-history":[{"count":2,"href":"https:\/\/iesbenjamin.educacion.navarra.es\/blogs\/igualdad\/wp-json\/wp\/v2\/pages\/237\/revisions"}],"predecessor-version":[{"id":239,"href":"https:\/\/iesbenjamin.educacion.navarra.es\/blogs\/igualdad\/wp-json\/wp\/v2\/pages\/237\/revisions\/239"}],"up":[{"embeddable":true,"href":"https:\/\/iesbenjamin.educacion.navarra.es\/blogs\/igualdad\/wp-json\/wp\/v2\/pages\/174"}],"wp:attachment":[{"href":"https:\/\/iesbenjamin.educacion.navarra.es\/blogs\/igualdad\/wp-json\/wp\/v2\/media?parent=237"}],"curies":[{"name":"wp","href":"https:\/\/api.w.org\/{rel}","templated":true}]}}