{"id":225,"date":"2017-01-30T21:08:07","date_gmt":"2017-01-30T20:08:07","guid":{"rendered":"http:\/\/iesbenjamin.educacion.navarra.es\/blogs\/igualdad\/?page_id=225"},"modified":"2017-01-30T21:08:07","modified_gmt":"2017-01-30T20:08:07","slug":"mujer-prensa-y-publicidad","status":"publish","type":"page","link":"https:\/\/iesbenjamin.educacion.navarra.es\/blogs\/igualdad\/8-marzo\/mujer-prensa-y-publicidad\/","title":{"rendered":"MUJER, PRENSA Y PUBLICIDAD"},"content":{"rendered":"<p style=\"text-align: center\"><img loading=\"lazy\" class=\"alignnone size-medium wp-image-221\" src=\"http:\/\/iesbenjamin.educacion.navarra.es\/blogs\/igualdad\/wp-content\/uploads\/sites\/5\/2017\/01\/Imagen1-300x175.jpg\" alt=\"\" width=\"300\" height=\"175\" srcset=\"https:\/\/iesbenjamin.educacion.navarra.es\/blogs\/igualdad\/wp-content\/uploads\/sites\/5\/2017\/01\/Imagen1-300x175.jpg 300w, https:\/\/iesbenjamin.educacion.navarra.es\/blogs\/igualdad\/wp-content\/uploads\/sites\/5\/2017\/01\/Imagen1.jpg 600w\" sizes=\"(max-width: 300px) 100vw, 300px\" \/><\/p>\n<p style=\"text-align: center\">Fuente imagen:\u00a0http:\/\/estudiantes.elpais.com<\/p>\n<p style=\"text-align: center\">El alumnado de 1\u00ba ESO del IESO Bardenas Reales, ha realizado un estupendo trabajo de investigaci\u00f3n de diferentes peri\u00f3dicos en distintos formatos, analizando estad\u00edsticamente las noticias elaboradas por hombres y por mujeres.<\/p>\n<p style=\"text-align: center\"><img loading=\"lazy\" class=\"alignnone wp-image-222\" src=\"http:\/\/iesbenjamin.educacion.navarra.es\/blogs\/igualdad\/wp-content\/uploads\/sites\/5\/2017\/01\/Imagen2-300x217.png\" alt=\"\" width=\"492\" height=\"356\" srcset=\"https:\/\/iesbenjamin.educacion.navarra.es\/blogs\/igualdad\/wp-content\/uploads\/sites\/5\/2017\/01\/Imagen2-300x217.png 300w, https:\/\/iesbenjamin.educacion.navarra.es\/blogs\/igualdad\/wp-content\/uploads\/sites\/5\/2017\/01\/Imagen2.png 679w\" sizes=\"(max-width: 492px) 100vw, 492px\" \/><\/p>\n<p style=\"text-align: center\"><img loading=\"lazy\" class=\"alignnone wp-image-223\" src=\"http:\/\/iesbenjamin.educacion.navarra.es\/blogs\/igualdad\/wp-content\/uploads\/sites\/5\/2017\/01\/Imagen3-300x191.png\" alt=\"\" width=\"499\" height=\"318\" srcset=\"https:\/\/iesbenjamin.educacion.navarra.es\/blogs\/igualdad\/wp-content\/uploads\/sites\/5\/2017\/01\/Imagen3-300x191.png 300w, https:\/\/iesbenjamin.educacion.navarra.es\/blogs\/igualdad\/wp-content\/uploads\/sites\/5\/2017\/01\/Imagen3.png 677w\" sizes=\"(max-width: 499px) 100vw, 499px\" \/><\/p>\n<p style=\"text-align: center\">Las alumnas y alumnos no solo se han centrado en el an\u00e1lisis cuantitativo, sino tambi\u00e9n se han comprobado la importancia relativa en cada g\u00e9nero en las fotograf\u00edas, titulares, amplitud de los art\u00edculos y tem\u00e1tica de los mismos.<\/p>\n<p style=\"text-align: center\">En el siguiente archivo pod\u00e9is comprobar el trabajo realizado por este grupo con la ayuda de su profesor Santiago Paricio:<\/p>\n<p style=\"text-align: center\"><a href=\"https:\/\/drive.google.com\/a\/educacion.navarra.es\/file\/d\/0B7C2afd8hUTWYXI5OXRaZDZoX09hcy1OWlJyZld6cGhXTnJj\/view?usp=sharing\">https:\/\/drive.google.com\/a\/educacion.navarra.es\/file\/d\/0B7C2afd8hUTWYXI5OXRaZDZoX09hcy1OWlJyZld6cGhXTnJj\/view?usp=sharing<\/a><\/p>\n","protected":false},"excerpt":{"rendered":"<p>Fuente imagen:\u00a0http:\/\/estudiantes.elpais.com El alumnado de 1\u00ba ESO del IESO Bardenas Reales, ha realizado un estupendo trabajo de investigaci\u00f3n de diferentes peri\u00f3dicos en distintos formatos, analizando estad\u00edsticamente las noticias elaboradas por hombres y por mujeres. Las alumnas y alumnos no solo &hellip; <a href=\"https:\/\/iesbenjamin.educacion.navarra.es\/blogs\/igualdad\/8-marzo\/mujer-prensa-y-publicidad\/\">Sigue leyendo <span class=\"meta-nav\">&rarr;<\/span><\/a><\/p>\n","protected":false},"author":7,"featured_media":0,"parent":174,"menu_order":0,"comment_status":"closed","ping_status":"closed","template":"","meta":[],"_links":{"self":[{"href":"https:\/\/iesbenjamin.educacion.navarra.es\/blogs\/igualdad\/wp-json\/wp\/v2\/pages\/225"}],"collection":[{"href":"https:\/\/iesbenjamin.educacion.navarra.es\/blogs\/igualdad\/wp-json\/wp\/v2\/pages"}],"about":[{"href":"https:\/\/iesbenjamin.educacion.navarra.es\/blogs\/igualdad\/wp-json\/wp\/v2\/types\/page"}],"author":[{"embeddable":true,"href":"https:\/\/iesbenjamin.educacion.navarra.es\/blogs\/igualdad\/wp-json\/wp\/v2\/users\/7"}],"replies":[{"embeddable":true,"href":"https:\/\/iesbenjamin.educacion.navarra.es\/blogs\/igualdad\/wp-json\/wp\/v2\/comments?post=225"}],"version-history":[{"count":1,"href":"https:\/\/iesbenjamin.educacion.navarra.es\/blogs\/igualdad\/wp-json\/wp\/v2\/pages\/225\/revisions"}],"predecessor-version":[{"id":226,"href":"https:\/\/iesbenjamin.educacion.navarra.es\/blogs\/igualdad\/wp-json\/wp\/v2\/pages\/225\/revisions\/226"}],"up":[{"embeddable":true,"href":"https:\/\/iesbenjamin.educacion.navarra.es\/blogs\/igualdad\/wp-json\/wp\/v2\/pages\/174"}],"wp:attachment":[{"href":"https:\/\/iesbenjamin.educacion.navarra.es\/blogs\/igualdad\/wp-json\/wp\/v2\/media?parent=225"}],"curies":[{"name":"wp","href":"https:\/\/api.w.org\/{rel}","templated":true}]}}