{"id":217,"date":"2017-01-25T22:41:01","date_gmt":"2017-01-25T21:41:01","guid":{"rendered":"http:\/\/iesbenjamin.educacion.navarra.es\/blogs\/igualdad\/?page_id=217"},"modified":"2017-01-25T22:42:45","modified_gmt":"2017-01-25T21:42:45","slug":"como-una-nina","status":"publish","type":"page","link":"https:\/\/iesbenjamin.educacion.navarra.es\/blogs\/igualdad\/8-marzo\/como-una-nina\/","title":{"rendered":"\u00bfCOMO UNA NI\u00d1A?"},"content":{"rendered":"<p style=\"text-align: center\">\u00bfCu\u00e1ndo hacer algo \u00abcomo una ni\u00f1a\u00bb se convirti\u00f3 en un insulto?<\/p>\n<p style=\"text-align: center\">Esta es la pregunta a la que se quiere dar respuesta en el experimento social de la campa\u00f1a de Always \u00ablike a girl\u00bb.<\/p>\n<p style=\"text-align: center\">Es muy probable que hay\u00e1is visto el v\u00eddeo ya que fue viral hace pocos meses. Si no lo hab\u00e9is visto, lo pod\u00e9is ver en el siguiente enlace:<\/p>\n<p><iframe loading=\"lazy\" width=\"640\" height=\"360\" src=\"https:\/\/www.youtube.com\/embed\/wSNYYThX5-g?feature=oembed\" frameborder=\"0\" allowfullscreen><\/iframe><\/p>\n<p style=\"text-align: center\">\n","protected":false},"excerpt":{"rendered":"<p>\u00bfCu\u00e1ndo hacer algo \u00abcomo una ni\u00f1a\u00bb se convirti\u00f3 en un insulto? Esta es la pregunta a la que se quiere dar respuesta en el experimento social de la campa\u00f1a de Always \u00ablike a girl\u00bb. Es muy probable que hay\u00e1is visto &hellip; <a href=\"https:\/\/iesbenjamin.educacion.navarra.es\/blogs\/igualdad\/8-marzo\/como-una-nina\/\">Sigue leyendo <span class=\"meta-nav\">&rarr;<\/span><\/a><\/p>\n","protected":false},"author":7,"featured_media":0,"parent":174,"menu_order":0,"comment_status":"closed","ping_status":"closed","template":"","meta":[],"_links":{"self":[{"href":"https:\/\/iesbenjamin.educacion.navarra.es\/blogs\/igualdad\/wp-json\/wp\/v2\/pages\/217"}],"collection":[{"href":"https:\/\/iesbenjamin.educacion.navarra.es\/blogs\/igualdad\/wp-json\/wp\/v2\/pages"}],"about":[{"href":"https:\/\/iesbenjamin.educacion.navarra.es\/blogs\/igualdad\/wp-json\/wp\/v2\/types\/page"}],"author":[{"embeddable":true,"href":"https:\/\/iesbenjamin.educacion.navarra.es\/blogs\/igualdad\/wp-json\/wp\/v2\/users\/7"}],"replies":[{"embeddable":true,"href":"https:\/\/iesbenjamin.educacion.navarra.es\/blogs\/igualdad\/wp-json\/wp\/v2\/comments?post=217"}],"version-history":[{"count":1,"href":"https:\/\/iesbenjamin.educacion.navarra.es\/blogs\/igualdad\/wp-json\/wp\/v2\/pages\/217\/revisions"}],"predecessor-version":[{"id":218,"href":"https:\/\/iesbenjamin.educacion.navarra.es\/blogs\/igualdad\/wp-json\/wp\/v2\/pages\/217\/revisions\/218"}],"up":[{"embeddable":true,"href":"https:\/\/iesbenjamin.educacion.navarra.es\/blogs\/igualdad\/wp-json\/wp\/v2\/pages\/174"}],"wp:attachment":[{"href":"https:\/\/iesbenjamin.educacion.navarra.es\/blogs\/igualdad\/wp-json\/wp\/v2\/media?parent=217"}],"curies":[{"name":"wp","href":"https:\/\/api.w.org\/{rel}","templated":true}]}}