{"id":200,"date":"2017-01-25T19:56:42","date_gmt":"2017-01-25T18:56:42","guid":{"rendered":"http:\/\/iesbenjamin.educacion.navarra.es\/blogs\/igualdad\/?page_id=200"},"modified":"2017-01-25T20:00:57","modified_gmt":"2017-01-25T19:00:57","slug":"clara-campoamor","status":"publish","type":"page","link":"https:\/\/iesbenjamin.educacion.navarra.es\/blogs\/igualdad\/mujeres-en-la-historia\/clara-campoamor\/","title":{"rendered":"CLARA CAMPOAMOR"},"content":{"rendered":"<p style=\"text-align: center\">Clara Campoamor (1888-1972) fue una pol\u00edtica espa\u00f1ola, diputada en las cortes durante la segunda rep\u00fablica y defensora de los derechos de la mujer. Principal impulsora del sufragio femenino en Espa\u00f1a, logrado en 1931. Huy\u00f3 de Espa\u00f1a durante la guerra civil, muriendo exiliada en Suiza.<\/p>\n<p style=\"text-align: center\"><img loading=\"lazy\" class=\"alignnone size-medium wp-image-202\" src=\"http:\/\/iesbenjamin.educacion.navarra.es\/blogs\/igualdad\/wp-content\/uploads\/sites\/5\/2017\/01\/Imagen1-300x192.png\" alt=\"\" width=\"300\" height=\"192\" srcset=\"https:\/\/iesbenjamin.educacion.navarra.es\/blogs\/igualdad\/wp-content\/uploads\/sites\/5\/2017\/01\/Imagen1-300x192.png 300w, https:\/\/iesbenjamin.educacion.navarra.es\/blogs\/igualdad\/wp-content\/uploads\/sites\/5\/2017\/01\/Imagen1-768x491.png 768w, https:\/\/iesbenjamin.educacion.navarra.es\/blogs\/igualdad\/wp-content\/uploads\/sites\/5\/2017\/01\/Imagen1.png 944w\" sizes=\"(max-width: 300px) 100vw, 300px\" \/><\/p>\n<p style=\"text-align: center\">A\u00f1adimos a continuaci\u00f3n el enlace en el que podr\u00e9is ver un documental sobre la vida de Clara Campoamor, documental de tve\u00a0perteneciente al programa: \u00abMujeres en la historia\u00bb.<\/p>\n<p style=\"text-align: center\"><a href=\"http:\/\/www.rtve.es\/alacarta\/videos\/mujeres-en-la-historia\/mujeres-historia-clara-campoamor\/713371\/\">http:\/\/www.rtve.es\/alacarta\/videos\/mujeres-en-la-historia\/mujeres-historia-clara-campoamor\/713371\/<\/a><\/p>\n<p style=\"text-align: center\">\n","protected":false},"excerpt":{"rendered":"<p>Clara Campoamor (1888-1972) fue una pol\u00edtica espa\u00f1ola, diputada en las cortes durante la segunda rep\u00fablica y defensora de los derechos de la mujer. Principal impulsora del sufragio femenino en Espa\u00f1a, logrado en 1931. Huy\u00f3 de Espa\u00f1a durante la guerra civil, &hellip; <a href=\"https:\/\/iesbenjamin.educacion.navarra.es\/blogs\/igualdad\/mujeres-en-la-historia\/clara-campoamor\/\">Sigue leyendo <span class=\"meta-nav\">&rarr;<\/span><\/a><\/p>\n","protected":false},"author":7,"featured_media":0,"parent":35,"menu_order":0,"comment_status":"closed","ping_status":"closed","template":"","meta":[],"_links":{"self":[{"href":"https:\/\/iesbenjamin.educacion.navarra.es\/blogs\/igualdad\/wp-json\/wp\/v2\/pages\/200"}],"collection":[{"href":"https:\/\/iesbenjamin.educacion.navarra.es\/blogs\/igualdad\/wp-json\/wp\/v2\/pages"}],"about":[{"href":"https:\/\/iesbenjamin.educacion.navarra.es\/blogs\/igualdad\/wp-json\/wp\/v2\/types\/page"}],"author":[{"embeddable":true,"href":"https:\/\/iesbenjamin.educacion.navarra.es\/blogs\/igualdad\/wp-json\/wp\/v2\/users\/7"}],"replies":[{"embeddable":true,"href":"https:\/\/iesbenjamin.educacion.navarra.es\/blogs\/igualdad\/wp-json\/wp\/v2\/comments?post=200"}],"version-history":[{"count":2,"href":"https:\/\/iesbenjamin.educacion.navarra.es\/blogs\/igualdad\/wp-json\/wp\/v2\/pages\/200\/revisions"}],"predecessor-version":[{"id":203,"href":"https:\/\/iesbenjamin.educacion.navarra.es\/blogs\/igualdad\/wp-json\/wp\/v2\/pages\/200\/revisions\/203"}],"up":[{"embeddable":true,"href":"https:\/\/iesbenjamin.educacion.navarra.es\/blogs\/igualdad\/wp-json\/wp\/v2\/pages\/35"}],"wp:attachment":[{"href":"https:\/\/iesbenjamin.educacion.navarra.es\/blogs\/igualdad\/wp-json\/wp\/v2\/media?parent=200"}],"curies":[{"name":"wp","href":"https:\/\/api.w.org\/{rel}","templated":true}]}}