{"id":176,"date":"2017-01-23T19:24:19","date_gmt":"2017-01-23T18:24:19","guid":{"rendered":"http:\/\/iesbenjamin.educacion.navarra.es\/blogs\/igualdad\/?page_id=176"},"modified":"2017-01-23T19:26:52","modified_gmt":"2017-01-23T18:26:52","slug":"las-sin-sombrero","status":"publish","type":"page","link":"https:\/\/iesbenjamin.educacion.navarra.es\/blogs\/igualdad\/8-marzo\/las-sin-sombrero\/","title":{"rendered":"LAS SIN SOMBRERO"},"content":{"rendered":"<p style=\"text-align: center\">Compartimos el enlace para el visionado del documental \u00abLas sin sombrero\u00bb.<\/p>\n<p style=\"text-align: center\"><img loading=\"lazy\" class=\"alignnone size-medium wp-image-178\" src=\"http:\/\/iesbenjamin.educacion.navarra.es\/blogs\/igualdad\/wp-content\/uploads\/sites\/5\/2017\/01\/Captura-300x204.png\" alt=\"\" width=\"300\" height=\"204\" srcset=\"https:\/\/iesbenjamin.educacion.navarra.es\/blogs\/igualdad\/wp-content\/uploads\/sites\/5\/2017\/01\/Captura-300x204.png 300w, https:\/\/iesbenjamin.educacion.navarra.es\/blogs\/igualdad\/wp-content\/uploads\/sites\/5\/2017\/01\/Captura-768x521.png 768w, https:\/\/iesbenjamin.educacion.navarra.es\/blogs\/igualdad\/wp-content\/uploads\/sites\/5\/2017\/01\/Captura-1024x695.png 1024w, https:\/\/iesbenjamin.educacion.navarra.es\/blogs\/igualdad\/wp-content\/uploads\/sites\/5\/2017\/01\/Captura.png 1093w\" sizes=\"(max-width: 300px) 100vw, 300px\" \/><\/p>\n<p style=\"text-align: center\">En este documental se visibilizan a un grupo de mujeres de gran talento, pertenecientes a\u00a0la primera generaci\u00f3n de mujeres que entr\u00f3 sin complejos en el mundo art\u00edstico, pero que no han recibido el reconocimiento que s\u00ed han obtenido sus compa\u00f1eros de la generaci\u00f3n del 27.<\/p>\n<p style=\"text-align: center\"><a href=\"http:\/\/www.rtve.es\/alacarta\/videos\/imprescindibles\/imprescindibles-sin-sombrero\/3318136\/\">http:\/\/www.rtve.es\/alacarta\/videos\/imprescindibles\/imprescindibles-sin-sombrero\/3318136\/<\/a><\/p>\n","protected":false},"excerpt":{"rendered":"<p>Compartimos el enlace para el visionado del documental \u00abLas sin sombrero\u00bb. En este documental se visibilizan a un grupo de mujeres de gran talento, pertenecientes a\u00a0la primera generaci\u00f3n de mujeres que entr\u00f3 sin complejos en el mundo art\u00edstico, pero que &hellip; <a href=\"https:\/\/iesbenjamin.educacion.navarra.es\/blogs\/igualdad\/8-marzo\/las-sin-sombrero\/\">Sigue leyendo <span class=\"meta-nav\">&rarr;<\/span><\/a><\/p>\n","protected":false},"author":7,"featured_media":0,"parent":174,"menu_order":0,"comment_status":"closed","ping_status":"closed","template":"","meta":[],"_links":{"self":[{"href":"https:\/\/iesbenjamin.educacion.navarra.es\/blogs\/igualdad\/wp-json\/wp\/v2\/pages\/176"}],"collection":[{"href":"https:\/\/iesbenjamin.educacion.navarra.es\/blogs\/igualdad\/wp-json\/wp\/v2\/pages"}],"about":[{"href":"https:\/\/iesbenjamin.educacion.navarra.es\/blogs\/igualdad\/wp-json\/wp\/v2\/types\/page"}],"author":[{"embeddable":true,"href":"https:\/\/iesbenjamin.educacion.navarra.es\/blogs\/igualdad\/wp-json\/wp\/v2\/users\/7"}],"replies":[{"embeddable":true,"href":"https:\/\/iesbenjamin.educacion.navarra.es\/blogs\/igualdad\/wp-json\/wp\/v2\/comments?post=176"}],"version-history":[{"count":2,"href":"https:\/\/iesbenjamin.educacion.navarra.es\/blogs\/igualdad\/wp-json\/wp\/v2\/pages\/176\/revisions"}],"predecessor-version":[{"id":179,"href":"https:\/\/iesbenjamin.educacion.navarra.es\/blogs\/igualdad\/wp-json\/wp\/v2\/pages\/176\/revisions\/179"}],"up":[{"embeddable":true,"href":"https:\/\/iesbenjamin.educacion.navarra.es\/blogs\/igualdad\/wp-json\/wp\/v2\/pages\/174"}],"wp:attachment":[{"href":"https:\/\/iesbenjamin.educacion.navarra.es\/blogs\/igualdad\/wp-json\/wp\/v2\/media?parent=176"}],"curies":[{"name":"wp","href":"https:\/\/api.w.org\/{rel}","templated":true}]}}