{"id":174,"date":"2017-01-23T19:11:34","date_gmt":"2017-01-23T18:11:34","guid":{"rendered":"http:\/\/iesbenjamin.educacion.navarra.es\/blogs\/igualdad\/?page_id=174"},"modified":"2017-01-23T19:11:34","modified_gmt":"2017-01-23T18:11:34","slug":"8-marzo","status":"publish","type":"page","link":"https:\/\/iesbenjamin.educacion.navarra.es\/blogs\/igualdad\/8-marzo\/","title":{"rendered":"8 Marzo"},"content":{"rendered":"<p style=\"text-align: center\">En esta p\u00e1gina de nuestro blog \u00abNo es Secundaria la Igualdad\u00bb vamos a ir insertando enlaces a material a trav\u00e9s del cual podremos visibilizar a las mujeres que a lo largo de la historia y tambi\u00e9n en la actualidad han trabajado en todos los \u00e1mbitos acad\u00e9micos y laborales de la sociedad.<\/p>\n","protected":false},"excerpt":{"rendered":"<p>En esta p\u00e1gina de nuestro blog \u00abNo es Secundaria la Igualdad\u00bb vamos a ir insertando enlaces a material a trav\u00e9s del cual podremos visibilizar a las mujeres que a lo largo de la historia y tambi\u00e9n en la actualidad han &hellip; <a href=\"https:\/\/iesbenjamin.educacion.navarra.es\/blogs\/igualdad\/8-marzo\/\">Sigue leyendo <span class=\"meta-nav\">&rarr;<\/span><\/a><\/p>\n","protected":false},"author":7,"featured_media":0,"parent":0,"menu_order":0,"comment_status":"closed","ping_status":"closed","template":"","meta":[],"_links":{"self":[{"href":"https:\/\/iesbenjamin.educacion.navarra.es\/blogs\/igualdad\/wp-json\/wp\/v2\/pages\/174"}],"collection":[{"href":"https:\/\/iesbenjamin.educacion.navarra.es\/blogs\/igualdad\/wp-json\/wp\/v2\/pages"}],"about":[{"href":"https:\/\/iesbenjamin.educacion.navarra.es\/blogs\/igualdad\/wp-json\/wp\/v2\/types\/page"}],"author":[{"embeddable":true,"href":"https:\/\/iesbenjamin.educacion.navarra.es\/blogs\/igualdad\/wp-json\/wp\/v2\/users\/7"}],"replies":[{"embeddable":true,"href":"https:\/\/iesbenjamin.educacion.navarra.es\/blogs\/igualdad\/wp-json\/wp\/v2\/comments?post=174"}],"version-history":[{"count":1,"href":"https:\/\/iesbenjamin.educacion.navarra.es\/blogs\/igualdad\/wp-json\/wp\/v2\/pages\/174\/revisions"}],"predecessor-version":[{"id":175,"href":"https:\/\/iesbenjamin.educacion.navarra.es\/blogs\/igualdad\/wp-json\/wp\/v2\/pages\/174\/revisions\/175"}],"wp:attachment":[{"href":"https:\/\/iesbenjamin.educacion.navarra.es\/blogs\/igualdad\/wp-json\/wp\/v2\/media?parent=174"}],"curies":[{"name":"wp","href":"https:\/\/api.w.org\/{rel}","templated":true}]}}