{"id":6,"date":"2016-10-10T12:14:17","date_gmt":"2016-10-10T10:14:17","guid":{"rendered":"http:\/\/iesbenjamin.educacion.navarra.es\/blogs\/dandolalata\/?page_id=6"},"modified":"2016-12-12T11:47:19","modified_gmt":"2016-12-12T10:47:19","slug":"sobre-el-proyecto","status":"publish","type":"page","link":"https:\/\/iesbenjamin.educacion.navarra.es\/blogs\/dandolalata\/sobre-el-proyecto\/","title":{"rendered":"Sobre el proyecto"},"content":{"rendered":"<p>El proyecto \u00abDando la lata\u00bb surgi\u00f3 durante el curso 2015-2016 para tratar de aumentar la autoestima y la motivaci\u00f3n hacia los estudios en general, y las matem\u00e1ticas en particular, del alumnado de 2 PMAR y 4\u00ba de Diversificaci\u00f3n curricular.<\/p>\n<p>Durante todo el curso, nuestros alumnos trabajaron desde diferentes \u00e1reas aspectos relacionados con el Tri\u00e1ngulo de Sierpinski, que finalmente construyeron con latas de refresco.<\/p>\n<p>Para comprobar los resultados obtenidos, se pas\u00f3 un cuestionario de motivaci\u00f3n hacia las matem\u00e1ticas antes y despu\u00e9s de realizar el proyecto, y se analiz\u00f3 el rendimiento del alumnado. Se observ\u00f3 un aumento de la motivaci\u00f3n y un ligero aumento del rendimiento. Se comprob\u00f3 que la autoestima tambi\u00e9n se vi\u00f3 reforzada.<\/p>\n<p>Durante este curso, se va a trabajar con los dos grupos de PMAR de nuestro centro. Adem\u00e1s, vamos a tratar de implicar a un mayor n\u00famero de profesores y alumnos del instituto haci\u00e9ndoles part\u00edcipes de nuestro trabajo. Desde diferentes \u00e1reas, realizar\u00e1n\u00a0 actividades que tengan que ver con el tri\u00e1ngulo. De esta forma, trataremos de dar a conocer a todo el mundo el trabajo de sus compa\u00f1eros de PMAR.<\/p>\n<p>Desde aqu\u00ed os animo a todos a trabajar con nosotros.<\/p>\n<p>\u00a1Bienvenidos!<\/p>\n","protected":false},"excerpt":{"rendered":"<p>El proyecto \u00abDando la lata\u00bb surgi\u00f3 durante el curso 2015-2016 para tratar de aumentar la autoestima y la motivaci\u00f3n hacia los estudios en general, y las matem\u00e1ticas en particular, del alumnado de 2 PMAR y 4\u00ba de Diversificaci\u00f3n curricular. Durante todo el curso, nuestros alumnos trabajaron desde diferentes \u00e1reas aspectos relacionados con el Tri\u00e1ngulo de &hellip; <\/p>\n<p><a class=\"more-link btn\" href=\"https:\/\/iesbenjamin.educacion.navarra.es\/blogs\/dandolalata\/sobre-el-proyecto\/\">Continue reading<\/a><\/p>\n","protected":false},"author":6,"featured_media":0,"parent":0,"menu_order":0,"comment_status":"closed","ping_status":"closed","template":"","meta":[],"_links":{"self":[{"href":"https:\/\/iesbenjamin.educacion.navarra.es\/blogs\/dandolalata\/wp-json\/wp\/v2\/pages\/6"}],"collection":[{"href":"https:\/\/iesbenjamin.educacion.navarra.es\/blogs\/dandolalata\/wp-json\/wp\/v2\/pages"}],"about":[{"href":"https:\/\/iesbenjamin.educacion.navarra.es\/blogs\/dandolalata\/wp-json\/wp\/v2\/types\/page"}],"author":[{"embeddable":true,"href":"https:\/\/iesbenjamin.educacion.navarra.es\/blogs\/dandolalata\/wp-json\/wp\/v2\/users\/6"}],"replies":[{"embeddable":true,"href":"https:\/\/iesbenjamin.educacion.navarra.es\/blogs\/dandolalata\/wp-json\/wp\/v2\/comments?post=6"}],"version-history":[{"count":4,"href":"https:\/\/iesbenjamin.educacion.navarra.es\/blogs\/dandolalata\/wp-json\/wp\/v2\/pages\/6\/revisions"}],"predecessor-version":[{"id":33,"href":"https:\/\/iesbenjamin.educacion.navarra.es\/blogs\/dandolalata\/wp-json\/wp\/v2\/pages\/6\/revisions\/33"}],"wp:attachment":[{"href":"https:\/\/iesbenjamin.educacion.navarra.es\/blogs\/dandolalata\/wp-json\/wp\/v2\/media?parent=6"}],"curies":[{"name":"wp","href":"https:\/\/api.w.org\/{rel}","templated":true}]}}