{"id":8,"date":"2016-01-28T17:32:07","date_gmt":"2016-01-28T16:32:07","guid":{"rendered":"http:\/\/iesbenjamin.educacion.navarra.es\/blogs\/50aniversario\/?page_id=8"},"modified":"2016-02-16T19:12:52","modified_gmt":"2016-02-16T18:12:52","slug":"programa-50-aniversario","status":"publish","type":"page","link":"https:\/\/iesbenjamin.educacion.navarra.es\/blogs\/50aniversario\/programa-50-aniversario\/","title":{"rendered":"50 Aniversario"},"content":{"rendered":"<p align=\"justify\">\n<p align=\"justify\"><img loading=\"lazy\" class=\"aligncenter size-full wp-image-30\" src=\"http:\/\/iesbenjamin.educacion.navarra.es\/blogs\/50aniversario\/wp-content\/uploads\/sites\/2\/2016\/02\/\u00edndice.jpeg\" alt=\"50 Aniversario IES Benjamin\" width=\"260\" height=\"201\" \/><\/p>\n<p align=\"justify\">Comentando en una ocasi\u00f3n de d\u00f3nde nos consideramos cada uno (de donde has nacido, de donde vives y trabajas, de donde han nacido tus hijos\u2026 ) Miguel Nanclares, nuestro Orientador, afirmaba \u201c<i>uno es de donde ha hecho el Bachillerato<\/i>\u201d.<\/p>\n<p align=\"justify\">Seguramente no se refer\u00eda tanto al centro en el que estudiaste como al lugar<i> <\/i>donde viviste de los 14 a los 18 a\u00f1os, donde alcanzaste esa edad terrible en la que, en palabras de Amaral, \u201c<i>era pronto para todo y tarde para cambiar<\/i>\u201d.<\/p>\n<p align=\"justify\">Con todo, a m\u00ed me gusta pensar en el Instituto como un pueblo (he vivido en sitios con much\u00edsima menos poblaci\u00f3n) y en sus alumnos, profesores y trabajadores como en habitantes con un sentimiento de pertenencia a un grupo que marca para siempre.<\/p>\n<p align=\"justify\">Es cierto que es un pueblo peculiar. Un d\u00eda lo abandonas y resulta extra\u00f1o volver a \u00e9l. Llega a la cafeter\u00eda ese ex-alumno o aquel profesor trasladado, nos saludamos, nos damos noticias de nuestras vidas, suena el timbre y nosotros corremos hacia clase, ellos quedan ah\u00ed sin apenas sentido en la cotidianidad del centro. Pero hace siglos que los cl\u00e1sicos nos dejaron claro que nada son las calles y las plazas sin sus gentes, las ciudades las forman las personas. No es necesario volver a las aulas, a los pasillos o a los departamentos del Instituto para formar parte de \u00e9l, de su comunidad.<\/p>\n<p>Buen momento este 50.\u00ba aniversario para avivar los lazos de las gentes que han estudiado o trabajado en el Benjam\u00edn de Tudela.<\/p>\n","protected":false},"excerpt":{"rendered":"<p>Comentando en una ocasi\u00f3n de d\u00f3nde nos consideramos cada uno (de donde has nacido, de donde vives y trabajas, de donde han nacido tus hijos\u2026 ) Miguel Nanclares, nuestro Orientador, afirmaba \u201cuno es de donde ha hecho el Bachillerato\u201d. Seguramente no se refer\u00eda tanto al centro en el que estudiaste como al lugar donde viviste [&hellip;]<\/p>\n","protected":false},"author":1,"featured_media":30,"parent":0,"menu_order":0,"comment_status":"closed","ping_status":"closed","template":"","meta":{"_genesis_hide_title":false,"_genesis_hide_breadcrumbs":false,"_genesis_hide_singular_image":false,"_genesis_hide_footer_widgets":false,"_genesis_custom_body_class":"","_genesis_custom_post_class":"","_genesis_layout":""},"_links":{"self":[{"href":"https:\/\/iesbenjamin.educacion.navarra.es\/blogs\/50aniversario\/wp-json\/wp\/v2\/pages\/8"}],"collection":[{"href":"https:\/\/iesbenjamin.educacion.navarra.es\/blogs\/50aniversario\/wp-json\/wp\/v2\/pages"}],"about":[{"href":"https:\/\/iesbenjamin.educacion.navarra.es\/blogs\/50aniversario\/wp-json\/wp\/v2\/types\/page"}],"author":[{"embeddable":true,"href":"https:\/\/iesbenjamin.educacion.navarra.es\/blogs\/50aniversario\/wp-json\/wp\/v2\/users\/1"}],"replies":[{"embeddable":true,"href":"https:\/\/iesbenjamin.educacion.navarra.es\/blogs\/50aniversario\/wp-json\/wp\/v2\/comments?post=8"}],"version-history":[{"count":10,"href":"https:\/\/iesbenjamin.educacion.navarra.es\/blogs\/50aniversario\/wp-json\/wp\/v2\/pages\/8\/revisions"}],"predecessor-version":[{"id":23,"href":"https:\/\/iesbenjamin.educacion.navarra.es\/blogs\/50aniversario\/wp-json\/wp\/v2\/pages\/8\/revisions\/23"}],"wp:featuredmedia":[{"embeddable":true,"href":"https:\/\/iesbenjamin.educacion.navarra.es\/blogs\/50aniversario\/wp-json\/wp\/v2\/media\/30"}],"wp:attachment":[{"href":"https:\/\/iesbenjamin.educacion.navarra.es\/blogs\/50aniversario\/wp-json\/wp\/v2\/media?parent=8"}],"curies":[{"name":"wp","href":"https:\/\/api.w.org\/{rel}","templated":true}]}}