{"id":52,"date":"2016-02-03T09:41:25","date_gmt":"2016-02-03T08:41:25","guid":{"rendered":"http:\/\/iesbenjamin.educacion.navarra.es\/blogs\/50aniversario\/?page_id=52"},"modified":"2016-10-09T18:21:12","modified_gmt":"2016-10-09T16:21:12","slug":"programa","status":"publish","type":"page","link":"https:\/\/iesbenjamin.educacion.navarra.es\/blogs\/50aniversario\/programa\/","title":{"rendered":"PROGRAMA de ACTOS"},"content":{"rendered":"<p>&nbsp;<br \/>\n\n<table id=\"tablepress-1\" class=\"tablepress tablepress-id-1\">\n<thead>\n<tr class=\"row-1 odd\">\n\t<th class=\"column-1\">FECHA<\/th><th class=\"column-2\">EVENTO<\/th><th class=\"column-3\">COMENTARIO<\/th>\n<\/tr>\n<\/thead>\n<tbody class=\"row-hover\">\n<tr class=\"row-2 even\">\n\t<td class=\"column-1\">A\u00f1o 2016<\/td><td class=\"column-2\"><strong>CREACI\u00d3N DEL BLOG 50 ANIVERSARIO<\/strong><\/td><td class=\"column-3\">Abierto a la colaboraci\u00f3n de antiguos alumnos y profesores (fotos, v\u00eddeos y testimonios)<br \/>\nCoordinan: Fco. Javier Pascual, Javier Jim\u00e9nez, M.\u00aa Pilar Ciria, Rodrigo Jim\u00e9nez y Rafael Fern\u00e1ndez.<\/td>\n<\/tr>\n<tr class=\"row-3 odd\">\n\t<td class=\"column-1\">18-01-2016  hasta <br \/>\n14-03-2016<\/td><td class=\"column-2\"><strong>CONVOCATORIA DE MICRORRELATOS: \u201cBENJAM\u00cdN DE TUDELA\u201d<\/strong><\/td><td class=\"column-3\">Bases de participaci\u00f3n en la web: <a href=\"http:\/\/iesbenjamin.es\/es\/component\/content\/article\/93-50-aniversario\/714-microrrelatos-benjamin-de-tudela-50-aniversario\" target=\"_blank\">iesbenjamin.es<\/a> <br \/>\nOrganiza: Ana Mateo<\/td>\n<\/tr>\n<tr class=\"row-4 even\">\n\t<td class=\"column-1\">28 Enero 2016<\/td><td class=\"column-2\"><strong>CHARLA: \u201cBENJAM\u00cdN UN VIAJERO EN EL TIEMPO\u201d (28 enero 2016) <\/strong><\/td><td class=\"column-3\">Ponente: Jes\u00fas \u00c1lava. Para el alumnado de 3\u00ba ESO.<br\/> <a href=\"http:\/\/iesbenjamin.educacion.navarra.es\/blogs\/50aniversario\/2016\/02\/08\/1-evento-charla-jesus-alava\/\" target=\"_blank\">Ver cr\u00f3nica ACTO<\/a><br \/>\n<\/td>\n<\/tr>\n<tr class=\"row-5 odd\">\n\t<td class=\"column-1\">18 al 29 abril 2016<\/td><td class=\"column-2\"><strong>EXPOSICI\u00d3N: \u201cBENJAM\u00cdN Y LOS VIAJES\u201d <\/strong><\/td><td class=\"column-3\">Organiza: Departamento de Lengua Castellana<br \/>\n<\/td>\n<\/tr>\n<tr class=\"row-6 even\">\n\t<td class=\"column-1\">22 abril 2016<\/td><td class=\"column-2\"><strong>XXV CERTAMEN: \u201cPREMIOS A LA CREACI\u00d3N\u201d<\/strong><\/td><td class=\"column-3\">Alumnado de ESO y Bachillerato<br \/>\n<\/td>\n<\/tr>\n<tr class=\"row-7 odd\">\n\t<td class=\"column-1\">5 mayo 2016<\/td><td class=\"column-2\"><strong>CHARLA CONCIERTO: \u201cBENJAM\u00cdN, UN VIAJERO EN EL TIEMPO\u201d\t<\/strong><\/td><td class=\"column-3\">Impartida por Jes\u00fas \u00c1lava con m\u00fasica de Paco D\u00edez<br \/>\n<\/td>\n<\/tr>\n<tr class=\"row-8 even\">\n\t<td class=\"column-1\">11-15 mayo 2016<\/td><td class=\"column-2\"><strong>ENCUENTRO ESCOLAR: TARAZONA Y CALAHORRA <\/strong><\/td><td class=\"column-3\">Alumnado 2.\u00ba ESO<br \/>\nColabora: Red de Juder\u00edas<\/td>\n<\/tr>\n<tr class=\"row-9 odd\">\n\t<td class=\"column-1\">23-27 mayo 2016<\/td><td class=\"column-2\"><strong>La expresi\u00f3n de los sentimientos en el arte<\/strong><\/td><td class=\"column-3\">Alumnado 3.\u00ba ESO<br \/>\nOrganiza: Departamentos de M\u00fasica y Dibujo<\/td>\n<\/tr>\n<tr class=\"row-10 even\">\n\t<td class=\"column-1\">Junio 2016\t<\/td><td class=\"column-2\"><strong>EXPOSICI\u00d3N: \u201cHISTORIA DEL INSTITUTO BENJAM\u00cdN DE TUDELA\u201d <\/strong><\/td><td class=\"column-3\">Evoluci\u00f3n del centro a trav\u00e9s de objetos y fotograf\u00edas<br \/>\nOrganiza: Jos\u00e9 Ram\u00f3n Leandro<\/td>\n<\/tr>\n<tr class=\"row-11 odd\">\n\t<td class=\"column-1\">16 Junio 2016<\/td><td class=\"column-2\"><strong>CARRERA 5 KM. <\/strong><\/td><td class=\"column-3\">Abierto a la participaci\u00f3n de toda la comunidad escolar<br \/>\nOrganiza: Departamento de Educaci\u00f3n F\u00edsica<\/td>\n<\/tr>\n<tr class=\"row-12 even\">\n\t<td class=\"column-1\">21 Junio 2016<\/td><td class=\"column-2\"><strong>MESA REDONDA<\/strong><\/td><td class=\"column-3\">Representantes de direcciones del centro de los \u00faltimos a\u00f1os<br \/>\n<\/td>\n<\/tr>\n<tr class=\"row-13 odd\">\n\t<td class=\"column-1\">21 Junio 2016<\/td><td class=\"column-2\"><strong>COMIDA<\/<strong><\/td><td class=\"column-3\"><\/td>\n<\/tr>\n<tr class=\"row-14 even\">\n\t<td class=\"column-1\">16 Septiembre 2016<\/td><td class=\"column-2\"><strong>Apertura del curso 16-17<\/<strong><\/td><td class=\"column-3\">Con diferentes autoridades, incluida la Presidenta de la Comunidad Foral de Navarra, D\u00f1a. Uxue Barkos; <\/td>\n<\/tr>\n<tr class=\"row-15 odd\">\n\t<td class=\"column-1\">28 Octubre 2016<\/td><td class=\"column-2\"><strong>Cena antiguos alumnos<\/<strong><\/td><td class=\"column-3\">Cena de antiguos alumnos y profesores en Restaurante Bardenas - Tudela, A LAS 21:30. <\/td>\n<\/tr>\n<\/tbody>\n<\/table>\n<!-- #tablepress-1 from cache --><\/p>\n","protected":false},"excerpt":{"rendered":"<p>&nbsp;<\/p>\n","protected":false},"author":2,"featured_media":281,"parent":0,"menu_order":0,"comment_status":"closed","ping_status":"closed","template":"","meta":{"_genesis_hide_title":false,"_genesis_hide_breadcrumbs":false,"_genesis_hide_singular_image":false,"_genesis_hide_footer_widgets":false,"_genesis_custom_body_class":"","_genesis_custom_post_class":"","_genesis_layout":""},"_links":{"self":[{"href":"https:\/\/iesbenjamin.educacion.navarra.es\/blogs\/50aniversario\/wp-json\/wp\/v2\/pages\/52"}],"collection":[{"href":"https:\/\/iesbenjamin.educacion.navarra.es\/blogs\/50aniversario\/wp-json\/wp\/v2\/pages"}],"about":[{"href":"https:\/\/iesbenjamin.educacion.navarra.es\/blogs\/50aniversario\/wp-json\/wp\/v2\/types\/page"}],"author":[{"embeddable":true,"href":"https:\/\/iesbenjamin.educacion.navarra.es\/blogs\/50aniversario\/wp-json\/wp\/v2\/users\/2"}],"replies":[{"embeddable":true,"href":"https:\/\/iesbenjamin.educacion.navarra.es\/blogs\/50aniversario\/wp-json\/wp\/v2\/comments?post=52"}],"version-history":[{"count":28,"href":"https:\/\/iesbenjamin.educacion.navarra.es\/blogs\/50aniversario\/wp-json\/wp\/v2\/pages\/52\/revisions"}],"predecessor-version":[{"id":902,"href":"https:\/\/iesbenjamin.educacion.navarra.es\/blogs\/50aniversario\/wp-json\/wp\/v2\/pages\/52\/revisions\/902"}],"wp:featuredmedia":[{"embeddable":true,"href":"https:\/\/iesbenjamin.educacion.navarra.es\/blogs\/50aniversario\/wp-json\/wp\/v2\/media\/281"}],"wp:attachment":[{"href":"https:\/\/iesbenjamin.educacion.navarra.es\/blogs\/50aniversario\/wp-json\/wp\/v2\/media?parent=52"}],"curies":[{"name":"wp","href":"https:\/\/api.w.org\/{rel}","templated":true}]}}