{"id":34,"date":"2016-02-01T18:49:49","date_gmt":"2016-02-01T17:49:49","guid":{"rendered":"http:\/\/iesbenjamin.educacion.navarra.es\/blogs\/50aniversario\/?page_id=34"},"modified":"2016-02-18T18:59:21","modified_gmt":"2016-02-18T17:59:21","slug":"colabora","status":"publish","type":"page","link":"https:\/\/iesbenjamin.educacion.navarra.es\/blogs\/50aniversario\/colabora\/","title":{"rendered":"COLABORA"},"content":{"rendered":"<p><img loading=\"lazy\" class=\"aligncenter size-medium wp-image-42\" src=\"http:\/\/iesbenjamin.educacion.navarra.es\/blogs\/50aniversario\/wp-content\/uploads\/sites\/2\/2016\/02\/Facebook-300x119.jpg\" alt=\"Colabora 50 aniversario Benjamin Tudela\" width=\"592\" height=\"234\" srcset=\"https:\/\/iesbenjamin.educacion.navarra.es\/blogs\/50aniversario\/wp-content\/uploads\/sites\/2\/2016\/02\/Facebook-300x119.jpg 300w, https:\/\/iesbenjamin.educacion.navarra.es\/blogs\/50aniversario\/wp-content\/uploads\/sites\/2\/2016\/02\/Facebook.jpg 592w\" sizes=\"(max-width: 592px) 100vw, 592px\" \/><\/p>\n<p><strong>A todos los ex-alumnos, ex-profesores o cualquier miembro o antiguo miembro de la comunidad educativa del Instituto \u201cBenjam\u00edn de Tudela\u201d<\/strong><\/p>\n<p>En octubre de 2016 el instituto cumple 50 a\u00f1os.<br \/>\nEstamos preparando actividades para celebrarlo a lo largo del a\u00f1o. A trav\u00e9s de la prensa, de facebook y del sitio web del centro tendr\u00e9is noticias de ese programa.<br \/>\nHemos pensado que era el momento ideal para entrar en contacto con antiguos alumnos y crear, de alg\u00fan modo, comunidad. Esa gran comunidad de benjamines que existe, pero que no siempre hemos cuidado. Con ese fi<span class=\"text_exposed_show\">n te pedimos que nos env\u00edes a <a href=\"emailto:iesbenjamin.50aniversario@educacion.navarra.es\">iesbenjamin.50aniversario@educacion.navarra.es:<\/a><br \/>\n<\/span><\/p>\n<ul>\n<li><span class=\"text_exposed_show\">Una foto m\u00e1s o menos reciente. Preferentemente, con los miembros de tu familia que han estudiado o estudian aqu\u00ed (hermanos, padre\/madre e hijos) o con gente de tu clase o de tu curso con los que has mantenido relaci\u00f3n. Tampoco pasa nada si sales t\u00fa solo. Haznos constar nombre y a\u00f1os en el instituto de quienes aparecen, y, si quieren, d\u00f3nde viven y a qu\u00e9 se dedican (por ejemplo Juana G\u00f3mez P\u00e9rez \/ 1995-2002\/ Castej\u00f3n\/empleada de banca). Con todas las fotos intentaremos dar forma a un \u201cgran cat\u00e1logo del Benjam\u00edn de Tudela\u201d que muestre tambi\u00e9n la fidelidad que nos tienen las familias y las relaciones entre nuestros miembros.<\/span><\/li>\n<li><span class=\"text_exposed_show\">Un v\u00eddeo. Si lo prefieres, env\u00edanos un v\u00eddeo (de hasta 5 minutos y en un formato compatible con youtube, es decir .avi, .mp4, .wmv) y as\u00ed aprovechas para contar tu experiencia en el instituto. Recuerda que no falten los datos: nombre y a\u00f1os en el centro. El v\u00eddeo es especialmente interesante si ahora vives en un lugar ex\u00f3tico o lejano (benjamines por el mundo), pero tambi\u00e9n nos har\u00e1 ilusi\u00f3n si lo env\u00edas desde Cabanillas o Cervera, por ejemplo. TAMBI\u00c9N LO PUEDES SUBIR A YOUTUBE Y PASARNOS EL ENLACE\u00a0<\/span><\/li>\n<li><span class=\"text_exposed_show\">Cualquier documento escrito: una foto de tiempo atr\u00e1s comentada, un relato de tus experiencias en tal o cual curso o viaje de estudios, tus impresiones de la formaci\u00f3n que recibiste aqu\u00ed, tu homenaje a un compa\u00f1ero o a un profesor al que guardas estima\u2026 Cualquier cosa que consideres digna de compartir con esta comunidad.<br \/>\nDifunde este mensaje entre tus conocidos que pasaron por el Benjam\u00edn de Tudela. Nosotros iremos organizando todo lo que nos llegue este blog \u00a0<a href=\"http:\/\/iesbenjamin.educacion.navarra.es\/blogs\/50aniversario\" target=\"_blank\" rel=\"nofollow\">http:\/\/iesbenjamin.educacion.navarra.es\/blogs\/50aniversario<\/a><\/span><\/li>\n<\/ul>\n<p><span style=\"line-height: 1.5;\">El grupo de trabajo en este blog somos: Pilar Ciria (Lat\u00edn), Rafa Fern\u00e1ndez (Lengua), Javier Jim\u00e9nez (Inform\u00e1tica), Rodrigo Jim\u00e9nez (Director) y Javier Pascual (Griego). Contacta con nosotros para cualquier duda o sugerencia.<\/span><\/p>\n<p><strong>FOR FAVOR, DIFUNDE ESTA INFORMACI\u00d3N CON TUS CONTACTOS<\/strong><\/p>\n<p><span style=\"line-height: 1.5;\">Esperamos que disfrutes rememorando tus a\u00f1os de estudiante y, por el trocito que te toca, <strong>\u00a1FELIZ 50 ANIVERSARIO!<\/strong><\/span><\/p>\n<p>&nbsp;<\/p>\n","protected":false},"excerpt":{"rendered":"<p>A todos los ex-alumnos, ex-profesores o cualquier miembro o antiguo miembro de la comunidad educativa del Instituto \u201cBenjam\u00edn de Tudela\u201d En octubre de 2016 el instituto cumple 50 a\u00f1os. Estamos preparando actividades para celebrarlo a lo largo del a\u00f1o. A trav\u00e9s de la prensa, de facebook y del sitio web del centro tendr\u00e9is noticias de [&hellip;]<\/p>\n","protected":false},"author":1,"featured_media":254,"parent":0,"menu_order":0,"comment_status":"closed","ping_status":"closed","template":"","meta":{"_genesis_hide_title":false,"_genesis_hide_breadcrumbs":false,"_genesis_hide_singular_image":false,"_genesis_hide_footer_widgets":false,"_genesis_custom_body_class":"","_genesis_custom_post_class":"","_genesis_layout":""},"_links":{"self":[{"href":"https:\/\/iesbenjamin.educacion.navarra.es\/blogs\/50aniversario\/wp-json\/wp\/v2\/pages\/34"}],"collection":[{"href":"https:\/\/iesbenjamin.educacion.navarra.es\/blogs\/50aniversario\/wp-json\/wp\/v2\/pages"}],"about":[{"href":"https:\/\/iesbenjamin.educacion.navarra.es\/blogs\/50aniversario\/wp-json\/wp\/v2\/types\/page"}],"author":[{"embeddable":true,"href":"https:\/\/iesbenjamin.educacion.navarra.es\/blogs\/50aniversario\/wp-json\/wp\/v2\/users\/1"}],"replies":[{"embeddable":true,"href":"https:\/\/iesbenjamin.educacion.navarra.es\/blogs\/50aniversario\/wp-json\/wp\/v2\/comments?post=34"}],"version-history":[{"count":5,"href":"https:\/\/iesbenjamin.educacion.navarra.es\/blogs\/50aniversario\/wp-json\/wp\/v2\/pages\/34\/revisions"}],"predecessor-version":[{"id":45,"href":"https:\/\/iesbenjamin.educacion.navarra.es\/blogs\/50aniversario\/wp-json\/wp\/v2\/pages\/34\/revisions\/45"}],"wp:featuredmedia":[{"embeddable":true,"href":"https:\/\/iesbenjamin.educacion.navarra.es\/blogs\/50aniversario\/wp-json\/wp\/v2\/media\/254"}],"wp:attachment":[{"href":"https:\/\/iesbenjamin.educacion.navarra.es\/blogs\/50aniversario\/wp-json\/wp\/v2\/media?parent=34"}],"curies":[{"name":"wp","href":"https:\/\/api.w.org\/{rel}","templated":true}]}}